{"id":2287,"date":"2021-09-23T07:02:41","date_gmt":"2021-09-23T07:02:41","guid":{"rendered":"https:\/\/aeolusdigital.com\/privacy-policy\/"},"modified":"2025-08-27T14:40:54","modified_gmt":"2025-08-27T14:40:54","slug":"privacy-policy","status":"publish","type":"page","link":"https:\/\/aeolusdigital.com\/fr\/privacy-policy\/","title":{"rendered":"Politique de confidentialit\u00e9"},"content":{"rendered":"\n<p><strong>Politique de confidentialit\u00e9 d&rsquo;aeolusdigital.com<\/strong><\/p>\n\n<p>Type de site web : Commerce \u00e9lectronique<br\/>Date d&rsquo;entr\u00e9e en vigueur : 27\u00e8me jour de septembre 2021<\/p>\n\n<p>aeolusdigital.com (le \u00ab Site \u00bb) est d\u00e9tenu et exploit\u00e9 par Aeolus Digital Inc.. Aeolus Digital Inc. est le responsable du traitement des donn\u00e9es et peut \u00eatre contact\u00e9 \u00e0 :   <br\/><br\/>contact@aeolusdigital.com<br\/>________________________________________<br\/>1692 Conquerall Road, Conquerall Bank, NS, B4V0J9<\/p>\n\n<p><strong>Objectif<\/strong><br\/>L&rsquo;objectif de cette politique de confidentialit\u00e9 (cette \u00ab Politique de Confidentialit\u00e9 \u00bb) est d&rsquo;informer les utilisateurs de notre Site des \u00e9l\u00e9ments suivants :  <\/p>\n\n<ol class=\"wp-block-list\">\n<li>Les donn\u00e9es personnelles que nous collecterons ;<\/li>\n\n\n\n<li>L&rsquo;utilisation des donn\u00e9es collect\u00e9es ;<\/li>\n\n\n\n<li>Qui a acc\u00e8s aux donn\u00e9es collect\u00e9es ;<\/li>\n\n\n\n<li>Les droits des utilisateurs du Site ; et<\/li>\n\n\n\n<li>La politique relative aux cookies du Site.<\/li>\n<\/ol>\n\n<p>Cette Politique de Confidentialit\u00e9 s&rsquo;applique en compl\u00e9ment des conditions g\u00e9n\u00e9rales de notre Site.<\/p>\n\n<p><strong>RGPD<\/strong><br\/>Pour les utilisateurs de l&rsquo;Union europ\u00e9enne, nous adh\u00e9rons au R\u00e8glement (UE) 2016\/679 du Parlement europ\u00e9en et du Conseil du 27 avril 2016, connu sous le nom de R\u00e8glement g\u00e9n\u00e9ral sur la protection des donn\u00e9es (le \u00ab RGPD \u00bb). Pour les utilisateurs au Royaume-Uni, nous adh\u00e9rons au RGPD tel qu&rsquo;inscrit dans la Loi sur la protection des donn\u00e9es de 2018. <\/p>\n\n<p><strong>Consentement<\/strong><br\/>En utilisant notre Site, les utilisateurs acceptent qu&rsquo;ils consentent \u00e0 :<\/p>\n\n<ol class=\"wp-block-list\">\n<li>Les conditions \u00e9nonc\u00e9es dans cette Politique de Confidentialit\u00e9.<\/li>\n<\/ol>\n\n<p>Lorsque la base juridique pour le traitement de vos donn\u00e9es personnelles est que vous avez donn\u00e9 votre consentement \u00e0 ce traitement, vous pouvez retirer votre consentement \u00e0 tout moment. Si vous retirez votre consentement, cela ne rendra pas ill\u00e9gal le traitement que nous avons effectu\u00e9 avant que vous ne retiriez votre consentement. <\/p>\n\n<p>Vous pouvez retirer votre consentement en : Contactant le D\u00e9l\u00e9gu\u00e9 \u00e0 la Protection des Donn\u00e9es.<\/p>\n\n<p><strong>Base juridique du traitement<\/strong><br\/>Nous collectons et traitons les donn\u00e9es personnelles des utilisateurs dans l&rsquo;UE uniquement lorsque nous avons une base juridique pour le faire en vertu de l&rsquo;article 6 du RGPD. <br\/><br\/>Nous nous appuyons sur la base juridique suivante pour collecter et traiter les donn\u00e9es personnelles des utilisateurs dans l&rsquo;UE :<\/p>\n\n<ol class=\"wp-block-list\">\n<li>Les utilisateurs ont donn\u00e9 leur consentement au traitement de leurs donn\u00e9es \u00e0 une ou plusieurs fins sp\u00e9cifiques.<\/li>\n<\/ol>\n\n<p><strong>Donn\u00e9es personnelles que nous collectons<\/strong><br\/>Nous ne collectons que les donn\u00e9es qui nous aident \u00e0 atteindre l&rsquo;objectif \u00e9nonc\u00e9 dans cette Politique de Confidentialit\u00e9. Nous ne collecterons pas de donn\u00e9es suppl\u00e9mentaires au-del\u00e0 des donn\u00e9es \u00e9num\u00e9r\u00e9es ci-dessous sans vous en informer au pr\u00e9alable. <br\/><\/p>\n\n<p>Donn\u00e9es collect\u00e9es automatiquement<br\/>Lorsque vous visitez et utilisez notre Site, nous pouvons collecter et stocker automatiquement les informations suivantes :<\/p>\n\n<ol class=\"wp-block-list\">\n<li>Adresse IP ;<\/li>\n\n\n\n<li>Localisation ;<\/li>\n\n\n\n<li>Liens cliqu\u00e9s ; et<\/li>\n\n\n\n<li>Contenu consult\u00e9.<\/li>\n<\/ol>\n\n<p>Donn\u00e9es collect\u00e9es de mani\u00e8re non automatique<br\/>Nous pouvons \u00e9galement collecter les donn\u00e9es suivantes lorsque vous effectuez certaines fonctions sur notre Site :<\/p>\n\n<ol class=\"wp-block-list\">\n<li>Pr\u00e9nom et nom ;<\/li>\n\n\n\n<li>Adresse e-mail ;<\/li>\n\n\n\n<li>Num\u00e9ro de t\u00e9l\u00e9phone ; et<\/li>\n\n\n\n<li>Donn\u00e9es de remplissage automatique.<\/li>\n<\/ol>\n\n<p>Ces donn\u00e9es peuvent \u00eatre collect\u00e9es \u00e0 l&rsquo;aide des m\u00e9thodes suivantes :<\/p>\n\n<ol class=\"wp-block-list\">\n<li>Remplir le formulaire de contact.<\/li>\n<\/ol>\n\n<p><strong>Comment nous utilisons les donn\u00e9es personnelles<\/strong><br\/>Les donn\u00e9es collect\u00e9es sur notre Site ne seront utilis\u00e9es qu&rsquo;aux fins sp\u00e9cifi\u00e9es dans cette Politique de Confidentialit\u00e9 ou indiqu\u00e9es sur les pages pertinentes de notre Site. Nous n&rsquo;utiliserons pas vos donn\u00e9es au-del\u00e0 de ce que nous divulguons dans cette Politique de Confidentialit\u00e9. <br\/><br\/>Les donn\u00e9es que nous collectons automatiquement sont utilis\u00e9es aux fins suivantes :<\/p>\n\n<ol class=\"wp-block-list\">\n<li>Statistiques et analyse de donn\u00e9es.<\/li>\n<\/ol>\n\n<p>Les donn\u00e9es que nous collectons lorsque l&rsquo;utilisateur ex\u00e9cute certaines fonctions peuvent \u00eatre utilis\u00e9es aux fins suivantes :<\/p>\n\n<ol class=\"wp-block-list\">\n<li>Communication.<\/li>\n<\/ol>\n\n<p><strong>Avec qui nous partageons les donn\u00e9es personnelles<\/strong><br\/>Employ\u00e9s<br\/>Nous pouvons divulguer les donn\u00e9es des utilisateurs \u00e0 tout membre de notre organisation qui a raisonnablement besoin d&rsquo;acc\u00e9der aux donn\u00e9es des utilisateurs pour atteindre les objectifs \u00e9nonc\u00e9s dans cette Politique de Confidentialit\u00e9.<\/p>\n\n<p>Autres divulgations<br\/>Nous ne vendrons ni ne partagerons vos donn\u00e9es avec d&rsquo;autres tiers, sauf dans les cas suivants :<\/p>\n\n<ol class=\"wp-block-list\">\n<li>Si la loi l&rsquo;exige ;<\/li>\n\n\n\n<li>Si cela est n\u00e9cessaire pour toute proc\u00e9dure judiciaire ;<\/li>\n\n\n\n<li>Pour prouver ou prot\u00e9ger nos droits l\u00e9gaux ; et<\/li>\n\n\n\n<li>Aux acheteurs ou acheteurs potentiels de cette entreprise dans le cas o\u00f9 nous chercherions \u00e0 vendre l&rsquo;entreprise.<\/li>\n<\/ol>\n\n<p>Si vous suivez des hyperliens de notre Site vers un autre Site, veuillez noter que nous ne sommes pas responsables et n&rsquo;avons aucun contr\u00f4le sur leurs politiques et pratiques de confidentialit\u00e9.<\/p>\n\n<p><strong>Dur\u00e9e de conservation des donn\u00e9es personnelles<\/strong><br\/>Les donn\u00e9es des utilisateurs seront conserv\u00e9es jusqu&rsquo;\u00e0 ce que l&rsquo;objectif pour lequel les donn\u00e9es ont \u00e9t\u00e9 collect\u00e9es soit atteint.<br\/><br\/>Vous serez inform\u00e9 si vos donn\u00e9es sont conserv\u00e9es plus longtemps que cette p\u00e9riode.<\/p>\n\n<p><strong>Comment nous prot\u00e9geons vos donn\u00e9es personnelles<\/strong><br\/>Afin de prot\u00e9ger votre s\u00e9curit\u00e9, nous utilisons le chiffrement de navigateur le plus puissant disponible et stockons toutes nos donn\u00e9es sur des serveurs dans des installations s\u00e9curis\u00e9es. Toutes les donn\u00e9es ne sont accessibles qu&rsquo;\u00e0 nos employ\u00e9s. Nos employ\u00e9s sont li\u00e9s par des accords de confidentialit\u00e9 stricts et une violation de cet accord entra\u00eenerait le licenciement de l&#8217;employ\u00e9.  <br\/><br\/>Bien que nous prenions toutes les pr\u00e9cautions raisonnables pour garantir que les donn\u00e9es des utilisateurs sont s\u00e9curis\u00e9es et que les utilisateurs sont prot\u00e9g\u00e9s, il existe toujours un risque de pr\u00e9judice. Internet dans son ensemble peut \u00eatre peu s\u00fbr par moments et nous ne sommes donc pas en mesure de garantir la s\u00e9curit\u00e9 des donn\u00e9es des utilisateurs au-del\u00e0 de ce qui est raisonnablement pratique. <\/p>\n\n<p><strong>Vos droits en tant qu&rsquo;utilisateur<\/strong><br\/>En vertu du RGPD, vous disposez des droits suivants :<\/p>\n\n<ol class=\"wp-block-list\">\n<li>Droit d&rsquo;\u00eatre inform\u00e9 ;<\/li>\n\n\n\n<li>Droit d&rsquo;acc\u00e8s ;<\/li>\n\n\n\n<li>Droit de rectification ;<\/li>\n\n\n\n<li>Droit \u00e0 l&rsquo;effacement ;<\/li>\n\n\n\n<li>Droit \u00e0 la limitation du traitement ;<\/li>\n\n\n\n<li>Droit \u00e0 la portabilit\u00e9 des donn\u00e9es ; et<\/li>\n\n\n\n<li>Droit d&rsquo;opposition.<\/li>\n<\/ol>\n\n<p><strong>Enfants<\/strong><br\/>Nous ne collectons ni n&rsquo;utilisons sciemment de donn\u00e9es personnelles d&rsquo;enfants de moins de 16 ans. Si nous apprenons que nous avons collect\u00e9 des donn\u00e9es personnelles d&rsquo;un enfant de moins de 16 ans, les donn\u00e9es personnelles seront supprim\u00e9es d\u00e8s que possible. Si un enfant de moins de 16 ans nous a fourni des donn\u00e9es personnelles, son parent ou tuteur peut contacter notre d\u00e9l\u00e9gu\u00e9 \u00e0 la protection des donn\u00e9es.  <\/p>\n\n<p><strong>Comment acc\u00e9der, modifier, supprimer ou contester les donn\u00e9es collect\u00e9es<\/strong><br\/>Si vous souhaitez savoir si nous avons collect\u00e9 vos donn\u00e9es personnelles, comment nous avons utilis\u00e9 vos donn\u00e9es personnelles, si nous avons divulgu\u00e9 vos donn\u00e9es personnelles et \u00e0 qui nous avons divulgu\u00e9 vos donn\u00e9es personnelles, si vous souhaitez que vos donn\u00e9es soient supprim\u00e9es ou modifi\u00e9es de quelque mani\u00e8re que ce soit, ou si vous souhaitez exercer l&rsquo;un de vos autres droits en vertu du RGPD, veuillez contacter notre d\u00e9l\u00e9gu\u00e9 \u00e0 la protection des donn\u00e9es ici :<br\/><br\/>Benjamin Lefebvre<br\/>contact@aeolusdigital.com<br\/>________________________________________<br\/>3109 Victoria Street, Oakville, ON, L6L1J9<\/p>\n\n<p><strong>Avis Ne pas suivre<\/strong><br\/>Ne pas suivre (\u00ab DNT \u00bb) est une pr\u00e9f\u00e9rence de confidentialit\u00e9 que vous pouvez d\u00e9finir dans certains navigateurs web. Nous r\u00e9pondons aux signaux DNT initi\u00e9s par le navigateur. Si nous recevons un signal DNT indiquant qu&rsquo;un utilisateur ne souhaite pas \u00eatre suivi, nous ne suivrons pas cet utilisateur.  <\/p>\n\n<p><strong>Politique relative aux cookies<\/strong><br\/>Un cookie est un petit fichier, stock\u00e9 sur le disque dur d&rsquo;un utilisateur par un site web. Son objectif est de collecter des donn\u00e9es relatives aux habitudes de navigation de l&rsquo;utilisateur. Vous pouvez choisir d&rsquo;\u00eatre notifi\u00e9 chaque fois qu&rsquo;un cookie est transmis. Vous pouvez \u00e9galement choisir de d\u00e9sactiver compl\u00e8tement les cookies dans votre navigateur Internet, mais cela peut diminuer la qualit\u00e9 de votre exp\u00e9rience utilisateur.   <\/p>\n\n<p>Nous utilisons les types de cookies suivants sur notre Site :<\/p>\n\n<ol class=\"wp-block-list\">\n<li>Cookies analytiques<br\/>Les cookies analytiques nous permettent d&rsquo;am\u00e9liorer la conception et la fonctionnalit\u00e9 de notre Site en collectant des donn\u00e9es sur la fa\u00e7on dont vous acc\u00e9dez \u00e0 notre Site, par exemple des donn\u00e9es sur le contenu auquel vous acc\u00e9dez, combien de temps vous restez sur notre Site, etc. ;<\/li>\n\n\n\n<li>Cookies de ciblage<br\/>Les cookies de ciblage collectent des donn\u00e9es sur la fa\u00e7on dont vous utilisez le Site et vos pr\u00e9f\u00e9rences. Cela nous permet de personnaliser les informations que vous voyez sur notre Site pour vous ; et <\/li>\n\n\n\n<li>Cookies tiers<br>Les cookies tiers sont cr\u00e9\u00e9s par un site web autre que le n\u00f4tre. Nous pouvons utiliser des cookies tiers pour atteindre les objectifs suivants : \n<ol start=\"1\" class=\"wp-block-list\">\n<li>Surveiller les pr\u00e9f\u00e9rences des utilisateurs pour adapter les publicit\u00e9s \u00e0 leurs int\u00e9r\u00eats.<\/li>\n<\/ol>\n<\/li>\n<\/ol>\n\n<p><strong>Modifications<\/strong><br\/>Cette Politique de Confidentialit\u00e9 peut \u00eatre modifi\u00e9e de temps \u00e0 autre afin de maintenir la conformit\u00e9 avec la loi et de refl\u00e9ter tout changement dans notre processus de collecte de donn\u00e9es. Lorsque nous modifions cette Politique de Confidentialit\u00e9, nous mettons \u00e0 jour la \u00ab Date d&rsquo;entr\u00e9e en vigueur \u00bb en haut de cette Politique de Confidentialit\u00e9. Nous recommandons \u00e0 nos utilisateurs de consulter p\u00e9riodiquement notre Politique de Confidentialit\u00e9 pour s&rsquo;assurer qu&rsquo;ils sont inform\u00e9s de toute mise \u00e0 jour. Si n\u00e9cessaire, nous pouvons informer les utilisateurs par e-mail des modifications apport\u00e9es \u00e0 cette Politique de Confidentialit\u00e9.   <\/p>\n\n<p><strong>Plaintes<\/strong><br\/>Si vous avez des plaintes concernant la fa\u00e7on dont nous traitons vos donn\u00e9es personnelles, veuillez nous contacter par les m\u00e9thodes de contact indiqu\u00e9es dans la section <em>Informations de contact<\/em> afin que nous puissions, dans la mesure du possible, r\u00e9soudre le probl\u00e8me. Si vous estimez que nous n&rsquo;avons pas r\u00e9pondu \u00e0 votre pr\u00e9occupation de mani\u00e8re satisfaisante, vous pouvez contacter une autorit\u00e9 de contr\u00f4le. Vous avez \u00e9galement le droit de d\u00e9poser directement une plainte aupr\u00e8s d&rsquo;une autorit\u00e9 de contr\u00f4le. Vous pouvez d\u00e9poser une plainte aupr\u00e8s d&rsquo;une autorit\u00e9 de contr\u00f4le en contactant le _____________________________________________________________________________.   <\/p>\n\n<p><strong>Informations de contact<\/strong><br\/>Si vous avez des questions, des pr\u00e9occupations ou des plaintes, vous pouvez contacter notre d\u00e9l\u00e9gu\u00e9 \u00e0 la protection des donn\u00e9es, Benjamin Lefebvre, \u00e0 :<br\/><br\/>contact@aeolusdigital.com<br\/>________________________________________<br\/>1692 Conquerall Road, Conquerall Bank, NS, B4V0J9<\/p>\n","protected":false},"excerpt":{"rendered":"<p>Politique de confidentialit\u00e9 d&rsquo;aeolusdigital.com Type de site web : Commerce \u00e9lectroniqueDate d&rsquo;entr\u00e9e en vigueur : 27\u00e8me jour de septembre 2021 aeolusdigital.com (le \u00ab Site \u00bb) est d\u00e9tenu et exploit\u00e9 par&#8230; &nbsp; <a class=\"read-more\" href=\"https:\/\/aeolusdigital.com\/fr\/privacy-policy\/\">Read More<\/a><\/p>\n","protected":false},"author":3,"featured_media":0,"parent":0,"menu_order":0,"comment_status":"closed","ping_status":"open","template":"","meta":{"_acf_changed":false,"inline_featured_image":false,"footnotes":""},"class_list":["post-2287","page","type-page","status-publish","hentry"],"acf":[],"yoast_head":"<!-- This site is optimized with the Yoast SEO plugin v25.6 - https:\/\/yoast.com\/wordpress\/plugins\/seo\/ -->\n<title>Politique de confidentialit\u00e9 - aeolus digital<\/title>\n<meta name=\"description\" content=\"D\u00e9couvrez comment Aeolus Digital prot\u00e8ge vos donn\u00e9es et assure la s\u00e9curit\u00e9 de vos informations.\" \/>\n<meta name=\"robots\" content=\"index, follow, max-snippet:-1, max-image-preview:large, max-video-preview:-1\" \/>\n<link rel=\"canonical\" href=\"https:\/\/aeolusdigital.com\/fr\/privacy-policy\/\" \/>\n<meta property=\"og:locale\" content=\"fr_FR\" \/>\n<meta property=\"og:type\" content=\"article\" \/>\n<meta property=\"og:title\" content=\"Politique de confidentialit\u00e9 - aeolus digital\" \/>\n<meta property=\"og:description\" content=\"D\u00e9couvrez comment Aeolus Digital prot\u00e8ge vos donn\u00e9es et assure la s\u00e9curit\u00e9 de vos informations.\" \/>\n<meta property=\"og:url\" content=\"https:\/\/aeolusdigital.com\/fr\/privacy-policy\/\" \/>\n<meta property=\"og:site_name\" content=\"Aeolus Digital\" \/>\n<meta property=\"article:publisher\" content=\"https:\/\/www.facebook.com\/aeolusdigital\/\" \/>\n<meta property=\"article:modified_time\" content=\"2025-08-27T14:40:54+00:00\" \/>\n<meta property=\"og:image\" content=\"https:\/\/aeolusdigital.com\/wp-content\/uploads\/2022\/01\/Logo-Dark-WhiteBG.png\" \/>\n\t<meta property=\"og:image:width\" content=\"1080\" \/>\n\t<meta property=\"og:image:height\" content=\"1080\" \/>\n\t<meta property=\"og:image:type\" content=\"image\/png\" \/>\n<meta name=\"twitter:card\" content=\"summary_large_image\" \/>\n<meta name=\"twitter:label1\" content=\"Dur\u00e9e de lecture estim\u00e9e\" \/>\n\t<meta name=\"twitter:data1\" content=\"8 minutes\" \/>\n<script type=\"application\/ld+json\" class=\"yoast-schema-graph\">{\"@context\":\"https:\/\/schema.org\",\"@graph\":[{\"@type\":\"WebPage\",\"@id\":\"https:\/\/aeolusdigital.com\/fr\/privacy-policy\/\",\"url\":\"https:\/\/aeolusdigital.com\/fr\/privacy-policy\/\",\"name\":\"Politique de confidentialit\u00e9 - aeolus digital\",\"isPartOf\":{\"@id\":\"https:\/\/aeolusdigital.com\/fr\/#website\"},\"datePublished\":\"2021-09-23T07:02:41+00:00\",\"dateModified\":\"2025-08-27T14:40:54+00:00\",\"description\":\"D\u00e9couvrez comment Aeolus Digital prot\u00e8ge vos donn\u00e9es et assure la s\u00e9curit\u00e9 de vos informations.\",\"breadcrumb\":{\"@id\":\"https:\/\/aeolusdigital.com\/fr\/privacy-policy\/#breadcrumb\"},\"inLanguage\":\"fr-FR\",\"potentialAction\":[{\"@type\":\"ReadAction\",\"target\":[\"https:\/\/aeolusdigital.com\/fr\/privacy-policy\/\"]}]},{\"@type\":\"BreadcrumbList\",\"@id\":\"https:\/\/aeolusdigital.com\/fr\/privacy-policy\/#breadcrumb\",\"itemListElement\":[{\"@type\":\"ListItem\",\"position\":1,\"name\":\"Home\",\"item\":\"https:\/\/aeolusdigital.com\/fr\/\"},{\"@type\":\"ListItem\",\"position\":2,\"name\":\"Politique de confidentialit\u00e9\"}]},{\"@type\":\"WebSite\",\"@id\":\"https:\/\/aeolusdigital.com\/fr\/#website\",\"url\":\"https:\/\/aeolusdigital.com\/fr\/\",\"name\":\"Aeolus Digital Inc.\",\"description\":\"Local, National and International Digital Marketing &amp; Lead Generation - Aeolus Digital\",\"publisher\":{\"@id\":\"https:\/\/aeolusdigital.com\/fr\/#organization\"},\"alternateName\":\"Aeolus\",\"potentialAction\":[{\"@type\":\"SearchAction\",\"target\":{\"@type\":\"EntryPoint\",\"urlTemplate\":\"https:\/\/aeolusdigital.com\/fr\/?s={search_term_string}\"},\"query-input\":{\"@type\":\"PropertyValueSpecification\",\"valueRequired\":true,\"valueName\":\"search_term_string\"}}],\"inLanguage\":\"fr-FR\"},{\"@type\":\"Organization\",\"@id\":\"https:\/\/aeolusdigital.com\/fr\/#organization\",\"name\":\"Aeolus Digital Inc.\",\"alternateName\":\"Aeolus\",\"url\":\"https:\/\/aeolusdigital.com\/fr\/\",\"logo\":{\"@type\":\"ImageObject\",\"inLanguage\":\"fr-FR\",\"@id\":\"https:\/\/aeolusdigital.com\/fr\/#\/schema\/logo\/image\/\",\"url\":\"https:\/\/aeolusdigital.com\/wp-content\/uploads\/2022\/01\/Logo-Dark-WhiteBG.png\",\"contentUrl\":\"https:\/\/aeolusdigital.com\/wp-content\/uploads\/2022\/01\/Logo-Dark-WhiteBG.png\",\"width\":1080,\"height\":1080,\"caption\":\"Aeolus Digital Inc.\"},\"image\":{\"@id\":\"https:\/\/aeolusdigital.com\/fr\/#\/schema\/logo\/image\/\"},\"sameAs\":[\"https:\/\/www.facebook.com\/aeolusdigital\/\",\"https:\/\/www.linkedin.com\/company\/\u00e6olus-digital\/\",\"https:\/\/www.instagram.com\/aeolusdigital\/\",\"https:\/\/www.tiktok.com\/@aeolusdigital\"]}]}<\/script>\n<!-- \/ Yoast SEO plugin. -->","yoast_head_json":{"title":"Politique de confidentialit\u00e9 - aeolus digital","description":"D\u00e9couvrez comment Aeolus Digital prot\u00e8ge vos donn\u00e9es et assure la s\u00e9curit\u00e9 de vos informations.","robots":{"index":"index","follow":"follow","max-snippet":"max-snippet:-1","max-image-preview":"max-image-preview:large","max-video-preview":"max-video-preview:-1"},"canonical":"https:\/\/aeolusdigital.com\/fr\/privacy-policy\/","og_locale":"fr_FR","og_type":"article","og_title":"Politique de confidentialit\u00e9 - aeolus digital","og_description":"D\u00e9couvrez comment Aeolus Digital prot\u00e8ge vos donn\u00e9es et assure la s\u00e9curit\u00e9 de vos informations.","og_url":"https:\/\/aeolusdigital.com\/fr\/privacy-policy\/","og_site_name":"Aeolus Digital","article_publisher":"https:\/\/www.facebook.com\/aeolusdigital\/","article_modified_time":"2025-08-27T14:40:54+00:00","og_image":[{"width":1080,"height":1080,"url":"https:\/\/aeolusdigital.com\/wp-content\/uploads\/2022\/01\/Logo-Dark-WhiteBG.png","type":"image\/png"}],"twitter_card":"summary_large_image","twitter_misc":{"Dur\u00e9e de lecture estim\u00e9e":"8 minutes"},"schema":{"@context":"https:\/\/schema.org","@graph":[{"@type":"WebPage","@id":"https:\/\/aeolusdigital.com\/fr\/privacy-policy\/","url":"https:\/\/aeolusdigital.com\/fr\/privacy-policy\/","name":"Politique de confidentialit\u00e9 - aeolus digital","isPartOf":{"@id":"https:\/\/aeolusdigital.com\/fr\/#website"},"datePublished":"2021-09-23T07:02:41+00:00","dateModified":"2025-08-27T14:40:54+00:00","description":"D\u00e9couvrez comment Aeolus Digital prot\u00e8ge vos donn\u00e9es et assure la s\u00e9curit\u00e9 de vos informations.","breadcrumb":{"@id":"https:\/\/aeolusdigital.com\/fr\/privacy-policy\/#breadcrumb"},"inLanguage":"fr-FR","potentialAction":[{"@type":"ReadAction","target":["https:\/\/aeolusdigital.com\/fr\/privacy-policy\/"]}]},{"@type":"BreadcrumbList","@id":"https:\/\/aeolusdigital.com\/fr\/privacy-policy\/#breadcrumb","itemListElement":[{"@type":"ListItem","position":1,"name":"Home","item":"https:\/\/aeolusdigital.com\/fr\/"},{"@type":"ListItem","position":2,"name":"Politique de confidentialit\u00e9"}]},{"@type":"WebSite","@id":"https:\/\/aeolusdigital.com\/fr\/#website","url":"https:\/\/aeolusdigital.com\/fr\/","name":"Aeolus Digital Inc.","description":"Local, National and International Digital Marketing &amp; Lead Generation - Aeolus Digital","publisher":{"@id":"https:\/\/aeolusdigital.com\/fr\/#organization"},"alternateName":"Aeolus","potentialAction":[{"@type":"SearchAction","target":{"@type":"EntryPoint","urlTemplate":"https:\/\/aeolusdigital.com\/fr\/?s={search_term_string}"},"query-input":{"@type":"PropertyValueSpecification","valueRequired":true,"valueName":"search_term_string"}}],"inLanguage":"fr-FR"},{"@type":"Organization","@id":"https:\/\/aeolusdigital.com\/fr\/#organization","name":"Aeolus Digital Inc.","alternateName":"Aeolus","url":"https:\/\/aeolusdigital.com\/fr\/","logo":{"@type":"ImageObject","inLanguage":"fr-FR","@id":"https:\/\/aeolusdigital.com\/fr\/#\/schema\/logo\/image\/","url":"https:\/\/aeolusdigital.com\/wp-content\/uploads\/2022\/01\/Logo-Dark-WhiteBG.png","contentUrl":"https:\/\/aeolusdigital.com\/wp-content\/uploads\/2022\/01\/Logo-Dark-WhiteBG.png","width":1080,"height":1080,"caption":"Aeolus Digital Inc."},"image":{"@id":"https:\/\/aeolusdigital.com\/fr\/#\/schema\/logo\/image\/"},"sameAs":["https:\/\/www.facebook.com\/aeolusdigital\/","https:\/\/www.linkedin.com\/company\/\u00e6olus-digital\/","https:\/\/www.instagram.com\/aeolusdigital\/","https:\/\/www.tiktok.com\/@aeolusdigital"]}]}},"_links":{"self":[{"href":"https:\/\/aeolusdigital.com\/fr\/wp-json\/wp\/v2\/pages\/2287"}],"collection":[{"href":"https:\/\/aeolusdigital.com\/fr\/wp-json\/wp\/v2\/pages"}],"about":[{"href":"https:\/\/aeolusdigital.com\/fr\/wp-json\/wp\/v2\/types\/page"}],"author":[{"embeddable":true,"href":"https:\/\/aeolusdigital.com\/fr\/wp-json\/wp\/v2\/users\/3"}],"replies":[{"embeddable":true,"href":"https:\/\/aeolusdigital.com\/fr\/wp-json\/wp\/v2\/comments?post=2287"}],"version-history":[{"count":2,"href":"https:\/\/aeolusdigital.com\/fr\/wp-json\/wp\/v2\/pages\/2287\/revisions"}],"predecessor-version":[{"id":2289,"href":"https:\/\/aeolusdigital.com\/fr\/wp-json\/wp\/v2\/pages\/2287\/revisions\/2289"}],"wp:attachment":[{"href":"https:\/\/aeolusdigital.com\/fr\/wp-json\/wp\/v2\/media?parent=2287"}],"curies":[{"name":"wp","href":"https:\/\/api.w.org\/{rel}","templated":true}]}}