{"id":2278,"date":"2021-09-23T07:22:08","date_gmt":"2021-09-23T07:22:08","guid":{"rendered":"https:\/\/aeolusdigital.com\/contact-us\/"},"modified":"2025-08-27T19:34:04","modified_gmt":"2025-08-27T19:34:04","slug":"contactez-nous","status":"publish","type":"page","link":"https:\/\/aeolusdigital.com\/fr\/contactez-nous\/","title":{"rendered":"Contactez-nous"},"content":{"rendered":"\n<p>Notre conviction est simple mais puissante : une entreprise qui incarne une image de marque forte, un message clair et de la coh\u00e9rence peut conna\u00eetre une croissance r\u00e9guli\u00e8re et durable. Nous sommes passionn\u00e9s par l&rsquo;id\u00e9e d&rsquo;aider des entreprises comme la v\u00f4tre \u00e0 r\u00e9ussir et \u00e0 r\u00e9aliser leur plein potentiel. La premi\u00e8re \u00e9tape vers l&rsquo;atteinte de vos objectifs est de nous contacter. Ensemble, nous \u00e9laborerons une strat\u00e9gie qui s&rsquo;aligne sur votre vision et vos valeurs et qui vous aide \u00e0 obtenir les r\u00e9sultats que vous recherchez. Unissons nos forces et amenons votre entreprise vers de nouveaux sommets de r\u00e9ussite.    <\/p>\n","protected":false},"excerpt":{"rendered":"<p>Notre conviction est simple mais puissante : une entreprise qui incarne une image de marque forte, un message clair et de la coh\u00e9rence peut conna\u00eetre une croissance r\u00e9guli\u00e8re et durable&#8230;. &nbsp; <a class=\"read-more\" href=\"https:\/\/aeolusdigital.com\/fr\/contactez-nous\/\">Read More<\/a><\/p>\n","protected":false},"author":3,"featured_media":1583,"parent":0,"menu_order":0,"comment_status":"closed","ping_status":"closed","template":"templates\/tpl-contact-us.php","meta":{"_acf_changed":false,"inline_featured_image":false,"footnotes":""},"class_list":["post-2278","page","type-page","status-publish","has-post-thumbnail","hentry"],"acf":[],"yoast_head":"<!-- This site is optimized with the Yoast SEO plugin v25.6 - https:\/\/yoast.com\/wordpress\/plugins\/seo\/ -->\n<title>Contactez Aeolus Digital : apprenons \u00e0 nous conna\u00eetre !<\/title>\n<meta name=\"description\" content=\"Contactez Aeolus Digital pour d\u00e9couvrir si nous correspondons \u00e0 vos besoins. Prenez contact d\u00e8s aujourd&#039;hui pour commencer votre parcours num\u00e9rique.\" \/>\n<meta name=\"robots\" content=\"index, follow, max-snippet:-1, max-image-preview:large, max-video-preview:-1\" \/>\n<link rel=\"canonical\" href=\"https:\/\/aeolusdigital.com\/fr\/contactez-nous\/\" \/>\n<meta property=\"og:locale\" content=\"fr_FR\" \/>\n<meta property=\"og:type\" content=\"article\" \/>\n<meta property=\"og:title\" content=\"Contactez Aeolus Digital : apprenons \u00e0 nous conna\u00eetre !\" \/>\n<meta property=\"og:description\" content=\"Contactez Aeolus Digital pour d\u00e9couvrir si nous correspondons \u00e0 vos besoins. Prenez contact d\u00e8s aujourd&#039;hui pour commencer votre parcours num\u00e9rique.\" \/>\n<meta property=\"og:url\" content=\"https:\/\/aeolusdigital.com\/fr\/contactez-nous\/\" \/>\n<meta property=\"og:site_name\" content=\"Aeolus Digital\" \/>\n<meta property=\"article:publisher\" content=\"https:\/\/www.facebook.com\/aeolusdigital\/\" \/>\n<meta property=\"article:modified_time\" content=\"2025-08-27T19:34:04+00:00\" \/>\n<meta property=\"og:image\" content=\"https:\/\/aeolusdigital.com\/wp-content\/uploads\/2021\/09\/contact-banner-bg-scaled.jpg\" \/>\n\t<meta property=\"og:image:width\" content=\"2560\" \/>\n\t<meta property=\"og:image:height\" content=\"1035\" \/>\n\t<meta property=\"og:image:type\" content=\"image\/jpeg\" \/>\n<meta name=\"twitter:card\" content=\"summary_large_image\" \/>\n<meta name=\"twitter:label1\" content=\"Dur\u00e9e de lecture estim\u00e9e\" \/>\n\t<meta name=\"twitter:data1\" content=\"1 minute\" \/>\n<script type=\"application\/ld+json\" class=\"yoast-schema-graph\">{\"@context\":\"https:\/\/schema.org\",\"@graph\":[{\"@type\":\"WebPage\",\"@id\":\"https:\/\/aeolusdigital.com\/fr\/contactez-nous\/\",\"url\":\"https:\/\/aeolusdigital.com\/fr\/contactez-nous\/\",\"name\":\"Contactez Aeolus Digital : apprenons \u00e0 nous conna\u00eetre !\",\"isPartOf\":{\"@id\":\"https:\/\/aeolusdigital.com\/fr\/#website\"},\"primaryImageOfPage\":{\"@id\":\"https:\/\/aeolusdigital.com\/fr\/contactez-nous\/#primaryimage\"},\"image\":{\"@id\":\"https:\/\/aeolusdigital.com\/fr\/contactez-nous\/#primaryimage\"},\"thumbnailUrl\":\"https:\/\/aeolusdigital.com\/wp-content\/uploads\/2021\/09\/contact-banner-bg-scaled.jpg\",\"datePublished\":\"2021-09-23T07:22:08+00:00\",\"dateModified\":\"2025-08-27T19:34:04+00:00\",\"description\":\"Contactez Aeolus Digital pour d\u00e9couvrir si nous correspondons \u00e0 vos besoins. Prenez contact d\u00e8s aujourd'hui pour commencer votre parcours num\u00e9rique.\",\"breadcrumb\":{\"@id\":\"https:\/\/aeolusdigital.com\/fr\/contactez-nous\/#breadcrumb\"},\"inLanguage\":\"fr-FR\",\"potentialAction\":[{\"@type\":\"ReadAction\",\"target\":[\"https:\/\/aeolusdigital.com\/fr\/contactez-nous\/\"]}]},{\"@type\":\"ImageObject\",\"inLanguage\":\"fr-FR\",\"@id\":\"https:\/\/aeolusdigital.com\/fr\/contactez-nous\/#primaryimage\",\"url\":\"https:\/\/aeolusdigital.com\/wp-content\/uploads\/2021\/09\/contact-banner-bg-scaled.jpg\",\"contentUrl\":\"https:\/\/aeolusdigital.com\/wp-content\/uploads\/2021\/09\/contact-banner-bg-scaled.jpg\",\"width\":2560,\"height\":1035},{\"@type\":\"BreadcrumbList\",\"@id\":\"https:\/\/aeolusdigital.com\/fr\/contactez-nous\/#breadcrumb\",\"itemListElement\":[{\"@type\":\"ListItem\",\"position\":1,\"name\":\"Home\",\"item\":\"https:\/\/aeolusdigital.com\/fr\/\"},{\"@type\":\"ListItem\",\"position\":2,\"name\":\"Contactez-nous\"}]},{\"@type\":\"WebSite\",\"@id\":\"https:\/\/aeolusdigital.com\/fr\/#website\",\"url\":\"https:\/\/aeolusdigital.com\/fr\/\",\"name\":\"Aeolus Digital Inc.\",\"description\":\"Local, National and International Digital Marketing &amp; Lead Generation - Aeolus Digital\",\"publisher\":{\"@id\":\"https:\/\/aeolusdigital.com\/fr\/#organization\"},\"alternateName\":\"Aeolus\",\"potentialAction\":[{\"@type\":\"SearchAction\",\"target\":{\"@type\":\"EntryPoint\",\"urlTemplate\":\"https:\/\/aeolusdigital.com\/fr\/?s={search_term_string}\"},\"query-input\":{\"@type\":\"PropertyValueSpecification\",\"valueRequired\":true,\"valueName\":\"search_term_string\"}}],\"inLanguage\":\"fr-FR\"},{\"@type\":\"Organization\",\"@id\":\"https:\/\/aeolusdigital.com\/fr\/#organization\",\"name\":\"Aeolus Digital Inc.\",\"alternateName\":\"Aeolus\",\"url\":\"https:\/\/aeolusdigital.com\/fr\/\",\"logo\":{\"@type\":\"ImageObject\",\"inLanguage\":\"fr-FR\",\"@id\":\"https:\/\/aeolusdigital.com\/fr\/#\/schema\/logo\/image\/\",\"url\":\"https:\/\/aeolusdigital.com\/wp-content\/uploads\/2022\/01\/Logo-Dark-WhiteBG.png\",\"contentUrl\":\"https:\/\/aeolusdigital.com\/wp-content\/uploads\/2022\/01\/Logo-Dark-WhiteBG.png\",\"width\":1080,\"height\":1080,\"caption\":\"Aeolus Digital Inc.\"},\"image\":{\"@id\":\"https:\/\/aeolusdigital.com\/fr\/#\/schema\/logo\/image\/\"},\"sameAs\":[\"https:\/\/www.facebook.com\/aeolusdigital\/\",\"https:\/\/www.linkedin.com\/company\/\u00e6olus-digital\/\",\"https:\/\/www.instagram.com\/aeolusdigital\/\",\"https:\/\/www.tiktok.com\/@aeolusdigital\"]}]}<\/script>\n<!-- \/ Yoast SEO plugin. -->","yoast_head_json":{"title":"Contactez Aeolus Digital : apprenons \u00e0 nous conna\u00eetre !","description":"Contactez Aeolus Digital pour d\u00e9couvrir si nous correspondons \u00e0 vos besoins. Prenez contact d\u00e8s aujourd'hui pour commencer votre parcours num\u00e9rique.","robots":{"index":"index","follow":"follow","max-snippet":"max-snippet:-1","max-image-preview":"max-image-preview:large","max-video-preview":"max-video-preview:-1"},"canonical":"https:\/\/aeolusdigital.com\/fr\/contactez-nous\/","og_locale":"fr_FR","og_type":"article","og_title":"Contactez Aeolus Digital : apprenons \u00e0 nous conna\u00eetre !","og_description":"Contactez Aeolus Digital pour d\u00e9couvrir si nous correspondons \u00e0 vos besoins. Prenez contact d\u00e8s aujourd'hui pour commencer votre parcours num\u00e9rique.","og_url":"https:\/\/aeolusdigital.com\/fr\/contactez-nous\/","og_site_name":"Aeolus Digital","article_publisher":"https:\/\/www.facebook.com\/aeolusdigital\/","article_modified_time":"2025-08-27T19:34:04+00:00","og_image":[{"width":2560,"height":1035,"url":"https:\/\/aeolusdigital.com\/wp-content\/uploads\/2021\/09\/contact-banner-bg-scaled.jpg","type":"image\/jpeg"}],"twitter_card":"summary_large_image","twitter_misc":{"Dur\u00e9e de lecture estim\u00e9e":"1 minute"},"schema":{"@context":"https:\/\/schema.org","@graph":[{"@type":"WebPage","@id":"https:\/\/aeolusdigital.com\/fr\/contactez-nous\/","url":"https:\/\/aeolusdigital.com\/fr\/contactez-nous\/","name":"Contactez Aeolus Digital : apprenons \u00e0 nous conna\u00eetre !","isPartOf":{"@id":"https:\/\/aeolusdigital.com\/fr\/#website"},"primaryImageOfPage":{"@id":"https:\/\/aeolusdigital.com\/fr\/contactez-nous\/#primaryimage"},"image":{"@id":"https:\/\/aeolusdigital.com\/fr\/contactez-nous\/#primaryimage"},"thumbnailUrl":"https:\/\/aeolusdigital.com\/wp-content\/uploads\/2021\/09\/contact-banner-bg-scaled.jpg","datePublished":"2021-09-23T07:22:08+00:00","dateModified":"2025-08-27T19:34:04+00:00","description":"Contactez Aeolus Digital pour d\u00e9couvrir si nous correspondons \u00e0 vos besoins. Prenez contact d\u00e8s aujourd'hui pour commencer votre parcours num\u00e9rique.","breadcrumb":{"@id":"https:\/\/aeolusdigital.com\/fr\/contactez-nous\/#breadcrumb"},"inLanguage":"fr-FR","potentialAction":[{"@type":"ReadAction","target":["https:\/\/aeolusdigital.com\/fr\/contactez-nous\/"]}]},{"@type":"ImageObject","inLanguage":"fr-FR","@id":"https:\/\/aeolusdigital.com\/fr\/contactez-nous\/#primaryimage","url":"https:\/\/aeolusdigital.com\/wp-content\/uploads\/2021\/09\/contact-banner-bg-scaled.jpg","contentUrl":"https:\/\/aeolusdigital.com\/wp-content\/uploads\/2021\/09\/contact-banner-bg-scaled.jpg","width":2560,"height":1035},{"@type":"BreadcrumbList","@id":"https:\/\/aeolusdigital.com\/fr\/contactez-nous\/#breadcrumb","itemListElement":[{"@type":"ListItem","position":1,"name":"Home","item":"https:\/\/aeolusdigital.com\/fr\/"},{"@type":"ListItem","position":2,"name":"Contactez-nous"}]},{"@type":"WebSite","@id":"https:\/\/aeolusdigital.com\/fr\/#website","url":"https:\/\/aeolusdigital.com\/fr\/","name":"Aeolus Digital Inc.","description":"Local, National and International Digital Marketing &amp; Lead Generation - Aeolus Digital","publisher":{"@id":"https:\/\/aeolusdigital.com\/fr\/#organization"},"alternateName":"Aeolus","potentialAction":[{"@type":"SearchAction","target":{"@type":"EntryPoint","urlTemplate":"https:\/\/aeolusdigital.com\/fr\/?s={search_term_string}"},"query-input":{"@type":"PropertyValueSpecification","valueRequired":true,"valueName":"search_term_string"}}],"inLanguage":"fr-FR"},{"@type":"Organization","@id":"https:\/\/aeolusdigital.com\/fr\/#organization","name":"Aeolus Digital Inc.","alternateName":"Aeolus","url":"https:\/\/aeolusdigital.com\/fr\/","logo":{"@type":"ImageObject","inLanguage":"fr-FR","@id":"https:\/\/aeolusdigital.com\/fr\/#\/schema\/logo\/image\/","url":"https:\/\/aeolusdigital.com\/wp-content\/uploads\/2022\/01\/Logo-Dark-WhiteBG.png","contentUrl":"https:\/\/aeolusdigital.com\/wp-content\/uploads\/2022\/01\/Logo-Dark-WhiteBG.png","width":1080,"height":1080,"caption":"Aeolus Digital Inc."},"image":{"@id":"https:\/\/aeolusdigital.com\/fr\/#\/schema\/logo\/image\/"},"sameAs":["https:\/\/www.facebook.com\/aeolusdigital\/","https:\/\/www.linkedin.com\/company\/\u00e6olus-digital\/","https:\/\/www.instagram.com\/aeolusdigital\/","https:\/\/www.tiktok.com\/@aeolusdigital"]}]}},"_links":{"self":[{"href":"https:\/\/aeolusdigital.com\/fr\/wp-json\/wp\/v2\/pages\/2278"}],"collection":[{"href":"https:\/\/aeolusdigital.com\/fr\/wp-json\/wp\/v2\/pages"}],"about":[{"href":"https:\/\/aeolusdigital.com\/fr\/wp-json\/wp\/v2\/types\/page"}],"author":[{"embeddable":true,"href":"https:\/\/aeolusdigital.com\/fr\/wp-json\/wp\/v2\/users\/3"}],"replies":[{"embeddable":true,"href":"https:\/\/aeolusdigital.com\/fr\/wp-json\/wp\/v2\/comments?post=2278"}],"version-history":[{"count":6,"href":"https:\/\/aeolusdigital.com\/fr\/wp-json\/wp\/v2\/pages\/2278\/revisions"}],"predecessor-version":[{"id":2373,"href":"https:\/\/aeolusdigital.com\/fr\/wp-json\/wp\/v2\/pages\/2278\/revisions\/2373"}],"wp:featuredmedia":[{"embeddable":true,"href":"https:\/\/aeolusdigital.com\/fr\/wp-json\/wp\/v2\/media\/1583"}],"wp:attachment":[{"href":"https:\/\/aeolusdigital.com\/fr\/wp-json\/wp\/v2\/media?parent=2278"}],"curies":[{"name":"wp","href":"https:\/\/api.w.org\/{rel}","templated":true}]}}