{"id":2275,"date":"2021-09-23T07:23:51","date_gmt":"2021-09-23T07:23:51","guid":{"rendered":"https:\/\/aeolusdigital.com\/conditions-d-utilisation\/"},"modified":"2025-08-27T14:35:01","modified_gmt":"2025-08-27T14:35:01","slug":"conditions-d-utilisation","status":"publish","type":"page","link":"https:\/\/aeolusdigital.com\/fr\/conditions-d-utilisation\/","title":{"rendered":"Conditions d&rsquo;utilisation"},"content":{"rendered":"\n<p class=\"has-normal-font-size\">Ces termes et conditions (les \u00ab\u00a0Termes et conditions\u00a0\u00bb) r\u00e9gissent l&rsquo;utilisation de <strong>aeolusdigital.com<\/strong> (le \u00ab\u00a0Site\u00a0\u00bb). Ce Site est d\u00e9tenu et exploit\u00e9 par Aeolus Digital Inc.. <br\/><br\/>En utilisant ce Site, vous indiquez que vous avez lu et compris ces Termes et conditions et que vous acceptez de vous y conformer en tout temps.<\/p>\n\n<p class=\"has-normal-font-size\"><strong>Propri\u00e9t\u00e9 intellectuelle<\/strong><br\/>Tout le contenu publi\u00e9 et mis \u00e0 disposition sur notre Site est la propri\u00e9t\u00e9 d&rsquo;Aeolus Digital Inc. et des cr\u00e9ateurs du Site. Cela comprend, sans s&rsquo;y limiter, les images, textes, logos, documents, fichiers t\u00e9l\u00e9chargeables et tout ce qui contribue \u00e0 la composition de notre site. <\/p>\n\n<p class=\"has-normal-font-size\"><strong>Limitation de responsabilit\u00e9<\/strong><br\/>Aeolus Digital Inc. ainsi que nos directeurs, responsables, agents, employ\u00e9s, filiales et affili\u00e9s ne seront pas tenus responsables des actions, r\u00e9clamations, pertes, dommages, responsabilit\u00e9s et d\u00e9penses, y compris les frais juridiques r\u00e9sultant de votre utilisation du Site.<\/p>\n\n<p class=\"has-normal-font-size\"><strong>Indemnisation<\/strong><br\/>Sauf lorsque la loi l&rsquo;interdit, en utilisant ce Site, vous indemnisez et d\u00e9gagez de toute responsabilit\u00e9 Aeolus Digital Inc. ainsi que nos directeurs, responsables, agents, employ\u00e9s, filiales et affili\u00e9s contre toutes actions, r\u00e9clamations, pertes, dommages, responsabilit\u00e9s et d\u00e9penses, y compris les frais juridiques d\u00e9coulant de votre utilisation de notre Site ou de votre violation de ces Termes et conditions.<\/p>\n\n<p class=\"has-normal-font-size\"><strong>Loi applicable<\/strong><br\/>Ces Termes et conditions sont r\u00e9gis par les lois de la Province de l&rsquo;Ontario.<\/p>\n\n<p class=\"has-normal-font-size\"><strong>Divisibilit\u00e9<\/strong><br\/>Si, \u00e0 tout moment, l&rsquo;une des dispositions \u00e9nonc\u00e9es dans ces Termes et conditions est jug\u00e9e incompatible ou invalide en vertu des lois applicables, ces dispositions seront consid\u00e9r\u00e9es comme nulles et seront retir\u00e9es de ces Termes et conditions. Toutes les autres dispositions ne seront pas affect\u00e9es par ce retrait, et le reste de ces Termes et conditions sera toujours consid\u00e9r\u00e9 comme valide. <\/p>\n\n<p class=\"has-normal-font-size\"><strong>Modifications<\/strong><br\/>Ces Termes et conditions peuvent \u00eatre modifi\u00e9s de temps \u00e0 autre pour maintenir la conformit\u00e9 avec la loi et pour refl\u00e9ter tout changement dans la fa\u00e7on dont nous exploitons notre Site et la fa\u00e7on dont nous attendons que les utilisateurs se comportent sur notre Site. Nous informerons les utilisateurs par courriel des modifications apport\u00e9es \u00e0 ces Termes et conditions ou publierons un avis sur notre Site. <\/p>\n\n<p class=\"has-normal-font-size\"><strong>Coordonn\u00e9es<\/strong><br\/>Veuillez nous contacter si vous avez des questions ou des pr\u00e9occupations. Nos coordonn\u00e9es sont les suivantes : <br\/><br\/>______________________________________<br\/>contact@aeolusdigital.com<br\/>3109 Victoria Street, Oakville, ON, L6L1J9<\/p>\n\n<p class=\"has-normal-font-size\">Date d&rsquo;entr\u00e9e en vigueur : 27\u00e8me jour de septembre 2021<\/p>\n","protected":false},"excerpt":{"rendered":"<p>Ces termes et conditions (les \u00ab\u00a0Termes et conditions\u00a0\u00bb) r\u00e9gissent l&rsquo;utilisation de aeolusdigital.com (le \u00ab\u00a0Site\u00a0\u00bb). Ce Site est d\u00e9tenu et exploit\u00e9 par Aeolus Digital Inc.. En utilisant ce Site, vous indiquez&#8230; &nbsp; <a class=\"read-more\" href=\"https:\/\/aeolusdigital.com\/fr\/conditions-d-utilisation\/\">Read More<\/a><\/p>\n","protected":false},"author":3,"featured_media":0,"parent":0,"menu_order":0,"comment_status":"closed","ping_status":"closed","template":"","meta":{"_acf_changed":false,"inline_featured_image":false,"footnotes":""},"class_list":["post-2275","page","type-page","status-publish","hentry"],"acf":[],"yoast_head":"<!-- This site is optimized with the Yoast SEO plugin v25.6 - https:\/\/yoast.com\/wordpress\/plugins\/seo\/ -->\n<title>Conditions d&#039;utilisation Aeolus Digital - politiques cl\u00e9s<\/title>\n<meta name=\"description\" content=\"Conditions d&#039;utilisation d&#039;Aeolus Digital: directives, responsabilit\u00e9s et confidentialit\u00e9 pour une exp\u00e9rience optimale.\" \/>\n<meta name=\"robots\" content=\"index, follow, max-snippet:-1, max-image-preview:large, max-video-preview:-1\" \/>\n<link rel=\"canonical\" href=\"https:\/\/aeolusdigital.com\/fr\/conditions-d-utilisation\/\" \/>\n<meta property=\"og:locale\" content=\"fr_FR\" \/>\n<meta property=\"og:type\" content=\"article\" \/>\n<meta property=\"og:title\" content=\"Conditions d&#039;utilisation Aeolus Digital - politiques cl\u00e9s\" \/>\n<meta property=\"og:description\" content=\"Conditions d&#039;utilisation d&#039;Aeolus Digital: directives, responsabilit\u00e9s et confidentialit\u00e9 pour une exp\u00e9rience optimale.\" \/>\n<meta property=\"og:url\" content=\"https:\/\/aeolusdigital.com\/fr\/conditions-d-utilisation\/\" \/>\n<meta property=\"og:site_name\" content=\"Aeolus Digital\" \/>\n<meta property=\"article:publisher\" content=\"https:\/\/www.facebook.com\/aeolusdigital\/\" \/>\n<meta property=\"article:modified_time\" content=\"2025-08-27T14:35:01+00:00\" \/>\n<meta property=\"og:image\" content=\"https:\/\/aeolusdigital.com\/wp-content\/uploads\/2022\/01\/Logo-Dark-WhiteBG.png\" \/>\n\t<meta property=\"og:image:width\" content=\"1080\" \/>\n\t<meta property=\"og:image:height\" content=\"1080\" \/>\n\t<meta property=\"og:image:type\" content=\"image\/png\" \/>\n<meta name=\"twitter:card\" content=\"summary_large_image\" \/>\n<meta name=\"twitter:label1\" content=\"Dur\u00e9e de lecture estim\u00e9e\" \/>\n\t<meta name=\"twitter:data1\" content=\"2 minutes\" \/>\n<script type=\"application\/ld+json\" class=\"yoast-schema-graph\">{\"@context\":\"https:\/\/schema.org\",\"@graph\":[{\"@type\":\"WebPage\",\"@id\":\"https:\/\/aeolusdigital.com\/fr\/conditions-d-utilisation\/\",\"url\":\"https:\/\/aeolusdigital.com\/fr\/conditions-d-utilisation\/\",\"name\":\"Conditions d'utilisation Aeolus Digital - politiques cl\u00e9s\",\"isPartOf\":{\"@id\":\"https:\/\/aeolusdigital.com\/fr\/#website\"},\"datePublished\":\"2021-09-23T07:23:51+00:00\",\"dateModified\":\"2025-08-27T14:35:01+00:00\",\"description\":\"Conditions d'utilisation d'Aeolus Digital: directives, responsabilit\u00e9s et confidentialit\u00e9 pour une exp\u00e9rience optimale.\",\"breadcrumb\":{\"@id\":\"https:\/\/aeolusdigital.com\/fr\/conditions-d-utilisation\/#breadcrumb\"},\"inLanguage\":\"fr-FR\",\"potentialAction\":[{\"@type\":\"ReadAction\",\"target\":[\"https:\/\/aeolusdigital.com\/fr\/conditions-d-utilisation\/\"]}]},{\"@type\":\"BreadcrumbList\",\"@id\":\"https:\/\/aeolusdigital.com\/fr\/conditions-d-utilisation\/#breadcrumb\",\"itemListElement\":[{\"@type\":\"ListItem\",\"position\":1,\"name\":\"Home\",\"item\":\"https:\/\/aeolusdigital.com\/fr\/\"},{\"@type\":\"ListItem\",\"position\":2,\"name\":\"Conditions d&rsquo;utilisation\"}]},{\"@type\":\"WebSite\",\"@id\":\"https:\/\/aeolusdigital.com\/fr\/#website\",\"url\":\"https:\/\/aeolusdigital.com\/fr\/\",\"name\":\"Aeolus Digital Inc.\",\"description\":\"Local, National and International Digital Marketing &amp; Lead Generation - Aeolus Digital\",\"publisher\":{\"@id\":\"https:\/\/aeolusdigital.com\/fr\/#organization\"},\"alternateName\":\"Aeolus\",\"potentialAction\":[{\"@type\":\"SearchAction\",\"target\":{\"@type\":\"EntryPoint\",\"urlTemplate\":\"https:\/\/aeolusdigital.com\/fr\/?s={search_term_string}\"},\"query-input\":{\"@type\":\"PropertyValueSpecification\",\"valueRequired\":true,\"valueName\":\"search_term_string\"}}],\"inLanguage\":\"fr-FR\"},{\"@type\":\"Organization\",\"@id\":\"https:\/\/aeolusdigital.com\/fr\/#organization\",\"name\":\"Aeolus Digital Inc.\",\"alternateName\":\"Aeolus\",\"url\":\"https:\/\/aeolusdigital.com\/fr\/\",\"logo\":{\"@type\":\"ImageObject\",\"inLanguage\":\"fr-FR\",\"@id\":\"https:\/\/aeolusdigital.com\/fr\/#\/schema\/logo\/image\/\",\"url\":\"https:\/\/aeolusdigital.com\/wp-content\/uploads\/2022\/01\/Logo-Dark-WhiteBG.png\",\"contentUrl\":\"https:\/\/aeolusdigital.com\/wp-content\/uploads\/2022\/01\/Logo-Dark-WhiteBG.png\",\"width\":1080,\"height\":1080,\"caption\":\"Aeolus Digital Inc.\"},\"image\":{\"@id\":\"https:\/\/aeolusdigital.com\/fr\/#\/schema\/logo\/image\/\"},\"sameAs\":[\"https:\/\/www.facebook.com\/aeolusdigital\/\",\"https:\/\/www.linkedin.com\/company\/\u00e6olus-digital\/\",\"https:\/\/www.instagram.com\/aeolusdigital\/\",\"https:\/\/www.tiktok.com\/@aeolusdigital\"]}]}<\/script>\n<!-- \/ Yoast SEO plugin. -->","yoast_head_json":{"title":"Conditions d'utilisation Aeolus Digital - politiques cl\u00e9s","description":"Conditions d'utilisation d'Aeolus Digital: directives, responsabilit\u00e9s et confidentialit\u00e9 pour une exp\u00e9rience optimale.","robots":{"index":"index","follow":"follow","max-snippet":"max-snippet:-1","max-image-preview":"max-image-preview:large","max-video-preview":"max-video-preview:-1"},"canonical":"https:\/\/aeolusdigital.com\/fr\/conditions-d-utilisation\/","og_locale":"fr_FR","og_type":"article","og_title":"Conditions d'utilisation Aeolus Digital - politiques cl\u00e9s","og_description":"Conditions d'utilisation d'Aeolus Digital: directives, responsabilit\u00e9s et confidentialit\u00e9 pour une exp\u00e9rience optimale.","og_url":"https:\/\/aeolusdigital.com\/fr\/conditions-d-utilisation\/","og_site_name":"Aeolus Digital","article_publisher":"https:\/\/www.facebook.com\/aeolusdigital\/","article_modified_time":"2025-08-27T14:35:01+00:00","og_image":[{"width":1080,"height":1080,"url":"https:\/\/aeolusdigital.com\/wp-content\/uploads\/2022\/01\/Logo-Dark-WhiteBG.png","type":"image\/png"}],"twitter_card":"summary_large_image","twitter_misc":{"Dur\u00e9e de lecture estim\u00e9e":"2 minutes"},"schema":{"@context":"https:\/\/schema.org","@graph":[{"@type":"WebPage","@id":"https:\/\/aeolusdigital.com\/fr\/conditions-d-utilisation\/","url":"https:\/\/aeolusdigital.com\/fr\/conditions-d-utilisation\/","name":"Conditions d'utilisation Aeolus Digital - politiques cl\u00e9s","isPartOf":{"@id":"https:\/\/aeolusdigital.com\/fr\/#website"},"datePublished":"2021-09-23T07:23:51+00:00","dateModified":"2025-08-27T14:35:01+00:00","description":"Conditions d'utilisation d'Aeolus Digital: directives, responsabilit\u00e9s et confidentialit\u00e9 pour une exp\u00e9rience optimale.","breadcrumb":{"@id":"https:\/\/aeolusdigital.com\/fr\/conditions-d-utilisation\/#breadcrumb"},"inLanguage":"fr-FR","potentialAction":[{"@type":"ReadAction","target":["https:\/\/aeolusdigital.com\/fr\/conditions-d-utilisation\/"]}]},{"@type":"BreadcrumbList","@id":"https:\/\/aeolusdigital.com\/fr\/conditions-d-utilisation\/#breadcrumb","itemListElement":[{"@type":"ListItem","position":1,"name":"Home","item":"https:\/\/aeolusdigital.com\/fr\/"},{"@type":"ListItem","position":2,"name":"Conditions d&rsquo;utilisation"}]},{"@type":"WebSite","@id":"https:\/\/aeolusdigital.com\/fr\/#website","url":"https:\/\/aeolusdigital.com\/fr\/","name":"Aeolus Digital Inc.","description":"Local, National and International Digital Marketing &amp; Lead Generation - Aeolus Digital","publisher":{"@id":"https:\/\/aeolusdigital.com\/fr\/#organization"},"alternateName":"Aeolus","potentialAction":[{"@type":"SearchAction","target":{"@type":"EntryPoint","urlTemplate":"https:\/\/aeolusdigital.com\/fr\/?s={search_term_string}"},"query-input":{"@type":"PropertyValueSpecification","valueRequired":true,"valueName":"search_term_string"}}],"inLanguage":"fr-FR"},{"@type":"Organization","@id":"https:\/\/aeolusdigital.com\/fr\/#organization","name":"Aeolus Digital Inc.","alternateName":"Aeolus","url":"https:\/\/aeolusdigital.com\/fr\/","logo":{"@type":"ImageObject","inLanguage":"fr-FR","@id":"https:\/\/aeolusdigital.com\/fr\/#\/schema\/logo\/image\/","url":"https:\/\/aeolusdigital.com\/wp-content\/uploads\/2022\/01\/Logo-Dark-WhiteBG.png","contentUrl":"https:\/\/aeolusdigital.com\/wp-content\/uploads\/2022\/01\/Logo-Dark-WhiteBG.png","width":1080,"height":1080,"caption":"Aeolus Digital Inc."},"image":{"@id":"https:\/\/aeolusdigital.com\/fr\/#\/schema\/logo\/image\/"},"sameAs":["https:\/\/www.facebook.com\/aeolusdigital\/","https:\/\/www.linkedin.com\/company\/\u00e6olus-digital\/","https:\/\/www.instagram.com\/aeolusdigital\/","https:\/\/www.tiktok.com\/@aeolusdigital"]}]}},"_links":{"self":[{"href":"https:\/\/aeolusdigital.com\/fr\/wp-json\/wp\/v2\/pages\/2275"}],"collection":[{"href":"https:\/\/aeolusdigital.com\/fr\/wp-json\/wp\/v2\/pages"}],"about":[{"href":"https:\/\/aeolusdigital.com\/fr\/wp-json\/wp\/v2\/types\/page"}],"author":[{"embeddable":true,"href":"https:\/\/aeolusdigital.com\/fr\/wp-json\/wp\/v2\/users\/3"}],"replies":[{"embeddable":true,"href":"https:\/\/aeolusdigital.com\/fr\/wp-json\/wp\/v2\/comments?post=2275"}],"version-history":[{"count":1,"href":"https:\/\/aeolusdigital.com\/fr\/wp-json\/wp\/v2\/pages\/2275\/revisions"}],"predecessor-version":[{"id":2276,"href":"https:\/\/aeolusdigital.com\/fr\/wp-json\/wp\/v2\/pages\/2275\/revisions\/2276"}],"wp:attachment":[{"href":"https:\/\/aeolusdigital.com\/fr\/wp-json\/wp\/v2\/media?parent=2275"}],"curies":[{"name":"wp","href":"https:\/\/api.w.org\/{rel}","templated":true}]}}