{"id":2273,"date":"2021-09-23T07:30:11","date_gmt":"2021-09-23T07:30:11","guid":{"rendered":"https:\/\/aeolusdigital.com\/seo\/"},"modified":"2025-11-06T19:53:02","modified_gmt":"2025-11-06T19:53:02","slug":"seo","status":"publish","type":"page","link":"https:\/\/aeolusdigital.com\/fr\/services\/seo\/","title":{"rendered":"R\u00e9f\u00e9rencement naturel (SEO)"},"content":{"rendered":"\n<p><strong><em>Soyez trouv\u00e9. Restez visible. Grandissez.<\/em><\/strong><\/p>\n\n\n\n<p>Vos clients cherchent chaque jour des produits ou des services comme les v\u00f4tres.<br>La question est simple : est-ce qu\u2019ils vous trouvent, ou trouvent-ils vos concurrents ?<br>Chez <strong>Aeolus<\/strong>, nous vous aidons \u00e0 appara\u00eetre l\u00e0 o\u00f9 \u00e7a compte vraiment \u2014 sur les moteurs de recherche et les nouvelles plateformes IA.<br>Pas de formules toutes faites, seulement une strat\u00e9gie durable et mesurable.<\/p>\n","protected":false},"excerpt":{"rendered":"<p>Soyez trouv\u00e9. Restez visible. Grandissez. Vos clients cherchent chaque jour des produits ou des services comme les v\u00f4tres.La question est simple : est-ce qu\u2019ils vous trouvent, ou trouvent-ils vos concurrents&#8230; &nbsp; <a class=\"read-more\" href=\"https:\/\/aeolusdigital.com\/fr\/services\/seo\/\">Read More<\/a><\/p>\n","protected":false},"author":3,"featured_media":0,"parent":2284,"menu_order":0,"comment_status":"closed","ping_status":"closed","template":"templates\/tpl-services-sub-pages.php","meta":{"_acf_changed":false,"inline_featured_image":false,"footnotes":""},"class_list":["post-2273","page","type-page","status-publish","hentry"],"acf":[],"yoast_head":"<!-- This site is optimized with the Yoast SEO plugin v25.6 - https:\/\/yoast.com\/wordpress\/plugins\/seo\/ -->\n<title>Meilleure entreprise et services de r\u00e9f\u00e9rencement au Canada<\/title>\n<meta name=\"description\" content=\"AEOLUS, une entreprise de r\u00e9f\u00e9rencement renomm\u00e9e au Canada, vous permet d&#039;am\u00e9liorer votre visibilit\u00e9 et d&#039;obtenir des r\u00e9sultats commerciaux gr\u00e2ce \u00e0 des services de r\u00e9f\u00e9rencement efficaces au Canada. Contactez-nous.\" \/>\n<meta name=\"robots\" content=\"index, follow, max-snippet:-1, max-image-preview:large, max-video-preview:-1\" \/>\n<link rel=\"canonical\" href=\"https:\/\/aeolusdigital.com\/fr\/services\/seo\/\" \/>\n<meta property=\"og:locale\" content=\"fr_FR\" \/>\n<meta property=\"og:type\" content=\"article\" \/>\n<meta property=\"og:title\" content=\"Meilleure entreprise et services de r\u00e9f\u00e9rencement au Canada\" \/>\n<meta property=\"og:description\" content=\"AEOLUS, une entreprise de r\u00e9f\u00e9rencement renomm\u00e9e au Canada, vous permet d&#039;am\u00e9liorer votre visibilit\u00e9 et d&#039;obtenir des r\u00e9sultats commerciaux gr\u00e2ce \u00e0 des services de r\u00e9f\u00e9rencement efficaces au Canada. Contactez-nous.\" \/>\n<meta property=\"og:url\" content=\"https:\/\/aeolusdigital.com\/fr\/services\/seo\/\" \/>\n<meta property=\"og:site_name\" content=\"Aeolus Digital\" \/>\n<meta property=\"article:publisher\" content=\"https:\/\/www.facebook.com\/aeolusdigital\/\" \/>\n<meta property=\"article:modified_time\" content=\"2025-11-06T19:53:02+00:00\" \/>\n<meta property=\"og:image\" content=\"https:\/\/aeolusdigital.com\/wp-content\/uploads\/2022\/01\/Logo-Dark-WhiteBG.png\" \/>\n\t<meta property=\"og:image:width\" content=\"1080\" \/>\n\t<meta property=\"og:image:height\" content=\"1080\" \/>\n\t<meta property=\"og:image:type\" content=\"image\/png\" \/>\n<meta name=\"twitter:card\" content=\"summary_large_image\" \/>\n<script type=\"application\/ld+json\" class=\"yoast-schema-graph\">{\"@context\":\"https:\/\/schema.org\",\"@graph\":[{\"@type\":\"WebPage\",\"@id\":\"https:\/\/aeolusdigital.com\/fr\/services\/seo\/\",\"url\":\"https:\/\/aeolusdigital.com\/fr\/services\/seo\/\",\"name\":\"Meilleure entreprise et services de r\u00e9f\u00e9rencement au Canada\",\"isPartOf\":{\"@id\":\"https:\/\/aeolusdigital.com\/fr\/#website\"},\"datePublished\":\"2021-09-23T07:30:11+00:00\",\"dateModified\":\"2025-11-06T19:53:02+00:00\",\"description\":\"AEOLUS, une entreprise de r\u00e9f\u00e9rencement renomm\u00e9e au Canada, vous permet d'am\u00e9liorer votre visibilit\u00e9 et d'obtenir des r\u00e9sultats commerciaux gr\u00e2ce \u00e0 des services de r\u00e9f\u00e9rencement efficaces au Canada. Contactez-nous.\",\"breadcrumb\":{\"@id\":\"https:\/\/aeolusdigital.com\/fr\/services\/seo\/#breadcrumb\"},\"inLanguage\":\"fr-FR\",\"potentialAction\":[{\"@type\":\"ReadAction\",\"target\":[\"https:\/\/aeolusdigital.com\/fr\/services\/seo\/\"]}]},{\"@type\":\"BreadcrumbList\",\"@id\":\"https:\/\/aeolusdigital.com\/fr\/services\/seo\/#breadcrumb\",\"itemListElement\":[{\"@type\":\"ListItem\",\"position\":1,\"name\":\"Home\",\"item\":\"https:\/\/aeolusdigital.com\/fr\/\"},{\"@type\":\"ListItem\",\"position\":2,\"name\":\"Services\",\"item\":\"https:\/\/aeolusdigital.com\/fr\/services\/\"},{\"@type\":\"ListItem\",\"position\":3,\"name\":\"R\u00e9f\u00e9rencement naturel (SEO)\"}]},{\"@type\":\"WebSite\",\"@id\":\"https:\/\/aeolusdigital.com\/fr\/#website\",\"url\":\"https:\/\/aeolusdigital.com\/fr\/\",\"name\":\"Aeolus Digital Inc.\",\"description\":\"Local, National and International Digital Marketing &amp; Lead Generation - Aeolus Digital\",\"publisher\":{\"@id\":\"https:\/\/aeolusdigital.com\/fr\/#organization\"},\"alternateName\":\"Aeolus\",\"potentialAction\":[{\"@type\":\"SearchAction\",\"target\":{\"@type\":\"EntryPoint\",\"urlTemplate\":\"https:\/\/aeolusdigital.com\/fr\/?s={search_term_string}\"},\"query-input\":{\"@type\":\"PropertyValueSpecification\",\"valueRequired\":true,\"valueName\":\"search_term_string\"}}],\"inLanguage\":\"fr-FR\"},{\"@type\":\"Organization\",\"@id\":\"https:\/\/aeolusdigital.com\/fr\/#organization\",\"name\":\"Aeolus Digital Inc.\",\"alternateName\":\"Aeolus\",\"url\":\"https:\/\/aeolusdigital.com\/fr\/\",\"logo\":{\"@type\":\"ImageObject\",\"inLanguage\":\"fr-FR\",\"@id\":\"https:\/\/aeolusdigital.com\/fr\/#\/schema\/logo\/image\/\",\"url\":\"https:\/\/aeolusdigital.com\/wp-content\/uploads\/2022\/01\/Logo-Dark-WhiteBG.png\",\"contentUrl\":\"https:\/\/aeolusdigital.com\/wp-content\/uploads\/2022\/01\/Logo-Dark-WhiteBG.png\",\"width\":1080,\"height\":1080,\"caption\":\"Aeolus Digital Inc.\"},\"image\":{\"@id\":\"https:\/\/aeolusdigital.com\/fr\/#\/schema\/logo\/image\/\"},\"sameAs\":[\"https:\/\/www.facebook.com\/aeolusdigital\/\",\"https:\/\/www.linkedin.com\/company\/\u00e6olus-digital\/\",\"https:\/\/www.instagram.com\/aeolusdigital\/\",\"https:\/\/www.tiktok.com\/@aeolusdigital\"]}]}<\/script>\n<!-- \/ Yoast SEO plugin. -->","yoast_head_json":{"title":"Meilleure entreprise et services de r\u00e9f\u00e9rencement au Canada","description":"AEOLUS, une entreprise de r\u00e9f\u00e9rencement renomm\u00e9e au Canada, vous permet d'am\u00e9liorer votre visibilit\u00e9 et d'obtenir des r\u00e9sultats commerciaux gr\u00e2ce \u00e0 des services de r\u00e9f\u00e9rencement efficaces au Canada. Contactez-nous.","robots":{"index":"index","follow":"follow","max-snippet":"max-snippet:-1","max-image-preview":"max-image-preview:large","max-video-preview":"max-video-preview:-1"},"canonical":"https:\/\/aeolusdigital.com\/fr\/services\/seo\/","og_locale":"fr_FR","og_type":"article","og_title":"Meilleure entreprise et services de r\u00e9f\u00e9rencement au Canada","og_description":"AEOLUS, une entreprise de r\u00e9f\u00e9rencement renomm\u00e9e au Canada, vous permet d'am\u00e9liorer votre visibilit\u00e9 et d'obtenir des r\u00e9sultats commerciaux gr\u00e2ce \u00e0 des services de r\u00e9f\u00e9rencement efficaces au Canada. Contactez-nous.","og_url":"https:\/\/aeolusdigital.com\/fr\/services\/seo\/","og_site_name":"Aeolus Digital","article_publisher":"https:\/\/www.facebook.com\/aeolusdigital\/","article_modified_time":"2025-11-06T19:53:02+00:00","og_image":[{"width":1080,"height":1080,"url":"https:\/\/aeolusdigital.com\/wp-content\/uploads\/2022\/01\/Logo-Dark-WhiteBG.png","type":"image\/png"}],"twitter_card":"summary_large_image","schema":{"@context":"https:\/\/schema.org","@graph":[{"@type":"WebPage","@id":"https:\/\/aeolusdigital.com\/fr\/services\/seo\/","url":"https:\/\/aeolusdigital.com\/fr\/services\/seo\/","name":"Meilleure entreprise et services de r\u00e9f\u00e9rencement au Canada","isPartOf":{"@id":"https:\/\/aeolusdigital.com\/fr\/#website"},"datePublished":"2021-09-23T07:30:11+00:00","dateModified":"2025-11-06T19:53:02+00:00","description":"AEOLUS, une entreprise de r\u00e9f\u00e9rencement renomm\u00e9e au Canada, vous permet d'am\u00e9liorer votre visibilit\u00e9 et d'obtenir des r\u00e9sultats commerciaux gr\u00e2ce \u00e0 des services de r\u00e9f\u00e9rencement efficaces au Canada. Contactez-nous.","breadcrumb":{"@id":"https:\/\/aeolusdigital.com\/fr\/services\/seo\/#breadcrumb"},"inLanguage":"fr-FR","potentialAction":[{"@type":"ReadAction","target":["https:\/\/aeolusdigital.com\/fr\/services\/seo\/"]}]},{"@type":"BreadcrumbList","@id":"https:\/\/aeolusdigital.com\/fr\/services\/seo\/#breadcrumb","itemListElement":[{"@type":"ListItem","position":1,"name":"Home","item":"https:\/\/aeolusdigital.com\/fr\/"},{"@type":"ListItem","position":2,"name":"Services","item":"https:\/\/aeolusdigital.com\/fr\/services\/"},{"@type":"ListItem","position":3,"name":"R\u00e9f\u00e9rencement naturel (SEO)"}]},{"@type":"WebSite","@id":"https:\/\/aeolusdigital.com\/fr\/#website","url":"https:\/\/aeolusdigital.com\/fr\/","name":"Aeolus Digital Inc.","description":"Local, National and International Digital Marketing &amp; Lead Generation - Aeolus Digital","publisher":{"@id":"https:\/\/aeolusdigital.com\/fr\/#organization"},"alternateName":"Aeolus","potentialAction":[{"@type":"SearchAction","target":{"@type":"EntryPoint","urlTemplate":"https:\/\/aeolusdigital.com\/fr\/?s={search_term_string}"},"query-input":{"@type":"PropertyValueSpecification","valueRequired":true,"valueName":"search_term_string"}}],"inLanguage":"fr-FR"},{"@type":"Organization","@id":"https:\/\/aeolusdigital.com\/fr\/#organization","name":"Aeolus Digital Inc.","alternateName":"Aeolus","url":"https:\/\/aeolusdigital.com\/fr\/","logo":{"@type":"ImageObject","inLanguage":"fr-FR","@id":"https:\/\/aeolusdigital.com\/fr\/#\/schema\/logo\/image\/","url":"https:\/\/aeolusdigital.com\/wp-content\/uploads\/2022\/01\/Logo-Dark-WhiteBG.png","contentUrl":"https:\/\/aeolusdigital.com\/wp-content\/uploads\/2022\/01\/Logo-Dark-WhiteBG.png","width":1080,"height":1080,"caption":"Aeolus Digital Inc."},"image":{"@id":"https:\/\/aeolusdigital.com\/fr\/#\/schema\/logo\/image\/"},"sameAs":["https:\/\/www.facebook.com\/aeolusdigital\/","https:\/\/www.linkedin.com\/company\/\u00e6olus-digital\/","https:\/\/www.instagram.com\/aeolusdigital\/","https:\/\/www.tiktok.com\/@aeolusdigital"]}]}},"_links":{"self":[{"href":"https:\/\/aeolusdigital.com\/fr\/wp-json\/wp\/v2\/pages\/2273"}],"collection":[{"href":"https:\/\/aeolusdigital.com\/fr\/wp-json\/wp\/v2\/pages"}],"about":[{"href":"https:\/\/aeolusdigital.com\/fr\/wp-json\/wp\/v2\/types\/page"}],"author":[{"embeddable":true,"href":"https:\/\/aeolusdigital.com\/fr\/wp-json\/wp\/v2\/users\/3"}],"replies":[{"embeddable":true,"href":"https:\/\/aeolusdigital.com\/fr\/wp-json\/wp\/v2\/comments?post=2273"}],"version-history":[{"count":4,"href":"https:\/\/aeolusdigital.com\/fr\/wp-json\/wp\/v2\/pages\/2273\/revisions"}],"predecessor-version":[{"id":2557,"href":"https:\/\/aeolusdigital.com\/fr\/wp-json\/wp\/v2\/pages\/2273\/revisions\/2557"}],"up":[{"embeddable":true,"href":"https:\/\/aeolusdigital.com\/fr\/wp-json\/wp\/v2\/pages\/2284"}],"wp:attachment":[{"href":"https:\/\/aeolusdigital.com\/fr\/wp-json\/wp\/v2\/media?parent=2273"}],"curies":[{"name":"wp","href":"https:\/\/api.w.org\/{rel}","templated":true}]}}