{"id":2266,"date":"2021-09-23T07:23:16","date_gmt":"2021-09-23T07:23:16","guid":{"rendered":"https:\/\/aeolusdigital.com\/about-us\/"},"modified":"2025-08-27T19:32:02","modified_gmt":"2025-08-27T19:32:02","slug":"a-propos-de-nous","status":"publish","type":"page","link":"https:\/\/aeolusdigital.com\/fr\/a-propos-de-nous\/","title":{"rendered":"\u00c0 propos de nous"},"content":{"rendered":"\n<p>Au c\u0153ur de notre mission se trouve une passion profonde pour le marketing num\u00e9rique, un m\u00e9tier que nous perfectionnons depuis 2009. Gr\u00e2ce \u00e0 notre vaste expertise, nous comprenons les moindres d\u00e9tails de cette industrie dynamique comme le fond de notre poche. Mais voici le fait : nous ne nous attendons pas \u00e0 ce que vous soyez un expert en marketing num\u00e9rique. Nous sommes honor\u00e9s par l&rsquo;opportunit\u00e9 de partager nos connaissances et de collaborer avec vous pour atteindre vos objectifs. Faites-nous confiance ; nous sommes vos partenaires dans cette aventure.    <\/p>\n","protected":false},"excerpt":{"rendered":"<p>Au c\u0153ur de notre mission se trouve une passion profonde pour le marketing num\u00e9rique, un m\u00e9tier que nous perfectionnons depuis 2009. Gr\u00e2ce \u00e0 notre vaste expertise, nous comprenons les moindres&#8230; &nbsp; <a class=\"read-more\" href=\"https:\/\/aeolusdigital.com\/fr\/a-propos-de-nous\/\">Read More<\/a><\/p>\n","protected":false},"author":3,"featured_media":1394,"parent":0,"menu_order":0,"comment_status":"closed","ping_status":"closed","template":"templates\/tpl-about-us.php","meta":{"_acf_changed":false,"inline_featured_image":false,"footnotes":""},"class_list":["post-2266","page","type-page","status-publish","has-post-thumbnail","hentry"],"acf":[],"yoast_head":"<!-- This site is optimized with the Yoast SEO plugin v25.6 - https:\/\/yoast.com\/wordpress\/plugins\/seo\/ -->\n<title>Qui nous sommes, ce en quoi nous croyons - aeolus digital<\/title>\n<meta name=\"description\" content=\"Aeolus: agence marketing num\u00e9rique aidant startups et PME \u00e0 d\u00e9velopper leur business et optimiser leur positionnement march\u00e9.\" \/>\n<meta name=\"robots\" content=\"index, follow, max-snippet:-1, max-image-preview:large, max-video-preview:-1\" \/>\n<link rel=\"canonical\" href=\"https:\/\/aeolusdigital.com\/fr\/a-propos-de-nous\/\" \/>\n<meta property=\"og:locale\" content=\"fr_FR\" \/>\n<meta property=\"og:type\" content=\"article\" \/>\n<meta property=\"og:title\" content=\"Qui nous sommes, ce en quoi nous croyons - aeolus digital\" \/>\n<meta property=\"og:description\" content=\"Aeolus: agence marketing num\u00e9rique aidant startups et PME \u00e0 d\u00e9velopper leur business et optimiser leur positionnement march\u00e9.\" \/>\n<meta property=\"og:url\" content=\"https:\/\/aeolusdigital.com\/fr\/a-propos-de-nous\/\" \/>\n<meta property=\"og:site_name\" content=\"Aeolus Digital\" \/>\n<meta property=\"article:publisher\" content=\"https:\/\/www.facebook.com\/aeolusdigital\/\" \/>\n<meta property=\"article:modified_time\" content=\"2025-08-27T19:32:02+00:00\" \/>\n<meta property=\"og:image\" content=\"https:\/\/aeolusdigital.com\/wp-content\/uploads\/2021\/09\/banner-about-bg-1-scaled.jpg\" \/>\n\t<meta property=\"og:image:width\" content=\"2560\" \/>\n\t<meta property=\"og:image:height\" content=\"1035\" \/>\n\t<meta property=\"og:image:type\" content=\"image\/jpeg\" \/>\n<meta name=\"twitter:card\" content=\"summary_large_image\" \/>\n<script type=\"application\/ld+json\" class=\"yoast-schema-graph\">{\"@context\":\"https:\/\/schema.org\",\"@graph\":[{\"@type\":\"WebPage\",\"@id\":\"https:\/\/aeolusdigital.com\/fr\/a-propos-de-nous\/\",\"url\":\"https:\/\/aeolusdigital.com\/fr\/a-propos-de-nous\/\",\"name\":\"Qui nous sommes, ce en quoi nous croyons - aeolus digital\",\"isPartOf\":{\"@id\":\"https:\/\/aeolusdigital.com\/fr\/#website\"},\"primaryImageOfPage\":{\"@id\":\"https:\/\/aeolusdigital.com\/fr\/a-propos-de-nous\/#primaryimage\"},\"image\":{\"@id\":\"https:\/\/aeolusdigital.com\/fr\/a-propos-de-nous\/#primaryimage\"},\"thumbnailUrl\":\"https:\/\/aeolusdigital.com\/wp-content\/uploads\/2021\/09\/banner-about-bg-1-scaled.jpg\",\"datePublished\":\"2021-09-23T07:23:16+00:00\",\"dateModified\":\"2025-08-27T19:32:02+00:00\",\"description\":\"Aeolus: agence marketing num\u00e9rique aidant startups et PME \u00e0 d\u00e9velopper leur business et optimiser leur positionnement march\u00e9.\",\"breadcrumb\":{\"@id\":\"https:\/\/aeolusdigital.com\/fr\/a-propos-de-nous\/#breadcrumb\"},\"inLanguage\":\"fr-FR\",\"potentialAction\":[{\"@type\":\"ReadAction\",\"target\":[\"https:\/\/aeolusdigital.com\/fr\/a-propos-de-nous\/\"]}]},{\"@type\":\"ImageObject\",\"inLanguage\":\"fr-FR\",\"@id\":\"https:\/\/aeolusdigital.com\/fr\/a-propos-de-nous\/#primaryimage\",\"url\":\"https:\/\/aeolusdigital.com\/wp-content\/uploads\/2021\/09\/banner-about-bg-1-scaled.jpg\",\"contentUrl\":\"https:\/\/aeolusdigital.com\/wp-content\/uploads\/2021\/09\/banner-about-bg-1-scaled.jpg\",\"width\":2560,\"height\":1035},{\"@type\":\"BreadcrumbList\",\"@id\":\"https:\/\/aeolusdigital.com\/fr\/a-propos-de-nous\/#breadcrumb\",\"itemListElement\":[{\"@type\":\"ListItem\",\"position\":1,\"name\":\"Home\",\"item\":\"https:\/\/aeolusdigital.com\/fr\/\"},{\"@type\":\"ListItem\",\"position\":2,\"name\":\"\u00c0 propos de nous\"}]},{\"@type\":\"WebSite\",\"@id\":\"https:\/\/aeolusdigital.com\/fr\/#website\",\"url\":\"https:\/\/aeolusdigital.com\/fr\/\",\"name\":\"Aeolus Digital Inc.\",\"description\":\"Local, National and International Digital Marketing &amp; Lead Generation - Aeolus Digital\",\"publisher\":{\"@id\":\"https:\/\/aeolusdigital.com\/fr\/#organization\"},\"alternateName\":\"Aeolus\",\"potentialAction\":[{\"@type\":\"SearchAction\",\"target\":{\"@type\":\"EntryPoint\",\"urlTemplate\":\"https:\/\/aeolusdigital.com\/fr\/?s={search_term_string}\"},\"query-input\":{\"@type\":\"PropertyValueSpecification\",\"valueRequired\":true,\"valueName\":\"search_term_string\"}}],\"inLanguage\":\"fr-FR\"},{\"@type\":\"Organization\",\"@id\":\"https:\/\/aeolusdigital.com\/fr\/#organization\",\"name\":\"Aeolus Digital Inc.\",\"alternateName\":\"Aeolus\",\"url\":\"https:\/\/aeolusdigital.com\/fr\/\",\"logo\":{\"@type\":\"ImageObject\",\"inLanguage\":\"fr-FR\",\"@id\":\"https:\/\/aeolusdigital.com\/fr\/#\/schema\/logo\/image\/\",\"url\":\"https:\/\/aeolusdigital.com\/wp-content\/uploads\/2022\/01\/Logo-Dark-WhiteBG.png\",\"contentUrl\":\"https:\/\/aeolusdigital.com\/wp-content\/uploads\/2022\/01\/Logo-Dark-WhiteBG.png\",\"width\":1080,\"height\":1080,\"caption\":\"Aeolus Digital Inc.\"},\"image\":{\"@id\":\"https:\/\/aeolusdigital.com\/fr\/#\/schema\/logo\/image\/\"},\"sameAs\":[\"https:\/\/www.facebook.com\/aeolusdigital\/\",\"https:\/\/www.linkedin.com\/company\/\u00e6olus-digital\/\",\"https:\/\/www.instagram.com\/aeolusdigital\/\",\"https:\/\/www.tiktok.com\/@aeolusdigital\"]}]}<\/script>\n<!-- \/ Yoast SEO plugin. -->","yoast_head_json":{"title":"Qui nous sommes, ce en quoi nous croyons - aeolus digital","description":"Aeolus: agence marketing num\u00e9rique aidant startups et PME \u00e0 d\u00e9velopper leur business et optimiser leur positionnement march\u00e9.","robots":{"index":"index","follow":"follow","max-snippet":"max-snippet:-1","max-image-preview":"max-image-preview:large","max-video-preview":"max-video-preview:-1"},"canonical":"https:\/\/aeolusdigital.com\/fr\/a-propos-de-nous\/","og_locale":"fr_FR","og_type":"article","og_title":"Qui nous sommes, ce en quoi nous croyons - aeolus digital","og_description":"Aeolus: agence marketing num\u00e9rique aidant startups et PME \u00e0 d\u00e9velopper leur business et optimiser leur positionnement march\u00e9.","og_url":"https:\/\/aeolusdigital.com\/fr\/a-propos-de-nous\/","og_site_name":"Aeolus Digital","article_publisher":"https:\/\/www.facebook.com\/aeolusdigital\/","article_modified_time":"2025-08-27T19:32:02+00:00","og_image":[{"width":2560,"height":1035,"url":"https:\/\/aeolusdigital.com\/wp-content\/uploads\/2021\/09\/banner-about-bg-1-scaled.jpg","type":"image\/jpeg"}],"twitter_card":"summary_large_image","schema":{"@context":"https:\/\/schema.org","@graph":[{"@type":"WebPage","@id":"https:\/\/aeolusdigital.com\/fr\/a-propos-de-nous\/","url":"https:\/\/aeolusdigital.com\/fr\/a-propos-de-nous\/","name":"Qui nous sommes, ce en quoi nous croyons - aeolus digital","isPartOf":{"@id":"https:\/\/aeolusdigital.com\/fr\/#website"},"primaryImageOfPage":{"@id":"https:\/\/aeolusdigital.com\/fr\/a-propos-de-nous\/#primaryimage"},"image":{"@id":"https:\/\/aeolusdigital.com\/fr\/a-propos-de-nous\/#primaryimage"},"thumbnailUrl":"https:\/\/aeolusdigital.com\/wp-content\/uploads\/2021\/09\/banner-about-bg-1-scaled.jpg","datePublished":"2021-09-23T07:23:16+00:00","dateModified":"2025-08-27T19:32:02+00:00","description":"Aeolus: agence marketing num\u00e9rique aidant startups et PME \u00e0 d\u00e9velopper leur business et optimiser leur positionnement march\u00e9.","breadcrumb":{"@id":"https:\/\/aeolusdigital.com\/fr\/a-propos-de-nous\/#breadcrumb"},"inLanguage":"fr-FR","potentialAction":[{"@type":"ReadAction","target":["https:\/\/aeolusdigital.com\/fr\/a-propos-de-nous\/"]}]},{"@type":"ImageObject","inLanguage":"fr-FR","@id":"https:\/\/aeolusdigital.com\/fr\/a-propos-de-nous\/#primaryimage","url":"https:\/\/aeolusdigital.com\/wp-content\/uploads\/2021\/09\/banner-about-bg-1-scaled.jpg","contentUrl":"https:\/\/aeolusdigital.com\/wp-content\/uploads\/2021\/09\/banner-about-bg-1-scaled.jpg","width":2560,"height":1035},{"@type":"BreadcrumbList","@id":"https:\/\/aeolusdigital.com\/fr\/a-propos-de-nous\/#breadcrumb","itemListElement":[{"@type":"ListItem","position":1,"name":"Home","item":"https:\/\/aeolusdigital.com\/fr\/"},{"@type":"ListItem","position":2,"name":"\u00c0 propos de nous"}]},{"@type":"WebSite","@id":"https:\/\/aeolusdigital.com\/fr\/#website","url":"https:\/\/aeolusdigital.com\/fr\/","name":"Aeolus Digital Inc.","description":"Local, National and International Digital Marketing &amp; Lead Generation - Aeolus Digital","publisher":{"@id":"https:\/\/aeolusdigital.com\/fr\/#organization"},"alternateName":"Aeolus","potentialAction":[{"@type":"SearchAction","target":{"@type":"EntryPoint","urlTemplate":"https:\/\/aeolusdigital.com\/fr\/?s={search_term_string}"},"query-input":{"@type":"PropertyValueSpecification","valueRequired":true,"valueName":"search_term_string"}}],"inLanguage":"fr-FR"},{"@type":"Organization","@id":"https:\/\/aeolusdigital.com\/fr\/#organization","name":"Aeolus Digital Inc.","alternateName":"Aeolus","url":"https:\/\/aeolusdigital.com\/fr\/","logo":{"@type":"ImageObject","inLanguage":"fr-FR","@id":"https:\/\/aeolusdigital.com\/fr\/#\/schema\/logo\/image\/","url":"https:\/\/aeolusdigital.com\/wp-content\/uploads\/2022\/01\/Logo-Dark-WhiteBG.png","contentUrl":"https:\/\/aeolusdigital.com\/wp-content\/uploads\/2022\/01\/Logo-Dark-WhiteBG.png","width":1080,"height":1080,"caption":"Aeolus Digital Inc."},"image":{"@id":"https:\/\/aeolusdigital.com\/fr\/#\/schema\/logo\/image\/"},"sameAs":["https:\/\/www.facebook.com\/aeolusdigital\/","https:\/\/www.linkedin.com\/company\/\u00e6olus-digital\/","https:\/\/www.instagram.com\/aeolusdigital\/","https:\/\/www.tiktok.com\/@aeolusdigital"]}]}},"_links":{"self":[{"href":"https:\/\/aeolusdigital.com\/fr\/wp-json\/wp\/v2\/pages\/2266"}],"collection":[{"href":"https:\/\/aeolusdigital.com\/fr\/wp-json\/wp\/v2\/pages"}],"about":[{"href":"https:\/\/aeolusdigital.com\/fr\/wp-json\/wp\/v2\/types\/page"}],"author":[{"embeddable":true,"href":"https:\/\/aeolusdigital.com\/fr\/wp-json\/wp\/v2\/users\/3"}],"replies":[{"embeddable":true,"href":"https:\/\/aeolusdigital.com\/fr\/wp-json\/wp\/v2\/comments?post=2266"}],"version-history":[{"count":5,"href":"https:\/\/aeolusdigital.com\/fr\/wp-json\/wp\/v2\/pages\/2266\/revisions"}],"predecessor-version":[{"id":2368,"href":"https:\/\/aeolusdigital.com\/fr\/wp-json\/wp\/v2\/pages\/2266\/revisions\/2368"}],"wp:featuredmedia":[{"embeddable":true,"href":"https:\/\/aeolusdigital.com\/fr\/wp-json\/wp\/v2\/media\/1394"}],"wp:attachment":[{"href":"https:\/\/aeolusdigital.com\/fr\/wp-json\/wp\/v2\/media?parent=2266"}],"curies":[{"name":"wp","href":"https:\/\/api.w.org\/{rel}","templated":true}]}}