{"id":2224,"date":"2021-09-23T07:36:19","date_gmt":"2021-09-23T07:36:19","guid":{"rendered":"https:\/\/aeolusdigital.com\/our-approach\/customer-retention\/"},"modified":"2025-08-27T19:45:33","modified_gmt":"2025-08-27T19:45:33","slug":"customer-retention","status":"publish","type":"page","link":"https:\/\/aeolusdigital.com\/fr\/notre-approache\/customer-retention\/","title":{"rendered":"Devenez Incontournable"},"content":{"rendered":"\n<h3 class=\"wp-block-heading\">Le pouvoir de la satisfaction client : favoriser la fid\u00e9lit\u00e9 par la satisfaction<\/h3>\n\n<p>Apr\u00e8s tous les efforts d\u00e9ploy\u00e9s pour acqu\u00e9rir ces clients, il est important de les garder satisfaits et de les inciter \u00e0 revenir. Le parcours client ne s&rsquo;arr\u00eate pas apr\u00e8s la vente ; ce n&rsquo;est que le d\u00e9but d&rsquo;une belle relation. Les clients satisfaits sont des clients fid\u00e8les, ce qui rend une entreprise prosp\u00e8re sur le long terme.<\/p>\n\n<p>Notre programme de fid\u00e9lisation client en ligne vous aide \u00e0 maintenir cette relation avec vos clients tout en r\u00e9duisant les co\u00fbts. Nous comprenons que l&rsquo;attraction de nouveaux clients est essentielle, mais fid\u00e9liser ceux que vous avez est tout aussi crucial. D\u00e9velopper une relation \u00e9tablie est souvent plus pr\u00e9cieux que de chercher constamment \u00e0 acqu\u00e9rir de nouveaux clients. Laissez-nous vous aider \u00e0 fid\u00e9liser vos clients.<\/p>\n","protected":false},"excerpt":{"rendered":"<p>Le pouvoir de la satisfaction client : favoriser la fid\u00e9lit\u00e9 par la satisfaction Apr\u00e8s tous les efforts d\u00e9ploy\u00e9s pour acqu\u00e9rir ces clients, il est important de les garder satisfaits et&#8230; &nbsp; <a class=\"read-more\" href=\"https:\/\/aeolusdigital.com\/fr\/notre-approache\/customer-retention\/\">Read More<\/a><\/p>\n","protected":false},"author":3,"featured_media":0,"parent":2121,"menu_order":0,"comment_status":"closed","ping_status":"closed","template":"templates\/tpl-approach-sub-pages.php","meta":{"_acf_changed":false,"inline_featured_image":false,"footnotes":""},"class_list":["post-2224","page","type-page","status-publish","hentry"],"acf":[],"yoast_head":"<!-- This site is optimized with the Yoast SEO plugin v25.6 - https:\/\/yoast.com\/wordpress\/plugins\/seo\/ -->\n<title>Fid\u00e9lit\u00e9 client - soyez aim\u00e9 - aeolus digital<\/title>\n<meta name=\"description\" content=\"Fid\u00e9liser vos clients vous permet de cro\u00eetre. Se concentrer uniquement sur l&#039;acquisition de nouveaux clients tout en ignorant les clients actuels entra\u00eene une stagnation.\" \/>\n<meta name=\"robots\" content=\"index, follow, max-snippet:-1, max-image-preview:large, max-video-preview:-1\" \/>\n<link rel=\"canonical\" href=\"https:\/\/aeolusdigital.com\/fr\/notre-approache\/customer-retention\/\" \/>\n<meta property=\"og:locale\" content=\"fr_FR\" \/>\n<meta property=\"og:type\" content=\"article\" \/>\n<meta property=\"og:title\" content=\"Fid\u00e9lit\u00e9 client - soyez aim\u00e9 - aeolus digital\" \/>\n<meta property=\"og:description\" content=\"Fid\u00e9liser vos clients vous permet de cro\u00eetre. Se concentrer uniquement sur l&#039;acquisition de nouveaux clients tout en ignorant les clients actuels entra\u00eene une stagnation.\" \/>\n<meta property=\"og:url\" content=\"https:\/\/aeolusdigital.com\/fr\/notre-approache\/customer-retention\/\" \/>\n<meta property=\"og:site_name\" content=\"Aeolus Digital\" \/>\n<meta property=\"article:publisher\" content=\"https:\/\/www.facebook.com\/aeolusdigital\/\" \/>\n<meta property=\"article:modified_time\" content=\"2025-08-27T19:45:33+00:00\" \/>\n<meta property=\"og:image\" content=\"https:\/\/aeolusdigital.com\/wp-content\/uploads\/2022\/01\/Logo-Dark-WhiteBG.png\" \/>\n\t<meta property=\"og:image:width\" content=\"1080\" \/>\n\t<meta property=\"og:image:height\" content=\"1080\" \/>\n\t<meta property=\"og:image:type\" content=\"image\/png\" \/>\n<meta name=\"twitter:card\" content=\"summary_large_image\" \/>\n<meta name=\"twitter:label1\" content=\"Dur\u00e9e de lecture estim\u00e9e\" \/>\n\t<meta name=\"twitter:data1\" content=\"1 minute\" \/>\n<script type=\"application\/ld+json\" class=\"yoast-schema-graph\">{\"@context\":\"https:\/\/schema.org\",\"@graph\":[{\"@type\":\"WebPage\",\"@id\":\"https:\/\/aeolusdigital.com\/fr\/notre-approache\/customer-retention\/\",\"url\":\"https:\/\/aeolusdigital.com\/fr\/notre-approache\/customer-retention\/\",\"name\":\"Fid\u00e9lit\u00e9 client - soyez aim\u00e9 - aeolus digital\",\"isPartOf\":{\"@id\":\"https:\/\/aeolusdigital.com\/fr\/#website\"},\"datePublished\":\"2021-09-23T07:36:19+00:00\",\"dateModified\":\"2025-08-27T19:45:33+00:00\",\"description\":\"Fid\u00e9liser vos clients vous permet de cro\u00eetre. Se concentrer uniquement sur l'acquisition de nouveaux clients tout en ignorant les clients actuels entra\u00eene une stagnation.\",\"breadcrumb\":{\"@id\":\"https:\/\/aeolusdigital.com\/fr\/notre-approache\/customer-retention\/#breadcrumb\"},\"inLanguage\":\"fr-FR\",\"potentialAction\":[{\"@type\":\"ReadAction\",\"target\":[\"https:\/\/aeolusdigital.com\/fr\/notre-approache\/customer-retention\/\"]}]},{\"@type\":\"BreadcrumbList\",\"@id\":\"https:\/\/aeolusdigital.com\/fr\/notre-approache\/customer-retention\/#breadcrumb\",\"itemListElement\":[{\"@type\":\"ListItem\",\"position\":1,\"name\":\"Home\",\"item\":\"https:\/\/aeolusdigital.com\/fr\/\"},{\"@type\":\"ListItem\",\"position\":2,\"name\":\"Notre approche\",\"item\":\"https:\/\/aeolusdigital.com\/fr\/notre-approache\/\"},{\"@type\":\"ListItem\",\"position\":3,\"name\":\"Devenez Incontournable\"}]},{\"@type\":\"WebSite\",\"@id\":\"https:\/\/aeolusdigital.com\/fr\/#website\",\"url\":\"https:\/\/aeolusdigital.com\/fr\/\",\"name\":\"Aeolus Digital Inc.\",\"description\":\"Local, National and International Digital Marketing &amp; Lead Generation - Aeolus Digital\",\"publisher\":{\"@id\":\"https:\/\/aeolusdigital.com\/fr\/#organization\"},\"alternateName\":\"Aeolus\",\"potentialAction\":[{\"@type\":\"SearchAction\",\"target\":{\"@type\":\"EntryPoint\",\"urlTemplate\":\"https:\/\/aeolusdigital.com\/fr\/?s={search_term_string}\"},\"query-input\":{\"@type\":\"PropertyValueSpecification\",\"valueRequired\":true,\"valueName\":\"search_term_string\"}}],\"inLanguage\":\"fr-FR\"},{\"@type\":\"Organization\",\"@id\":\"https:\/\/aeolusdigital.com\/fr\/#organization\",\"name\":\"Aeolus Digital Inc.\",\"alternateName\":\"Aeolus\",\"url\":\"https:\/\/aeolusdigital.com\/fr\/\",\"logo\":{\"@type\":\"ImageObject\",\"inLanguage\":\"fr-FR\",\"@id\":\"https:\/\/aeolusdigital.com\/fr\/#\/schema\/logo\/image\/\",\"url\":\"https:\/\/aeolusdigital.com\/wp-content\/uploads\/2022\/01\/Logo-Dark-WhiteBG.png\",\"contentUrl\":\"https:\/\/aeolusdigital.com\/wp-content\/uploads\/2022\/01\/Logo-Dark-WhiteBG.png\",\"width\":1080,\"height\":1080,\"caption\":\"Aeolus Digital Inc.\"},\"image\":{\"@id\":\"https:\/\/aeolusdigital.com\/fr\/#\/schema\/logo\/image\/\"},\"sameAs\":[\"https:\/\/www.facebook.com\/aeolusdigital\/\",\"https:\/\/www.linkedin.com\/company\/\u00e6olus-digital\/\",\"https:\/\/www.instagram.com\/aeolusdigital\/\",\"https:\/\/www.tiktok.com\/@aeolusdigital\"]}]}<\/script>\n<!-- \/ Yoast SEO plugin. -->","yoast_head_json":{"title":"Fid\u00e9lit\u00e9 client - soyez aim\u00e9 - aeolus digital","description":"Fid\u00e9liser vos clients vous permet de cro\u00eetre. Se concentrer uniquement sur l'acquisition de nouveaux clients tout en ignorant les clients actuels entra\u00eene une stagnation.","robots":{"index":"index","follow":"follow","max-snippet":"max-snippet:-1","max-image-preview":"max-image-preview:large","max-video-preview":"max-video-preview:-1"},"canonical":"https:\/\/aeolusdigital.com\/fr\/notre-approache\/customer-retention\/","og_locale":"fr_FR","og_type":"article","og_title":"Fid\u00e9lit\u00e9 client - soyez aim\u00e9 - aeolus digital","og_description":"Fid\u00e9liser vos clients vous permet de cro\u00eetre. Se concentrer uniquement sur l'acquisition de nouveaux clients tout en ignorant les clients actuels entra\u00eene une stagnation.","og_url":"https:\/\/aeolusdigital.com\/fr\/notre-approache\/customer-retention\/","og_site_name":"Aeolus Digital","article_publisher":"https:\/\/www.facebook.com\/aeolusdigital\/","article_modified_time":"2025-08-27T19:45:33+00:00","og_image":[{"width":1080,"height":1080,"url":"https:\/\/aeolusdigital.com\/wp-content\/uploads\/2022\/01\/Logo-Dark-WhiteBG.png","type":"image\/png"}],"twitter_card":"summary_large_image","twitter_misc":{"Dur\u00e9e de lecture estim\u00e9e":"1 minute"},"schema":{"@context":"https:\/\/schema.org","@graph":[{"@type":"WebPage","@id":"https:\/\/aeolusdigital.com\/fr\/notre-approache\/customer-retention\/","url":"https:\/\/aeolusdigital.com\/fr\/notre-approache\/customer-retention\/","name":"Fid\u00e9lit\u00e9 client - soyez aim\u00e9 - aeolus digital","isPartOf":{"@id":"https:\/\/aeolusdigital.com\/fr\/#website"},"datePublished":"2021-09-23T07:36:19+00:00","dateModified":"2025-08-27T19:45:33+00:00","description":"Fid\u00e9liser vos clients vous permet de cro\u00eetre. Se concentrer uniquement sur l'acquisition de nouveaux clients tout en ignorant les clients actuels entra\u00eene une stagnation.","breadcrumb":{"@id":"https:\/\/aeolusdigital.com\/fr\/notre-approache\/customer-retention\/#breadcrumb"},"inLanguage":"fr-FR","potentialAction":[{"@type":"ReadAction","target":["https:\/\/aeolusdigital.com\/fr\/notre-approache\/customer-retention\/"]}]},{"@type":"BreadcrumbList","@id":"https:\/\/aeolusdigital.com\/fr\/notre-approache\/customer-retention\/#breadcrumb","itemListElement":[{"@type":"ListItem","position":1,"name":"Home","item":"https:\/\/aeolusdigital.com\/fr\/"},{"@type":"ListItem","position":2,"name":"Notre approche","item":"https:\/\/aeolusdigital.com\/fr\/notre-approache\/"},{"@type":"ListItem","position":3,"name":"Devenez Incontournable"}]},{"@type":"WebSite","@id":"https:\/\/aeolusdigital.com\/fr\/#website","url":"https:\/\/aeolusdigital.com\/fr\/","name":"Aeolus Digital Inc.","description":"Local, National and International Digital Marketing &amp; Lead Generation - Aeolus Digital","publisher":{"@id":"https:\/\/aeolusdigital.com\/fr\/#organization"},"alternateName":"Aeolus","potentialAction":[{"@type":"SearchAction","target":{"@type":"EntryPoint","urlTemplate":"https:\/\/aeolusdigital.com\/fr\/?s={search_term_string}"},"query-input":{"@type":"PropertyValueSpecification","valueRequired":true,"valueName":"search_term_string"}}],"inLanguage":"fr-FR"},{"@type":"Organization","@id":"https:\/\/aeolusdigital.com\/fr\/#organization","name":"Aeolus Digital Inc.","alternateName":"Aeolus","url":"https:\/\/aeolusdigital.com\/fr\/","logo":{"@type":"ImageObject","inLanguage":"fr-FR","@id":"https:\/\/aeolusdigital.com\/fr\/#\/schema\/logo\/image\/","url":"https:\/\/aeolusdigital.com\/wp-content\/uploads\/2022\/01\/Logo-Dark-WhiteBG.png","contentUrl":"https:\/\/aeolusdigital.com\/wp-content\/uploads\/2022\/01\/Logo-Dark-WhiteBG.png","width":1080,"height":1080,"caption":"Aeolus Digital Inc."},"image":{"@id":"https:\/\/aeolusdigital.com\/fr\/#\/schema\/logo\/image\/"},"sameAs":["https:\/\/www.facebook.com\/aeolusdigital\/","https:\/\/www.linkedin.com\/company\/\u00e6olus-digital\/","https:\/\/www.instagram.com\/aeolusdigital\/","https:\/\/www.tiktok.com\/@aeolusdigital"]}]}},"_links":{"self":[{"href":"https:\/\/aeolusdigital.com\/fr\/wp-json\/wp\/v2\/pages\/2224"}],"collection":[{"href":"https:\/\/aeolusdigital.com\/fr\/wp-json\/wp\/v2\/pages"}],"about":[{"href":"https:\/\/aeolusdigital.com\/fr\/wp-json\/wp\/v2\/types\/page"}],"author":[{"embeddable":true,"href":"https:\/\/aeolusdigital.com\/fr\/wp-json\/wp\/v2\/users\/3"}],"replies":[{"embeddable":true,"href":"https:\/\/aeolusdigital.com\/fr\/wp-json\/wp\/v2\/comments?post=2224"}],"version-history":[{"count":2,"href":"https:\/\/aeolusdigital.com\/fr\/wp-json\/wp\/v2\/pages\/2224\/revisions"}],"predecessor-version":[{"id":2382,"href":"https:\/\/aeolusdigital.com\/fr\/wp-json\/wp\/v2\/pages\/2224\/revisions\/2382"}],"up":[{"embeddable":true,"href":"https:\/\/aeolusdigital.com\/fr\/wp-json\/wp\/v2\/pages\/2121"}],"wp:attachment":[{"href":"https:\/\/aeolusdigital.com\/fr\/wp-json\/wp\/v2\/media?parent=2224"}],"curies":[{"name":"wp","href":"https:\/\/api.w.org\/{rel}","templated":true}]}}