{"id":2219,"date":"2021-09-23T07:35:54","date_gmt":"2021-09-23T07:35:54","guid":{"rendered":"https:\/\/aeolusdigital.com\/our-approach\/online-presence\/"},"modified":"2025-08-27T19:46:15","modified_gmt":"2025-08-27T19:46:15","slug":"online-presence","status":"publish","type":"page","link":"https:\/\/aeolusdigital.com\/fr\/notre-approache\/online-presence\/","title":{"rendered":"Soyez visible"},"content":{"rendered":"\n<h3 class=\"wp-block-heading\">Pour \u00eatre utile, vous devez \u00eatre visible !<\/h3>\n\n<p>Au c\u0153ur de toute entreprise prosp\u00e8re se trouve une solide pr\u00e9sence num\u00e9rique. Si vous n&rsquo;\u00eates pas en ligne, vous \u00eates \u00e0 peine visible pour vos clients. Mais avec tant d&rsquo;options disponibles, comment savoir par o\u00f9 commencer ? Avec nous, bien s\u00fbr ! Nous travaillerons en \u00e9troite collaboration avec vous pour comprendre vos objectifs et votre budget, et cr\u00e9er une strat\u00e9gie sur mesure qui r\u00e9pond \u00e0 vos besoins sp\u00e9cifiques. Que ce soit par le biais du r\u00e9f\u00e9rencement naturel, du r\u00e9f\u00e9rencement payant ou d&rsquo;autres publicit\u00e9s num\u00e9riques, nous vous aiderons \u00e0 accro\u00eetre votre visibilit\u00e9 en ligne et \u00e0 \u00eatre trouv\u00e9 par les bons clients. Car au final, notre succ\u00e8s est partag\u00e9.      <\/p>\n","protected":false},"excerpt":{"rendered":"<p>Pour \u00eatre utile, vous devez \u00eatre visible ! Au c\u0153ur de toute entreprise prosp\u00e8re se trouve une solide pr\u00e9sence num\u00e9rique. Si vous n&rsquo;\u00eates pas en ligne, vous \u00eates \u00e0 peine&#8230; &nbsp; <a class=\"read-more\" href=\"https:\/\/aeolusdigital.com\/fr\/notre-approache\/online-presence\/\">Read More<\/a><\/p>\n","protected":false},"author":3,"featured_media":0,"parent":2121,"menu_order":0,"comment_status":"closed","ping_status":"closed","template":"templates\/tpl-approach-sub-pages.php","meta":{"_acf_changed":false,"inline_featured_image":false,"footnotes":""},"class_list":["post-2219","page","type-page","status-publish","hentry"],"acf":[],"yoast_head":"<!-- This site is optimized with the Yoast SEO plugin v25.6 - https:\/\/yoast.com\/wordpress\/plugins\/seo\/ -->\n<title>Pr\u00e9sence en ligne - soyez visible - aeolus digital<\/title>\n<meta name=\"description\" content=\"Sans pr\u00e9sence en ligne, votre entreprise reste invisible. Assurez-vous d&#039;\u00eatre trouvable par votre cible.\" \/>\n<meta name=\"robots\" content=\"index, follow, max-snippet:-1, max-image-preview:large, max-video-preview:-1\" \/>\n<link rel=\"canonical\" href=\"https:\/\/aeolusdigital.com\/fr\/notre-approache\/online-presence\/\" \/>\n<meta property=\"og:locale\" content=\"fr_FR\" \/>\n<meta property=\"og:type\" content=\"article\" \/>\n<meta property=\"og:title\" content=\"Pr\u00e9sence en ligne - soyez visible - aeolus digital\" \/>\n<meta property=\"og:description\" content=\"Sans pr\u00e9sence en ligne, votre entreprise reste invisible. Assurez-vous d&#039;\u00eatre trouvable par votre cible.\" \/>\n<meta property=\"og:url\" content=\"https:\/\/aeolusdigital.com\/fr\/notre-approache\/online-presence\/\" \/>\n<meta property=\"og:site_name\" content=\"Aeolus Digital\" \/>\n<meta property=\"article:publisher\" content=\"https:\/\/www.facebook.com\/aeolusdigital\/\" \/>\n<meta property=\"article:modified_time\" content=\"2025-08-27T19:46:15+00:00\" \/>\n<meta property=\"og:image\" content=\"https:\/\/aeolusdigital.com\/wp-content\/uploads\/2022\/01\/Logo-Dark-WhiteBG.png\" \/>\n\t<meta property=\"og:image:width\" content=\"1080\" \/>\n\t<meta property=\"og:image:height\" content=\"1080\" \/>\n\t<meta property=\"og:image:type\" content=\"image\/png\" \/>\n<meta name=\"twitter:card\" content=\"summary_large_image\" \/>\n<meta name=\"twitter:label1\" content=\"Dur\u00e9e de lecture estim\u00e9e\" \/>\n\t<meta name=\"twitter:data1\" content=\"1 minute\" \/>\n<script type=\"application\/ld+json\" class=\"yoast-schema-graph\">{\"@context\":\"https:\/\/schema.org\",\"@graph\":[{\"@type\":\"WebPage\",\"@id\":\"https:\/\/aeolusdigital.com\/fr\/notre-approache\/online-presence\/\",\"url\":\"https:\/\/aeolusdigital.com\/fr\/notre-approache\/online-presence\/\",\"name\":\"Pr\u00e9sence en ligne - soyez visible - aeolus digital\",\"isPartOf\":{\"@id\":\"https:\/\/aeolusdigital.com\/fr\/#website\"},\"datePublished\":\"2021-09-23T07:35:54+00:00\",\"dateModified\":\"2025-08-27T19:46:15+00:00\",\"description\":\"Sans pr\u00e9sence en ligne, votre entreprise reste invisible. Assurez-vous d'\u00eatre trouvable par votre cible.\",\"breadcrumb\":{\"@id\":\"https:\/\/aeolusdigital.com\/fr\/notre-approache\/online-presence\/#breadcrumb\"},\"inLanguage\":\"fr-FR\",\"potentialAction\":[{\"@type\":\"ReadAction\",\"target\":[\"https:\/\/aeolusdigital.com\/fr\/notre-approache\/online-presence\/\"]}]},{\"@type\":\"BreadcrumbList\",\"@id\":\"https:\/\/aeolusdigital.com\/fr\/notre-approache\/online-presence\/#breadcrumb\",\"itemListElement\":[{\"@type\":\"ListItem\",\"position\":1,\"name\":\"Home\",\"item\":\"https:\/\/aeolusdigital.com\/fr\/\"},{\"@type\":\"ListItem\",\"position\":2,\"name\":\"Notre approche\",\"item\":\"https:\/\/aeolusdigital.com\/fr\/notre-approache\/\"},{\"@type\":\"ListItem\",\"position\":3,\"name\":\"Soyez visible\"}]},{\"@type\":\"WebSite\",\"@id\":\"https:\/\/aeolusdigital.com\/fr\/#website\",\"url\":\"https:\/\/aeolusdigital.com\/fr\/\",\"name\":\"Aeolus Digital Inc.\",\"description\":\"Local, National and International Digital Marketing &amp; Lead Generation - Aeolus Digital\",\"publisher\":{\"@id\":\"https:\/\/aeolusdigital.com\/fr\/#organization\"},\"alternateName\":\"Aeolus\",\"potentialAction\":[{\"@type\":\"SearchAction\",\"target\":{\"@type\":\"EntryPoint\",\"urlTemplate\":\"https:\/\/aeolusdigital.com\/fr\/?s={search_term_string}\"},\"query-input\":{\"@type\":\"PropertyValueSpecification\",\"valueRequired\":true,\"valueName\":\"search_term_string\"}}],\"inLanguage\":\"fr-FR\"},{\"@type\":\"Organization\",\"@id\":\"https:\/\/aeolusdigital.com\/fr\/#organization\",\"name\":\"Aeolus Digital Inc.\",\"alternateName\":\"Aeolus\",\"url\":\"https:\/\/aeolusdigital.com\/fr\/\",\"logo\":{\"@type\":\"ImageObject\",\"inLanguage\":\"fr-FR\",\"@id\":\"https:\/\/aeolusdigital.com\/fr\/#\/schema\/logo\/image\/\",\"url\":\"https:\/\/aeolusdigital.com\/wp-content\/uploads\/2022\/01\/Logo-Dark-WhiteBG.png\",\"contentUrl\":\"https:\/\/aeolusdigital.com\/wp-content\/uploads\/2022\/01\/Logo-Dark-WhiteBG.png\",\"width\":1080,\"height\":1080,\"caption\":\"Aeolus Digital Inc.\"},\"image\":{\"@id\":\"https:\/\/aeolusdigital.com\/fr\/#\/schema\/logo\/image\/\"},\"sameAs\":[\"https:\/\/www.facebook.com\/aeolusdigital\/\",\"https:\/\/www.linkedin.com\/company\/\u00e6olus-digital\/\",\"https:\/\/www.instagram.com\/aeolusdigital\/\",\"https:\/\/www.tiktok.com\/@aeolusdigital\"]}]}<\/script>\n<!-- \/ Yoast SEO plugin. -->","yoast_head_json":{"title":"Pr\u00e9sence en ligne - soyez visible - aeolus digital","description":"Sans pr\u00e9sence en ligne, votre entreprise reste invisible. Assurez-vous d'\u00eatre trouvable par votre cible.","robots":{"index":"index","follow":"follow","max-snippet":"max-snippet:-1","max-image-preview":"max-image-preview:large","max-video-preview":"max-video-preview:-1"},"canonical":"https:\/\/aeolusdigital.com\/fr\/notre-approache\/online-presence\/","og_locale":"fr_FR","og_type":"article","og_title":"Pr\u00e9sence en ligne - soyez visible - aeolus digital","og_description":"Sans pr\u00e9sence en ligne, votre entreprise reste invisible. Assurez-vous d'\u00eatre trouvable par votre cible.","og_url":"https:\/\/aeolusdigital.com\/fr\/notre-approache\/online-presence\/","og_site_name":"Aeolus Digital","article_publisher":"https:\/\/www.facebook.com\/aeolusdigital\/","article_modified_time":"2025-08-27T19:46:15+00:00","og_image":[{"width":1080,"height":1080,"url":"https:\/\/aeolusdigital.com\/wp-content\/uploads\/2022\/01\/Logo-Dark-WhiteBG.png","type":"image\/png"}],"twitter_card":"summary_large_image","twitter_misc":{"Dur\u00e9e de lecture estim\u00e9e":"1 minute"},"schema":{"@context":"https:\/\/schema.org","@graph":[{"@type":"WebPage","@id":"https:\/\/aeolusdigital.com\/fr\/notre-approache\/online-presence\/","url":"https:\/\/aeolusdigital.com\/fr\/notre-approache\/online-presence\/","name":"Pr\u00e9sence en ligne - soyez visible - aeolus digital","isPartOf":{"@id":"https:\/\/aeolusdigital.com\/fr\/#website"},"datePublished":"2021-09-23T07:35:54+00:00","dateModified":"2025-08-27T19:46:15+00:00","description":"Sans pr\u00e9sence en ligne, votre entreprise reste invisible. Assurez-vous d'\u00eatre trouvable par votre cible.","breadcrumb":{"@id":"https:\/\/aeolusdigital.com\/fr\/notre-approache\/online-presence\/#breadcrumb"},"inLanguage":"fr-FR","potentialAction":[{"@type":"ReadAction","target":["https:\/\/aeolusdigital.com\/fr\/notre-approache\/online-presence\/"]}]},{"@type":"BreadcrumbList","@id":"https:\/\/aeolusdigital.com\/fr\/notre-approache\/online-presence\/#breadcrumb","itemListElement":[{"@type":"ListItem","position":1,"name":"Home","item":"https:\/\/aeolusdigital.com\/fr\/"},{"@type":"ListItem","position":2,"name":"Notre approche","item":"https:\/\/aeolusdigital.com\/fr\/notre-approache\/"},{"@type":"ListItem","position":3,"name":"Soyez visible"}]},{"@type":"WebSite","@id":"https:\/\/aeolusdigital.com\/fr\/#website","url":"https:\/\/aeolusdigital.com\/fr\/","name":"Aeolus Digital Inc.","description":"Local, National and International Digital Marketing &amp; Lead Generation - Aeolus Digital","publisher":{"@id":"https:\/\/aeolusdigital.com\/fr\/#organization"},"alternateName":"Aeolus","potentialAction":[{"@type":"SearchAction","target":{"@type":"EntryPoint","urlTemplate":"https:\/\/aeolusdigital.com\/fr\/?s={search_term_string}"},"query-input":{"@type":"PropertyValueSpecification","valueRequired":true,"valueName":"search_term_string"}}],"inLanguage":"fr-FR"},{"@type":"Organization","@id":"https:\/\/aeolusdigital.com\/fr\/#organization","name":"Aeolus Digital Inc.","alternateName":"Aeolus","url":"https:\/\/aeolusdigital.com\/fr\/","logo":{"@type":"ImageObject","inLanguage":"fr-FR","@id":"https:\/\/aeolusdigital.com\/fr\/#\/schema\/logo\/image\/","url":"https:\/\/aeolusdigital.com\/wp-content\/uploads\/2022\/01\/Logo-Dark-WhiteBG.png","contentUrl":"https:\/\/aeolusdigital.com\/wp-content\/uploads\/2022\/01\/Logo-Dark-WhiteBG.png","width":1080,"height":1080,"caption":"Aeolus Digital Inc."},"image":{"@id":"https:\/\/aeolusdigital.com\/fr\/#\/schema\/logo\/image\/"},"sameAs":["https:\/\/www.facebook.com\/aeolusdigital\/","https:\/\/www.linkedin.com\/company\/\u00e6olus-digital\/","https:\/\/www.instagram.com\/aeolusdigital\/","https:\/\/www.tiktok.com\/@aeolusdigital"]}]}},"_links":{"self":[{"href":"https:\/\/aeolusdigital.com\/fr\/wp-json\/wp\/v2\/pages\/2219"}],"collection":[{"href":"https:\/\/aeolusdigital.com\/fr\/wp-json\/wp\/v2\/pages"}],"about":[{"href":"https:\/\/aeolusdigital.com\/fr\/wp-json\/wp\/v2\/types\/page"}],"author":[{"embeddable":true,"href":"https:\/\/aeolusdigital.com\/fr\/wp-json\/wp\/v2\/users\/3"}],"replies":[{"embeddable":true,"href":"https:\/\/aeolusdigital.com\/fr\/wp-json\/wp\/v2\/comments?post=2219"}],"version-history":[{"count":2,"href":"https:\/\/aeolusdigital.com\/fr\/wp-json\/wp\/v2\/pages\/2219\/revisions"}],"predecessor-version":[{"id":2223,"href":"https:\/\/aeolusdigital.com\/fr\/wp-json\/wp\/v2\/pages\/2219\/revisions\/2223"}],"up":[{"embeddable":true,"href":"https:\/\/aeolusdigital.com\/fr\/wp-json\/wp\/v2\/pages\/2121"}],"wp:attachment":[{"href":"https:\/\/aeolusdigital.com\/fr\/wp-json\/wp\/v2\/media?parent=2219"}],"curies":[{"name":"wp","href":"https:\/\/api.w.org\/{rel}","templated":true}]}}