{"id":2202,"date":"2021-09-23T07:35:16","date_gmt":"2021-09-23T07:35:16","guid":{"rendered":"https:\/\/aeolusdigital.com\/our-approach\/brand-awareness\/"},"modified":"2025-08-27T19:44:36","modified_gmt":"2025-08-27T19:44:36","slug":"brand-awareness","status":"publish","type":"page","link":"https:\/\/aeolusdigital.com\/fr\/notre-approache\/brand-awareness\/","title":{"rendered":"Faites-vous conna\u00eetre"},"content":{"rendered":"\n<h3 class=\"wp-block-heading\">La confiance est essentielle pour vendre<\/h3>\n\n<p>D\u00e9velopper la notori\u00e9t\u00e9 de la marque est une \u00e9tape initiale cruciale souvent n\u00e9glig\u00e9e dans le parcours vers un r\u00e9sultat commercial r\u00e9ussi, particuli\u00e8rement lorsque les entreprises d\u00e9butent localement par le bouche-\u00e0-oreille. Cependant, \u00e0 mesure que votre entreprise se d\u00e9veloppe, il devient essentiel de vous concentrer sur l&rsquo;image de votre marque en ligne et de vous assurer d&rsquo;attirer les clients appropri\u00e9s. Cette \u00e9tape est cruciale pour familiariser les clients potentiels avec les produits et services de votre entreprise.<\/p>\n\n<p>Face \u00e0 la pl\u00e9thore de marques et d&rsquo;entreprises qui sont en concurrence avec des marques bien connues, qui ne sont peut-\u00eatre m\u00eame pas canadiennes, il peut \u00eatre difficile de se d\u00e9marquer. Bien que vous puissiez croire que vous offrez les meilleurs produits et services, vos clients doivent \u00e9galement en \u00eatre convaincus. Nous comprenons l&rsquo;importance de gagner la confiance et l&rsquo;assurance des clients envers votre marque, et nous sommes l\u00e0 pour vous aider \u00e0 atteindre cet objectif.<\/p>\n","protected":false},"excerpt":{"rendered":"<p>La confiance est essentielle pour vendre D\u00e9velopper la notori\u00e9t\u00e9 de la marque est une \u00e9tape initiale cruciale souvent n\u00e9glig\u00e9e dans le parcours vers un r\u00e9sultat commercial r\u00e9ussi, particuli\u00e8rement lorsque les&#8230; &nbsp; <a class=\"read-more\" href=\"https:\/\/aeolusdigital.com\/fr\/notre-approache\/brand-awareness\/\">Read More<\/a><\/p>\n","protected":false},"author":3,"featured_media":0,"parent":2121,"menu_order":0,"comment_status":"closed","ping_status":"closed","template":"templates\/tpl-approach-sub-pages.php","meta":{"_acf_changed":false,"inline_featured_image":false,"footnotes":""},"class_list":["post-2202","page","type-page","status-publish","hentry"],"acf":[],"yoast_head":"<!-- This site is optimized with the Yoast SEO plugin v25.6 - https:\/\/yoast.com\/wordpress\/plugins\/seo\/ -->\n<title>Notori\u00e9t\u00e9 - faites-vous conna\u00eetre - aeolus digital<\/title>\n<meta name=\"description\" content=\"La notori\u00e9t\u00e9 de la marque est souvent l&#039;\u00e9l\u00e9ment crucial que les marques oublient. Il faut du temps pour \u00e9tablir la confiance et une identit\u00e9 forte. Nous sommes l\u00e0 pour vous aider.\" \/>\n<meta name=\"robots\" content=\"index, follow, max-snippet:-1, max-image-preview:large, max-video-preview:-1\" \/>\n<link rel=\"canonical\" href=\"https:\/\/aeolusdigital.com\/fr\/notre-approache\/brand-awareness\/\" \/>\n<meta property=\"og:locale\" content=\"fr_FR\" \/>\n<meta property=\"og:type\" content=\"article\" \/>\n<meta property=\"og:title\" content=\"Notori\u00e9t\u00e9 - faites-vous conna\u00eetre - aeolus digital\" \/>\n<meta property=\"og:description\" content=\"La notori\u00e9t\u00e9 de la marque est souvent l&#039;\u00e9l\u00e9ment crucial que les marques oublient. Il faut du temps pour \u00e9tablir la confiance et une identit\u00e9 forte. Nous sommes l\u00e0 pour vous aider.\" \/>\n<meta property=\"og:url\" content=\"https:\/\/aeolusdigital.com\/fr\/notre-approache\/brand-awareness\/\" \/>\n<meta property=\"og:site_name\" content=\"Aeolus Digital\" \/>\n<meta property=\"article:publisher\" content=\"https:\/\/www.facebook.com\/aeolusdigital\/\" \/>\n<meta property=\"article:modified_time\" content=\"2025-08-27T19:44:36+00:00\" \/>\n<meta property=\"og:image\" content=\"https:\/\/aeolusdigital.com\/wp-content\/uploads\/2022\/01\/Logo-Dark-WhiteBG.png\" \/>\n\t<meta property=\"og:image:width\" content=\"1080\" \/>\n\t<meta property=\"og:image:height\" content=\"1080\" \/>\n\t<meta property=\"og:image:type\" content=\"image\/png\" \/>\n<meta name=\"twitter:card\" content=\"summary_large_image\" \/>\n<meta name=\"twitter:label1\" content=\"Dur\u00e9e de lecture estim\u00e9e\" \/>\n\t<meta name=\"twitter:data1\" content=\"1 minute\" \/>\n<script type=\"application\/ld+json\" class=\"yoast-schema-graph\">{\"@context\":\"https:\/\/schema.org\",\"@graph\":[{\"@type\":\"WebPage\",\"@id\":\"https:\/\/aeolusdigital.com\/fr\/notre-approache\/brand-awareness\/\",\"url\":\"https:\/\/aeolusdigital.com\/fr\/notre-approache\/brand-awareness\/\",\"name\":\"Notori\u00e9t\u00e9 - faites-vous conna\u00eetre - aeolus digital\",\"isPartOf\":{\"@id\":\"https:\/\/aeolusdigital.com\/fr\/#website\"},\"datePublished\":\"2021-09-23T07:35:16+00:00\",\"dateModified\":\"2025-08-27T19:44:36+00:00\",\"description\":\"La notori\u00e9t\u00e9 de la marque est souvent l'\u00e9l\u00e9ment crucial que les marques oublient. Il faut du temps pour \u00e9tablir la confiance et une identit\u00e9 forte. Nous sommes l\u00e0 pour vous aider.\",\"breadcrumb\":{\"@id\":\"https:\/\/aeolusdigital.com\/fr\/notre-approache\/brand-awareness\/#breadcrumb\"},\"inLanguage\":\"fr-FR\",\"potentialAction\":[{\"@type\":\"ReadAction\",\"target\":[\"https:\/\/aeolusdigital.com\/fr\/notre-approache\/brand-awareness\/\"]}]},{\"@type\":\"BreadcrumbList\",\"@id\":\"https:\/\/aeolusdigital.com\/fr\/notre-approache\/brand-awareness\/#breadcrumb\",\"itemListElement\":[{\"@type\":\"ListItem\",\"position\":1,\"name\":\"Home\",\"item\":\"https:\/\/aeolusdigital.com\/fr\/\"},{\"@type\":\"ListItem\",\"position\":2,\"name\":\"Notre approche\",\"item\":\"https:\/\/aeolusdigital.com\/fr\/notre-approache\/\"},{\"@type\":\"ListItem\",\"position\":3,\"name\":\"Faites-vous conna\u00eetre\"}]},{\"@type\":\"WebSite\",\"@id\":\"https:\/\/aeolusdigital.com\/fr\/#website\",\"url\":\"https:\/\/aeolusdigital.com\/fr\/\",\"name\":\"Aeolus Digital Inc.\",\"description\":\"Local, National and International Digital Marketing &amp; Lead Generation - Aeolus Digital\",\"publisher\":{\"@id\":\"https:\/\/aeolusdigital.com\/fr\/#organization\"},\"alternateName\":\"Aeolus\",\"potentialAction\":[{\"@type\":\"SearchAction\",\"target\":{\"@type\":\"EntryPoint\",\"urlTemplate\":\"https:\/\/aeolusdigital.com\/fr\/?s={search_term_string}\"},\"query-input\":{\"@type\":\"PropertyValueSpecification\",\"valueRequired\":true,\"valueName\":\"search_term_string\"}}],\"inLanguage\":\"fr-FR\"},{\"@type\":\"Organization\",\"@id\":\"https:\/\/aeolusdigital.com\/fr\/#organization\",\"name\":\"Aeolus Digital Inc.\",\"alternateName\":\"Aeolus\",\"url\":\"https:\/\/aeolusdigital.com\/fr\/\",\"logo\":{\"@type\":\"ImageObject\",\"inLanguage\":\"fr-FR\",\"@id\":\"https:\/\/aeolusdigital.com\/fr\/#\/schema\/logo\/image\/\",\"url\":\"https:\/\/aeolusdigital.com\/wp-content\/uploads\/2022\/01\/Logo-Dark-WhiteBG.png\",\"contentUrl\":\"https:\/\/aeolusdigital.com\/wp-content\/uploads\/2022\/01\/Logo-Dark-WhiteBG.png\",\"width\":1080,\"height\":1080,\"caption\":\"Aeolus Digital Inc.\"},\"image\":{\"@id\":\"https:\/\/aeolusdigital.com\/fr\/#\/schema\/logo\/image\/\"},\"sameAs\":[\"https:\/\/www.facebook.com\/aeolusdigital\/\",\"https:\/\/www.linkedin.com\/company\/\u00e6olus-digital\/\",\"https:\/\/www.instagram.com\/aeolusdigital\/\",\"https:\/\/www.tiktok.com\/@aeolusdigital\"]}]}<\/script>\n<!-- \/ Yoast SEO plugin. -->","yoast_head_json":{"title":"Notori\u00e9t\u00e9 - faites-vous conna\u00eetre - aeolus digital","description":"La notori\u00e9t\u00e9 de la marque est souvent l'\u00e9l\u00e9ment crucial que les marques oublient. Il faut du temps pour \u00e9tablir la confiance et une identit\u00e9 forte. Nous sommes l\u00e0 pour vous aider.","robots":{"index":"index","follow":"follow","max-snippet":"max-snippet:-1","max-image-preview":"max-image-preview:large","max-video-preview":"max-video-preview:-1"},"canonical":"https:\/\/aeolusdigital.com\/fr\/notre-approache\/brand-awareness\/","og_locale":"fr_FR","og_type":"article","og_title":"Notori\u00e9t\u00e9 - faites-vous conna\u00eetre - aeolus digital","og_description":"La notori\u00e9t\u00e9 de la marque est souvent l'\u00e9l\u00e9ment crucial que les marques oublient. Il faut du temps pour \u00e9tablir la confiance et une identit\u00e9 forte. Nous sommes l\u00e0 pour vous aider.","og_url":"https:\/\/aeolusdigital.com\/fr\/notre-approache\/brand-awareness\/","og_site_name":"Aeolus Digital","article_publisher":"https:\/\/www.facebook.com\/aeolusdigital\/","article_modified_time":"2025-08-27T19:44:36+00:00","og_image":[{"width":1080,"height":1080,"url":"https:\/\/aeolusdigital.com\/wp-content\/uploads\/2022\/01\/Logo-Dark-WhiteBG.png","type":"image\/png"}],"twitter_card":"summary_large_image","twitter_misc":{"Dur\u00e9e de lecture estim\u00e9e":"1 minute"},"schema":{"@context":"https:\/\/schema.org","@graph":[{"@type":"WebPage","@id":"https:\/\/aeolusdigital.com\/fr\/notre-approache\/brand-awareness\/","url":"https:\/\/aeolusdigital.com\/fr\/notre-approache\/brand-awareness\/","name":"Notori\u00e9t\u00e9 - faites-vous conna\u00eetre - aeolus digital","isPartOf":{"@id":"https:\/\/aeolusdigital.com\/fr\/#website"},"datePublished":"2021-09-23T07:35:16+00:00","dateModified":"2025-08-27T19:44:36+00:00","description":"La notori\u00e9t\u00e9 de la marque est souvent l'\u00e9l\u00e9ment crucial que les marques oublient. Il faut du temps pour \u00e9tablir la confiance et une identit\u00e9 forte. Nous sommes l\u00e0 pour vous aider.","breadcrumb":{"@id":"https:\/\/aeolusdigital.com\/fr\/notre-approache\/brand-awareness\/#breadcrumb"},"inLanguage":"fr-FR","potentialAction":[{"@type":"ReadAction","target":["https:\/\/aeolusdigital.com\/fr\/notre-approache\/brand-awareness\/"]}]},{"@type":"BreadcrumbList","@id":"https:\/\/aeolusdigital.com\/fr\/notre-approache\/brand-awareness\/#breadcrumb","itemListElement":[{"@type":"ListItem","position":1,"name":"Home","item":"https:\/\/aeolusdigital.com\/fr\/"},{"@type":"ListItem","position":2,"name":"Notre approche","item":"https:\/\/aeolusdigital.com\/fr\/notre-approache\/"},{"@type":"ListItem","position":3,"name":"Faites-vous conna\u00eetre"}]},{"@type":"WebSite","@id":"https:\/\/aeolusdigital.com\/fr\/#website","url":"https:\/\/aeolusdigital.com\/fr\/","name":"Aeolus Digital Inc.","description":"Local, National and International Digital Marketing &amp; Lead Generation - Aeolus Digital","publisher":{"@id":"https:\/\/aeolusdigital.com\/fr\/#organization"},"alternateName":"Aeolus","potentialAction":[{"@type":"SearchAction","target":{"@type":"EntryPoint","urlTemplate":"https:\/\/aeolusdigital.com\/fr\/?s={search_term_string}"},"query-input":{"@type":"PropertyValueSpecification","valueRequired":true,"valueName":"search_term_string"}}],"inLanguage":"fr-FR"},{"@type":"Organization","@id":"https:\/\/aeolusdigital.com\/fr\/#organization","name":"Aeolus Digital Inc.","alternateName":"Aeolus","url":"https:\/\/aeolusdigital.com\/fr\/","logo":{"@type":"ImageObject","inLanguage":"fr-FR","@id":"https:\/\/aeolusdigital.com\/fr\/#\/schema\/logo\/image\/","url":"https:\/\/aeolusdigital.com\/wp-content\/uploads\/2022\/01\/Logo-Dark-WhiteBG.png","contentUrl":"https:\/\/aeolusdigital.com\/wp-content\/uploads\/2022\/01\/Logo-Dark-WhiteBG.png","width":1080,"height":1080,"caption":"Aeolus Digital Inc."},"image":{"@id":"https:\/\/aeolusdigital.com\/fr\/#\/schema\/logo\/image\/"},"sameAs":["https:\/\/www.facebook.com\/aeolusdigital\/","https:\/\/www.linkedin.com\/company\/\u00e6olus-digital\/","https:\/\/www.instagram.com\/aeolusdigital\/","https:\/\/www.tiktok.com\/@aeolusdigital"]}]}},"_links":{"self":[{"href":"https:\/\/aeolusdigital.com\/fr\/wp-json\/wp\/v2\/pages\/2202"}],"collection":[{"href":"https:\/\/aeolusdigital.com\/fr\/wp-json\/wp\/v2\/pages"}],"about":[{"href":"https:\/\/aeolusdigital.com\/fr\/wp-json\/wp\/v2\/types\/page"}],"author":[{"embeddable":true,"href":"https:\/\/aeolusdigital.com\/fr\/wp-json\/wp\/v2\/users\/3"}],"replies":[{"embeddable":true,"href":"https:\/\/aeolusdigital.com\/fr\/wp-json\/wp\/v2\/comments?post=2202"}],"version-history":[{"count":4,"href":"https:\/\/aeolusdigital.com\/fr\/wp-json\/wp\/v2\/pages\/2202\/revisions"}],"predecessor-version":[{"id":2271,"href":"https:\/\/aeolusdigital.com\/fr\/wp-json\/wp\/v2\/pages\/2202\/revisions\/2271"}],"up":[{"embeddable":true,"href":"https:\/\/aeolusdigital.com\/fr\/wp-json\/wp\/v2\/pages\/2121"}],"wp:attachment":[{"href":"https:\/\/aeolusdigital.com\/fr\/wp-json\/wp\/v2\/media?parent=2202"}],"curies":[{"name":"wp","href":"https:\/\/api.w.org\/{rel}","templated":true}]}}