{"id":2121,"date":"2021-09-24T14:25:31","date_gmt":"2021-09-24T14:25:31","guid":{"rendered":"https:\/\/aeolusdigital.com\/our-approach\/"},"modified":"2025-09-12T18:04:29","modified_gmt":"2025-09-12T18:04:29","slug":"notre-approache","status":"publish","type":"page","link":"https:\/\/aeolusdigital.com\/fr\/notre-approache\/","title":{"rendered":"Notre approche"},"content":{"rendered":"\n<p>Au c\u0153ur de notre activit\u00e9, nous nous engageons \u00e0 offrir des performances exceptionnelles et \u00e0 fournir une exp\u00e9rience client fantastique.<\/p>\n","protected":false},"excerpt":{"rendered":"<p>Au c\u0153ur de notre activit\u00e9, nous nous engageons \u00e0 offrir des performances exceptionnelles et \u00e0 fournir une exp\u00e9rience client fantastique.<\/p>\n","protected":false},"author":3,"featured_media":1448,"parent":0,"menu_order":0,"comment_status":"closed","ping_status":"closed","template":"templates\/tpl-landing.php","meta":{"_acf_changed":false,"inline_featured_image":false,"footnotes":""},"class_list":["post-2121","page","type-page","status-publish","has-post-thumbnail","hentry"],"acf":[],"yoast_head":"<!-- This site is optimized with the Yoast SEO plugin v25.6 - https:\/\/yoast.com\/wordpress\/plugins\/seo\/ -->\n<title>Strat\u00e9gie de g\u00e9n\u00e9ration de leads en ligne - Aeolus Digital<\/title>\n<meta name=\"description\" content=\"D\u00e9couvrez l&#039;approche d&#039;Aeolus Digital en mati\u00e8re de g\u00e9n\u00e9ration de leads en ligne. Apprenez comment nous attirons et convertissons les prospects en clients pour d\u00e9velopper efficacement votre entreprise.\" \/>\n<meta name=\"robots\" content=\"index, follow, max-snippet:-1, max-image-preview:large, max-video-preview:-1\" \/>\n<link rel=\"canonical\" href=\"https:\/\/aeolusdigital.com\/fr\/notre-approache\/\" \/>\n<meta property=\"og:locale\" content=\"fr_FR\" \/>\n<meta property=\"og:type\" content=\"article\" \/>\n<meta property=\"og:title\" content=\"Strat\u00e9gie de g\u00e9n\u00e9ration de leads en ligne - Aeolus Digital\" \/>\n<meta property=\"og:description\" content=\"D\u00e9couvrez l&#039;approche d&#039;Aeolus Digital en mati\u00e8re de g\u00e9n\u00e9ration de leads en ligne. Apprenez comment nous attirons et convertissons les prospects en clients pour d\u00e9velopper efficacement votre entreprise.\" \/>\n<meta property=\"og:url\" content=\"https:\/\/aeolusdigital.com\/fr\/notre-approache\/\" \/>\n<meta property=\"og:site_name\" content=\"Aeolus Digital\" \/>\n<meta property=\"article:publisher\" content=\"https:\/\/www.facebook.com\/aeolusdigital\/\" \/>\n<meta property=\"article:modified_time\" content=\"2025-09-12T18:04:29+00:00\" \/>\n<meta property=\"og:image\" content=\"https:\/\/aeolusdigital.com\/wp-content\/uploads\/2021\/09\/approach-v2-bg-scaled.jpg\" \/>\n\t<meta property=\"og:image:width\" content=\"2560\" \/>\n\t<meta property=\"og:image:height\" content=\"1035\" \/>\n\t<meta property=\"og:image:type\" content=\"image\/jpeg\" \/>\n<meta name=\"twitter:card\" content=\"summary_large_image\" \/>\n<script type=\"application\/ld+json\" class=\"yoast-schema-graph\">{\"@context\":\"https:\/\/schema.org\",\"@graph\":[{\"@type\":\"WebPage\",\"@id\":\"https:\/\/aeolusdigital.com\/fr\/notre-approache\/\",\"url\":\"https:\/\/aeolusdigital.com\/fr\/notre-approache\/\",\"name\":\"Strat\u00e9gie de g\u00e9n\u00e9ration de leads en ligne - Aeolus Digital\",\"isPartOf\":{\"@id\":\"https:\/\/aeolusdigital.com\/fr\/#website\"},\"primaryImageOfPage\":{\"@id\":\"https:\/\/aeolusdigital.com\/fr\/notre-approache\/#primaryimage\"},\"image\":{\"@id\":\"https:\/\/aeolusdigital.com\/fr\/notre-approache\/#primaryimage\"},\"thumbnailUrl\":\"https:\/\/aeolusdigital.com\/wp-content\/uploads\/2021\/09\/approach-v2-bg-scaled.jpg\",\"datePublished\":\"2021-09-24T14:25:31+00:00\",\"dateModified\":\"2025-09-12T18:04:29+00:00\",\"description\":\"D\u00e9couvrez l'approche d'Aeolus Digital en mati\u00e8re de g\u00e9n\u00e9ration de leads en ligne. Apprenez comment nous attirons et convertissons les prospects en clients pour d\u00e9velopper efficacement votre entreprise.\",\"breadcrumb\":{\"@id\":\"https:\/\/aeolusdigital.com\/fr\/notre-approache\/#breadcrumb\"},\"inLanguage\":\"fr-FR\",\"potentialAction\":[{\"@type\":\"ReadAction\",\"target\":[\"https:\/\/aeolusdigital.com\/fr\/notre-approache\/\"]}]},{\"@type\":\"ImageObject\",\"inLanguage\":\"fr-FR\",\"@id\":\"https:\/\/aeolusdigital.com\/fr\/notre-approache\/#primaryimage\",\"url\":\"https:\/\/aeolusdigital.com\/wp-content\/uploads\/2021\/09\/approach-v2-bg-scaled.jpg\",\"contentUrl\":\"https:\/\/aeolusdigital.com\/wp-content\/uploads\/2021\/09\/approach-v2-bg-scaled.jpg\",\"width\":2560,\"height\":1035},{\"@type\":\"BreadcrumbList\",\"@id\":\"https:\/\/aeolusdigital.com\/fr\/notre-approache\/#breadcrumb\",\"itemListElement\":[{\"@type\":\"ListItem\",\"position\":1,\"name\":\"Home\",\"item\":\"https:\/\/aeolusdigital.com\/fr\/\"},{\"@type\":\"ListItem\",\"position\":2,\"name\":\"Notre approche\"}]},{\"@type\":\"WebSite\",\"@id\":\"https:\/\/aeolusdigital.com\/fr\/#website\",\"url\":\"https:\/\/aeolusdigital.com\/fr\/\",\"name\":\"Aeolus Digital Inc.\",\"description\":\"Local, National and International Digital Marketing &amp; Lead Generation - Aeolus Digital\",\"publisher\":{\"@id\":\"https:\/\/aeolusdigital.com\/fr\/#organization\"},\"alternateName\":\"Aeolus\",\"potentialAction\":[{\"@type\":\"SearchAction\",\"target\":{\"@type\":\"EntryPoint\",\"urlTemplate\":\"https:\/\/aeolusdigital.com\/fr\/?s={search_term_string}\"},\"query-input\":{\"@type\":\"PropertyValueSpecification\",\"valueRequired\":true,\"valueName\":\"search_term_string\"}}],\"inLanguage\":\"fr-FR\"},{\"@type\":\"Organization\",\"@id\":\"https:\/\/aeolusdigital.com\/fr\/#organization\",\"name\":\"Aeolus Digital Inc.\",\"alternateName\":\"Aeolus\",\"url\":\"https:\/\/aeolusdigital.com\/fr\/\",\"logo\":{\"@type\":\"ImageObject\",\"inLanguage\":\"fr-FR\",\"@id\":\"https:\/\/aeolusdigital.com\/fr\/#\/schema\/logo\/image\/\",\"url\":\"https:\/\/aeolusdigital.com\/wp-content\/uploads\/2022\/01\/Logo-Dark-WhiteBG.png\",\"contentUrl\":\"https:\/\/aeolusdigital.com\/wp-content\/uploads\/2022\/01\/Logo-Dark-WhiteBG.png\",\"width\":1080,\"height\":1080,\"caption\":\"Aeolus Digital Inc.\"},\"image\":{\"@id\":\"https:\/\/aeolusdigital.com\/fr\/#\/schema\/logo\/image\/\"},\"sameAs\":[\"https:\/\/www.facebook.com\/aeolusdigital\/\",\"https:\/\/www.linkedin.com\/company\/\u00e6olus-digital\/\",\"https:\/\/www.instagram.com\/aeolusdigital\/\",\"https:\/\/www.tiktok.com\/@aeolusdigital\"]}]}<\/script>\n<!-- \/ Yoast SEO plugin. -->","yoast_head_json":{"title":"Strat\u00e9gie de g\u00e9n\u00e9ration de leads en ligne - Aeolus Digital","description":"D\u00e9couvrez l'approche d'Aeolus Digital en mati\u00e8re de g\u00e9n\u00e9ration de leads en ligne. Apprenez comment nous attirons et convertissons les prospects en clients pour d\u00e9velopper efficacement votre entreprise.","robots":{"index":"index","follow":"follow","max-snippet":"max-snippet:-1","max-image-preview":"max-image-preview:large","max-video-preview":"max-video-preview:-1"},"canonical":"https:\/\/aeolusdigital.com\/fr\/notre-approache\/","og_locale":"fr_FR","og_type":"article","og_title":"Strat\u00e9gie de g\u00e9n\u00e9ration de leads en ligne - Aeolus Digital","og_description":"D\u00e9couvrez l'approche d'Aeolus Digital en mati\u00e8re de g\u00e9n\u00e9ration de leads en ligne. Apprenez comment nous attirons et convertissons les prospects en clients pour d\u00e9velopper efficacement votre entreprise.","og_url":"https:\/\/aeolusdigital.com\/fr\/notre-approache\/","og_site_name":"Aeolus Digital","article_publisher":"https:\/\/www.facebook.com\/aeolusdigital\/","article_modified_time":"2025-09-12T18:04:29+00:00","og_image":[{"width":2560,"height":1035,"url":"https:\/\/aeolusdigital.com\/wp-content\/uploads\/2021\/09\/approach-v2-bg-scaled.jpg","type":"image\/jpeg"}],"twitter_card":"summary_large_image","schema":{"@context":"https:\/\/schema.org","@graph":[{"@type":"WebPage","@id":"https:\/\/aeolusdigital.com\/fr\/notre-approache\/","url":"https:\/\/aeolusdigital.com\/fr\/notre-approache\/","name":"Strat\u00e9gie de g\u00e9n\u00e9ration de leads en ligne - Aeolus Digital","isPartOf":{"@id":"https:\/\/aeolusdigital.com\/fr\/#website"},"primaryImageOfPage":{"@id":"https:\/\/aeolusdigital.com\/fr\/notre-approache\/#primaryimage"},"image":{"@id":"https:\/\/aeolusdigital.com\/fr\/notre-approache\/#primaryimage"},"thumbnailUrl":"https:\/\/aeolusdigital.com\/wp-content\/uploads\/2021\/09\/approach-v2-bg-scaled.jpg","datePublished":"2021-09-24T14:25:31+00:00","dateModified":"2025-09-12T18:04:29+00:00","description":"D\u00e9couvrez l'approche d'Aeolus Digital en mati\u00e8re de g\u00e9n\u00e9ration de leads en ligne. Apprenez comment nous attirons et convertissons les prospects en clients pour d\u00e9velopper efficacement votre entreprise.","breadcrumb":{"@id":"https:\/\/aeolusdigital.com\/fr\/notre-approache\/#breadcrumb"},"inLanguage":"fr-FR","potentialAction":[{"@type":"ReadAction","target":["https:\/\/aeolusdigital.com\/fr\/notre-approache\/"]}]},{"@type":"ImageObject","inLanguage":"fr-FR","@id":"https:\/\/aeolusdigital.com\/fr\/notre-approache\/#primaryimage","url":"https:\/\/aeolusdigital.com\/wp-content\/uploads\/2021\/09\/approach-v2-bg-scaled.jpg","contentUrl":"https:\/\/aeolusdigital.com\/wp-content\/uploads\/2021\/09\/approach-v2-bg-scaled.jpg","width":2560,"height":1035},{"@type":"BreadcrumbList","@id":"https:\/\/aeolusdigital.com\/fr\/notre-approache\/#breadcrumb","itemListElement":[{"@type":"ListItem","position":1,"name":"Home","item":"https:\/\/aeolusdigital.com\/fr\/"},{"@type":"ListItem","position":2,"name":"Notre approche"}]},{"@type":"WebSite","@id":"https:\/\/aeolusdigital.com\/fr\/#website","url":"https:\/\/aeolusdigital.com\/fr\/","name":"Aeolus Digital Inc.","description":"Local, National and International Digital Marketing &amp; Lead Generation - Aeolus Digital","publisher":{"@id":"https:\/\/aeolusdigital.com\/fr\/#organization"},"alternateName":"Aeolus","potentialAction":[{"@type":"SearchAction","target":{"@type":"EntryPoint","urlTemplate":"https:\/\/aeolusdigital.com\/fr\/?s={search_term_string}"},"query-input":{"@type":"PropertyValueSpecification","valueRequired":true,"valueName":"search_term_string"}}],"inLanguage":"fr-FR"},{"@type":"Organization","@id":"https:\/\/aeolusdigital.com\/fr\/#organization","name":"Aeolus Digital Inc.","alternateName":"Aeolus","url":"https:\/\/aeolusdigital.com\/fr\/","logo":{"@type":"ImageObject","inLanguage":"fr-FR","@id":"https:\/\/aeolusdigital.com\/fr\/#\/schema\/logo\/image\/","url":"https:\/\/aeolusdigital.com\/wp-content\/uploads\/2022\/01\/Logo-Dark-WhiteBG.png","contentUrl":"https:\/\/aeolusdigital.com\/wp-content\/uploads\/2022\/01\/Logo-Dark-WhiteBG.png","width":1080,"height":1080,"caption":"Aeolus Digital Inc."},"image":{"@id":"https:\/\/aeolusdigital.com\/fr\/#\/schema\/logo\/image\/"},"sameAs":["https:\/\/www.facebook.com\/aeolusdigital\/","https:\/\/www.linkedin.com\/company\/\u00e6olus-digital\/","https:\/\/www.instagram.com\/aeolusdigital\/","https:\/\/www.tiktok.com\/@aeolusdigital"]}]}},"_links":{"self":[{"href":"https:\/\/aeolusdigital.com\/fr\/wp-json\/wp\/v2\/pages\/2121"}],"collection":[{"href":"https:\/\/aeolusdigital.com\/fr\/wp-json\/wp\/v2\/pages"}],"about":[{"href":"https:\/\/aeolusdigital.com\/fr\/wp-json\/wp\/v2\/types\/page"}],"author":[{"embeddable":true,"href":"https:\/\/aeolusdigital.com\/fr\/wp-json\/wp\/v2\/users\/3"}],"replies":[{"embeddable":true,"href":"https:\/\/aeolusdigital.com\/fr\/wp-json\/wp\/v2\/comments?post=2121"}],"version-history":[{"count":7,"href":"https:\/\/aeolusdigital.com\/fr\/wp-json\/wp\/v2\/pages\/2121\/revisions"}],"predecessor-version":[{"id":2447,"href":"https:\/\/aeolusdigital.com\/fr\/wp-json\/wp\/v2\/pages\/2121\/revisions\/2447"}],"wp:featuredmedia":[{"embeddable":true,"href":"https:\/\/aeolusdigital.com\/fr\/wp-json\/wp\/v2\/media\/1448"}],"wp:attachment":[{"href":"https:\/\/aeolusdigital.com\/fr\/wp-json\/wp\/v2\/media?parent=2121"}],"curies":[{"name":"wp","href":"https:\/\/api.w.org\/{rel}","templated":true}]}}