{"id":2104,"date":"2022-06-02T06:09:19","date_gmt":"2022-06-02T06:09:19","guid":{"rendered":"https:\/\/aeolusdigital.com\/blog\/"},"modified":"2025-08-27T19:33:36","modified_gmt":"2025-08-27T19:33:36","slug":"blog","status":"publish","type":"page","link":"https:\/\/aeolusdigital.com\/fr\/blog\/","title":{"rendered":"Blog"},"content":{"rendered":"\n<p>Lisez des articles stimulants sur les derni\u00e8res tendances marketing, du contenu informatif sur le succ\u00e8s des startups canadiennes \u00e0 croissance rapide, et des articles sur comment r\u00e9ussir pour les PME localement et internationalement. Nous discutons de tous les aspects cr\u00e9atifs du marketing local et international et examinons comment les marques nord-am\u00e9ricaines peuvent r\u00e9ussir localement et \u00e0 l&rsquo;\u00e9tranger.<\/p>\n\n<p><\/p>\n","protected":false},"excerpt":{"rendered":"<p>Lisez des articles stimulants sur les derni\u00e8res tendances marketing, du contenu informatif sur le succ\u00e8s des startups canadiennes \u00e0 croissance rapide, et des articles sur comment r\u00e9ussir pour les PME&#8230; &nbsp; <a class=\"read-more\" href=\"https:\/\/aeolusdigital.com\/fr\/blog\/\">Read More<\/a><\/p>\n","protected":false},"author":3,"featured_media":1583,"parent":0,"menu_order":0,"comment_status":"closed","ping_status":"closed","template":"templates\/tpl-blog.php","meta":{"_acf_changed":false,"inline_featured_image":false,"footnotes":""},"class_list":["post-2104","page","type-page","status-publish","has-post-thumbnail","hentry"],"acf":[],"yoast_head":"<!-- This site is optimized with the Yoast SEO plugin v25.6 - https:\/\/yoast.com\/wordpress\/plugins\/seo\/ -->\n<title>Explorez notre blog de marketing digital - aeolus digital<\/title>\n<meta name=\"description\" content=\"Plongez dans le blog de marketing digital d&#039;Aeolus Digital pour les derni\u00e8res perspectives, conseils et tendances. Obtenez des conseils d&#039;experts pour rester en avance dans le monde num\u00e9rique.\" \/>\n<meta name=\"robots\" content=\"index, follow, max-snippet:-1, max-image-preview:large, max-video-preview:-1\" \/>\n<link rel=\"canonical\" href=\"https:\/\/aeolusdigital.com\/fr\/blog\/\" \/>\n<meta property=\"og:locale\" content=\"fr_FR\" \/>\n<meta property=\"og:type\" content=\"article\" \/>\n<meta property=\"og:title\" content=\"Explorez notre blog de marketing digital - aeolus digital\" \/>\n<meta property=\"og:description\" content=\"Plongez dans le blog de marketing digital d&#039;Aeolus Digital pour les derni\u00e8res perspectives, conseils et tendances. Obtenez des conseils d&#039;experts pour rester en avance dans le monde num\u00e9rique.\" \/>\n<meta property=\"og:url\" content=\"https:\/\/aeolusdigital.com\/fr\/blog\/\" \/>\n<meta property=\"og:site_name\" content=\"Aeolus Digital\" \/>\n<meta property=\"article:publisher\" content=\"https:\/\/www.facebook.com\/aeolusdigital\/\" \/>\n<meta property=\"article:modified_time\" content=\"2025-08-27T19:33:36+00:00\" \/>\n<meta property=\"og:image\" content=\"https:\/\/aeolusdigital.com\/wp-content\/uploads\/2021\/09\/contact-banner-bg-scaled.jpg\" \/>\n\t<meta property=\"og:image:width\" content=\"2560\" \/>\n\t<meta property=\"og:image:height\" content=\"1035\" \/>\n\t<meta property=\"og:image:type\" content=\"image\/jpeg\" \/>\n<meta name=\"twitter:card\" content=\"summary_large_image\" \/>\n<script type=\"application\/ld+json\" class=\"yoast-schema-graph\">{\"@context\":\"https:\/\/schema.org\",\"@graph\":[{\"@type\":\"WebPage\",\"@id\":\"https:\/\/aeolusdigital.com\/fr\/blog\/\",\"url\":\"https:\/\/aeolusdigital.com\/fr\/blog\/\",\"name\":\"Explorez notre blog de marketing digital - aeolus digital\",\"isPartOf\":{\"@id\":\"https:\/\/aeolusdigital.com\/fr\/#website\"},\"primaryImageOfPage\":{\"@id\":\"https:\/\/aeolusdigital.com\/fr\/blog\/#primaryimage\"},\"image\":{\"@id\":\"https:\/\/aeolusdigital.com\/fr\/blog\/#primaryimage\"},\"thumbnailUrl\":\"https:\/\/aeolusdigital.com\/wp-content\/uploads\/2021\/09\/contact-banner-bg-scaled.jpg\",\"datePublished\":\"2022-06-02T06:09:19+00:00\",\"dateModified\":\"2025-08-27T19:33:36+00:00\",\"description\":\"Plongez dans le blog de marketing digital d'Aeolus Digital pour les derni\u00e8res perspectives, conseils et tendances. Obtenez des conseils d'experts pour rester en avance dans le monde num\u00e9rique.\",\"breadcrumb\":{\"@id\":\"https:\/\/aeolusdigital.com\/fr\/blog\/#breadcrumb\"},\"inLanguage\":\"fr-FR\",\"potentialAction\":[{\"@type\":\"ReadAction\",\"target\":[\"https:\/\/aeolusdigital.com\/fr\/blog\/\"]}]},{\"@type\":\"ImageObject\",\"inLanguage\":\"fr-FR\",\"@id\":\"https:\/\/aeolusdigital.com\/fr\/blog\/#primaryimage\",\"url\":\"https:\/\/aeolusdigital.com\/wp-content\/uploads\/2021\/09\/contact-banner-bg-scaled.jpg\",\"contentUrl\":\"https:\/\/aeolusdigital.com\/wp-content\/uploads\/2021\/09\/contact-banner-bg-scaled.jpg\",\"width\":2560,\"height\":1035},{\"@type\":\"BreadcrumbList\",\"@id\":\"https:\/\/aeolusdigital.com\/fr\/blog\/#breadcrumb\",\"itemListElement\":[{\"@type\":\"ListItem\",\"position\":1,\"name\":\"Home\",\"item\":\"https:\/\/aeolusdigital.com\/fr\/\"},{\"@type\":\"ListItem\",\"position\":2,\"name\":\"Blog\"}]},{\"@type\":\"WebSite\",\"@id\":\"https:\/\/aeolusdigital.com\/fr\/#website\",\"url\":\"https:\/\/aeolusdigital.com\/fr\/\",\"name\":\"Aeolus Digital Inc.\",\"description\":\"Local, National and International Digital Marketing &amp; Lead Generation - Aeolus Digital\",\"publisher\":{\"@id\":\"https:\/\/aeolusdigital.com\/fr\/#organization\"},\"alternateName\":\"Aeolus\",\"potentialAction\":[{\"@type\":\"SearchAction\",\"target\":{\"@type\":\"EntryPoint\",\"urlTemplate\":\"https:\/\/aeolusdigital.com\/fr\/?s={search_term_string}\"},\"query-input\":{\"@type\":\"PropertyValueSpecification\",\"valueRequired\":true,\"valueName\":\"search_term_string\"}}],\"inLanguage\":\"fr-FR\"},{\"@type\":\"Organization\",\"@id\":\"https:\/\/aeolusdigital.com\/fr\/#organization\",\"name\":\"Aeolus Digital Inc.\",\"alternateName\":\"Aeolus\",\"url\":\"https:\/\/aeolusdigital.com\/fr\/\",\"logo\":{\"@type\":\"ImageObject\",\"inLanguage\":\"fr-FR\",\"@id\":\"https:\/\/aeolusdigital.com\/fr\/#\/schema\/logo\/image\/\",\"url\":\"https:\/\/aeolusdigital.com\/wp-content\/uploads\/2022\/01\/Logo-Dark-WhiteBG.png\",\"contentUrl\":\"https:\/\/aeolusdigital.com\/wp-content\/uploads\/2022\/01\/Logo-Dark-WhiteBG.png\",\"width\":1080,\"height\":1080,\"caption\":\"Aeolus Digital Inc.\"},\"image\":{\"@id\":\"https:\/\/aeolusdigital.com\/fr\/#\/schema\/logo\/image\/\"},\"sameAs\":[\"https:\/\/www.facebook.com\/aeolusdigital\/\",\"https:\/\/www.linkedin.com\/company\/\u00e6olus-digital\/\",\"https:\/\/www.instagram.com\/aeolusdigital\/\",\"https:\/\/www.tiktok.com\/@aeolusdigital\"]}]}<\/script>\n<!-- \/ Yoast SEO plugin. -->","yoast_head_json":{"title":"Explorez notre blog de marketing digital - aeolus digital","description":"Plongez dans le blog de marketing digital d'Aeolus Digital pour les derni\u00e8res perspectives, conseils et tendances. Obtenez des conseils d'experts pour rester en avance dans le monde num\u00e9rique.","robots":{"index":"index","follow":"follow","max-snippet":"max-snippet:-1","max-image-preview":"max-image-preview:large","max-video-preview":"max-video-preview:-1"},"canonical":"https:\/\/aeolusdigital.com\/fr\/blog\/","og_locale":"fr_FR","og_type":"article","og_title":"Explorez notre blog de marketing digital - aeolus digital","og_description":"Plongez dans le blog de marketing digital d'Aeolus Digital pour les derni\u00e8res perspectives, conseils et tendances. Obtenez des conseils d'experts pour rester en avance dans le monde num\u00e9rique.","og_url":"https:\/\/aeolusdigital.com\/fr\/blog\/","og_site_name":"Aeolus Digital","article_publisher":"https:\/\/www.facebook.com\/aeolusdigital\/","article_modified_time":"2025-08-27T19:33:36+00:00","og_image":[{"width":2560,"height":1035,"url":"https:\/\/aeolusdigital.com\/wp-content\/uploads\/2021\/09\/contact-banner-bg-scaled.jpg","type":"image\/jpeg"}],"twitter_card":"summary_large_image","schema":{"@context":"https:\/\/schema.org","@graph":[{"@type":"WebPage","@id":"https:\/\/aeolusdigital.com\/fr\/blog\/","url":"https:\/\/aeolusdigital.com\/fr\/blog\/","name":"Explorez notre blog de marketing digital - aeolus digital","isPartOf":{"@id":"https:\/\/aeolusdigital.com\/fr\/#website"},"primaryImageOfPage":{"@id":"https:\/\/aeolusdigital.com\/fr\/blog\/#primaryimage"},"image":{"@id":"https:\/\/aeolusdigital.com\/fr\/blog\/#primaryimage"},"thumbnailUrl":"https:\/\/aeolusdigital.com\/wp-content\/uploads\/2021\/09\/contact-banner-bg-scaled.jpg","datePublished":"2022-06-02T06:09:19+00:00","dateModified":"2025-08-27T19:33:36+00:00","description":"Plongez dans le blog de marketing digital d'Aeolus Digital pour les derni\u00e8res perspectives, conseils et tendances. Obtenez des conseils d'experts pour rester en avance dans le monde num\u00e9rique.","breadcrumb":{"@id":"https:\/\/aeolusdigital.com\/fr\/blog\/#breadcrumb"},"inLanguage":"fr-FR","potentialAction":[{"@type":"ReadAction","target":["https:\/\/aeolusdigital.com\/fr\/blog\/"]}]},{"@type":"ImageObject","inLanguage":"fr-FR","@id":"https:\/\/aeolusdigital.com\/fr\/blog\/#primaryimage","url":"https:\/\/aeolusdigital.com\/wp-content\/uploads\/2021\/09\/contact-banner-bg-scaled.jpg","contentUrl":"https:\/\/aeolusdigital.com\/wp-content\/uploads\/2021\/09\/contact-banner-bg-scaled.jpg","width":2560,"height":1035},{"@type":"BreadcrumbList","@id":"https:\/\/aeolusdigital.com\/fr\/blog\/#breadcrumb","itemListElement":[{"@type":"ListItem","position":1,"name":"Home","item":"https:\/\/aeolusdigital.com\/fr\/"},{"@type":"ListItem","position":2,"name":"Blog"}]},{"@type":"WebSite","@id":"https:\/\/aeolusdigital.com\/fr\/#website","url":"https:\/\/aeolusdigital.com\/fr\/","name":"Aeolus Digital Inc.","description":"Local, National and International Digital Marketing &amp; Lead Generation - Aeolus Digital","publisher":{"@id":"https:\/\/aeolusdigital.com\/fr\/#organization"},"alternateName":"Aeolus","potentialAction":[{"@type":"SearchAction","target":{"@type":"EntryPoint","urlTemplate":"https:\/\/aeolusdigital.com\/fr\/?s={search_term_string}"},"query-input":{"@type":"PropertyValueSpecification","valueRequired":true,"valueName":"search_term_string"}}],"inLanguage":"fr-FR"},{"@type":"Organization","@id":"https:\/\/aeolusdigital.com\/fr\/#organization","name":"Aeolus Digital Inc.","alternateName":"Aeolus","url":"https:\/\/aeolusdigital.com\/fr\/","logo":{"@type":"ImageObject","inLanguage":"fr-FR","@id":"https:\/\/aeolusdigital.com\/fr\/#\/schema\/logo\/image\/","url":"https:\/\/aeolusdigital.com\/wp-content\/uploads\/2022\/01\/Logo-Dark-WhiteBG.png","contentUrl":"https:\/\/aeolusdigital.com\/wp-content\/uploads\/2022\/01\/Logo-Dark-WhiteBG.png","width":1080,"height":1080,"caption":"Aeolus Digital Inc."},"image":{"@id":"https:\/\/aeolusdigital.com\/fr\/#\/schema\/logo\/image\/"},"sameAs":["https:\/\/www.facebook.com\/aeolusdigital\/","https:\/\/www.linkedin.com\/company\/\u00e6olus-digital\/","https:\/\/www.instagram.com\/aeolusdigital\/","https:\/\/www.tiktok.com\/@aeolusdigital"]}]}},"_links":{"self":[{"href":"https:\/\/aeolusdigital.com\/fr\/wp-json\/wp\/v2\/pages\/2104"}],"collection":[{"href":"https:\/\/aeolusdigital.com\/fr\/wp-json\/wp\/v2\/pages"}],"about":[{"href":"https:\/\/aeolusdigital.com\/fr\/wp-json\/wp\/v2\/types\/page"}],"author":[{"embeddable":true,"href":"https:\/\/aeolusdigital.com\/fr\/wp-json\/wp\/v2\/users\/3"}],"replies":[{"embeddable":true,"href":"https:\/\/aeolusdigital.com\/fr\/wp-json\/wp\/v2\/comments?post=2104"}],"version-history":[{"count":4,"href":"https:\/\/aeolusdigital.com\/fr\/wp-json\/wp\/v2\/pages\/2104\/revisions"}],"predecessor-version":[{"id":2370,"href":"https:\/\/aeolusdigital.com\/fr\/wp-json\/wp\/v2\/pages\/2104\/revisions\/2370"}],"wp:featuredmedia":[{"embeddable":true,"href":"https:\/\/aeolusdigital.com\/fr\/wp-json\/wp\/v2\/media\/1583"}],"wp:attachment":[{"href":"https:\/\/aeolusdigital.com\/fr\/wp-json\/wp\/v2\/media?parent=2104"}],"curies":[{"name":"wp","href":"https:\/\/api.w.org\/{rel}","templated":true}]}}