{"id":2095,"date":"2023-09-27T11:24:45","date_gmt":"2023-09-27T11:24:45","guid":{"rendered":"https:\/\/aeolusdigital.com\/faq\/"},"modified":"2025-08-28T14:44:30","modified_gmt":"2025-08-28T14:44:30","slug":"faq","status":"publish","type":"page","link":"https:\/\/aeolusdigital.com\/fr\/faq\/","title":{"rendered":"FAQ sur l&#8217;embauche d&rsquo;Aeolus Digital"},"content":{"rendered":"<section id='' \n                class='helpie-faq accordions faq-toggle custom-styles open-first' \n                data-collection='' \n                data-pagination='0' \n                data-search='0' \n                data-pagination-enabled='0'\n                role='region'\n                aria-label='FAQ Section'\n                aria-live='polite'><form class=\"search\" onSubmit=\"return false;\"><div class=\"search__wrapper\"><input type=\"text\" class=\"search__input\" aria-label=\"Search\" placeholder=\"Search FAQ\"><span class=\"search__icon\"><svg class=\"svg-icon--search\" role=\"img\" xmlns=\"http:\/\/www.w3.org\/2000\/svg\" viewBox=\"0 0 22 22\">\r\n                        <g fill=\"none\" stroke=\"#171717\">\r\n                            <path stroke-linecap=\"square\" stroke-width=\"2\" d=\"M18.5 18.3l-5.4-5.4\"\/>\r\n                            <circle cx=\"8\" cy=\"8\" r=\"7\" stroke-width=\"2\"\/>\r\n                        <\/g>\r\n                    <\/svg><\/span><\/div><div class=\"search__message\"><\/div><\/form><article class=\"accordion \"><div class='helpie-faq-row'><div class='helpie-faq-col helpie-faq-col-12' ><ul><li class=\"accordion__item \"><div class=\"accordion__header \" \r\n                id=\"accordion-header-post-2388\"\r\n                role=\"button\"\r\n                aria-expanded=\"false\"\r\n                aria-controls=\"accordion-content-post-2388\"\r\n                data-id=\"post-2388\" \r\n                data-item=\"\" \r\n                style=\"background:#FFFFFF;\" \r\n                data-tags=\"\"\r\n                tabindex=\"0\"><div class=\"accordion__title\">Engager une agence de marketing num\u00e9rique n\u2019est-il pas trop co\u00fbteux ?<\/div><\/div><div id=\"accordion-content-post-2388\" \r\n                class=\"accordion__body\" \r\n                role=\"region\"\r\n                aria-labelledby=\"accordion-header-post-2388\"\r\n                style=\"background:#FCFCFC;\">\n<p>Bien qu\u2019il s\u2019agisse d\u2019un investissement, nos services sont con\u00e7us pour offrir un solide retour sur investissement. Nous collaborons avec des entreprises de toutes tailles afin de proposer des solutions adapt\u00e9es \u00e0 diff\u00e9rents budgets.<\/p>\n<\/div><\/li><li class=\"accordion__item \"><div class=\"accordion__header \" \r\n                id=\"accordion-header-post-2393\"\r\n                role=\"button\"\r\n                aria-expanded=\"false\"\r\n                aria-controls=\"accordion-content-post-2393\"\r\n                data-id=\"post-2393\" \r\n                data-item=\"\" \r\n                style=\"background:#FFFFFF;\" \r\n                data-tags=\"\"\r\n                tabindex=\"0\"><div class=\"accordion__title\">Allons-nous perdre le contr\u00f4le de notre marque et de nos strat\u00e9gies marketing ?<\/div><\/div><div id=\"accordion-content-post-2393\" \r\n                class=\"accordion__body\" \r\n                role=\"region\"\r\n                aria-labelledby=\"accordion-header-post-2393\"\r\n                style=\"background:#FCFCFC;\">\n<p>Absolument pas. Notre r\u00f4le est de renforcer et de mettre en \u0153uvre votre vision, pas de la remplacer. Nous accordons toujours la priorit\u00e9 \u00e0 vos id\u00e9es et \u00e0 vos retours \u00e0 chaque \u00e9tape.<\/p>\n<\/div><\/li><li class=\"accordion__item \"><div class=\"accordion__header \" \r\n                id=\"accordion-header-post-2395\"\r\n                role=\"button\"\r\n                aria-expanded=\"false\"\r\n                aria-controls=\"accordion-content-post-2395\"\r\n                data-id=\"post-2395\" \r\n                data-item=\"\" \r\n                style=\"background:#FFFFFF;\" \r\n                data-tags=\"\"\r\n                tabindex=\"0\"><div class=\"accordion__title\">Et si nous avons d\u00e9j\u00e0 eu une mauvaise exp\u00e9rience avec une agence ?<\/div><\/div><div id=\"accordion-content-post-2395\" \r\n                class=\"accordion__body\" \r\n                role=\"region\"\r\n                aria-labelledby=\"accordion-header-post-2395\"\r\n                style=\"background:#FCFCFC;\">\n<p>Nous comprenons. Notre engagement est de b\u00e2tir des relations transparentes, ouvertes et fructueuses avec nos clients. Nous encourageons le dialogue afin de nous assurer de r\u00e9pondre \u00e0 vos attentes.<\/p>\n<\/div><\/li><li class=\"accordion__item \"><div class=\"accordion__header \" \r\n                id=\"accordion-header-post-2397\"\r\n                role=\"button\"\r\n                aria-expanded=\"false\"\r\n                aria-controls=\"accordion-content-post-2397\"\r\n                data-id=\"post-2397\" \r\n                data-item=\"\" \r\n                style=\"background:#FFFFFF;\" \r\n                data-tags=\"\"\r\n                tabindex=\"0\"><div class=\"accordion__title\">N\u2019avons-nous pas d\u00e9j\u00e0 suffisamment d\u2019expertise en interne ?<\/div><\/div><div id=\"accordion-content-post-2397\" \r\n                class=\"accordion__body\" \r\n                role=\"region\"\r\n                aria-labelledby=\"accordion-header-post-2397\"\r\n                style=\"background:#FCFCFC;\">\n<p>Les \u00e9quipes internes sont pr\u00e9cieuses. Notre objectif est de compl\u00e9ter vos comp\u00e9tences avec une expertise sp\u00e9cialis\u00e9e et un regard neuf ou de vous aider \u00e0 combler un manque d&rsquo;expertise dans un certain domaine ou une tactique sp\u00e9cifique du marketing digital.<\/p>\n<\/div><\/li><li class=\"accordion__item \"><div class=\"accordion__header \" \r\n                id=\"accordion-header-post-2399\"\r\n                role=\"button\"\r\n                aria-expanded=\"false\"\r\n                aria-controls=\"accordion-content-post-2399\"\r\n                data-id=\"post-2399\" \r\n                data-item=\"\" \r\n                style=\"background:#FFFFFF;\" \r\n                data-tags=\"\"\r\n                tabindex=\"0\"><div class=\"accordion__title\">Et si nous ne sommes pas familiers avec le marketing num\u00e9rique ?<\/div><\/div><div id=\"accordion-content-post-2399\" \r\n                class=\"accordion__body\" \r\n                role=\"region\"\r\n                aria-labelledby=\"accordion-header-post-2399\"\r\n                style=\"background:#FCFCFC;\">\n<p>C\u2019est exactement pour cela que nous sommes l\u00e0 ! Nous vous guiderons \u00e0 travers les strat\u00e9gies et les tactiques, en veillant \u00e0 ce que vous compreniez chaque \u00e9tape et que vous soyez \u00e0 l\u2019aise tout au long du processus.<\/p>\n<\/div><\/li><li class=\"accordion__item \"><div class=\"accordion__header \" \r\n                id=\"accordion-header-post-2401\"\r\n                role=\"button\"\r\n                aria-expanded=\"false\"\r\n                aria-controls=\"accordion-content-post-2401\"\r\n                data-id=\"post-2401\" \r\n                data-item=\"\" \r\n                style=\"background:#FFFFFF;\" \r\n                data-tags=\"\"\r\n                tabindex=\"0\"><div class=\"accordion__title\">Y a-t-il des barri\u00e8res de communication avec votre agence ?<\/div><\/div><div id=\"accordion-content-post-2401\" \r\n                class=\"accordion__body\" \r\n                role=\"region\"\r\n                aria-labelledby=\"accordion-header-post-2401\"\r\n                style=\"background:#FCFCFC;\">\n<p>Nous accordons la priorit\u00e9 \u00e0 une communication claire. Notre \u00e9quipe est accessible, r\u00e9active et s\u2019engage \u00e0 effectuer des suivis r\u00e9guliers pour garantir un alignement parfait.<\/p>\n<\/div><\/li><li class=\"accordion__item \"><div class=\"accordion__header \" \r\n                id=\"accordion-header-post-2403\"\r\n                role=\"button\"\r\n                aria-expanded=\"false\"\r\n                aria-controls=\"accordion-content-post-2403\"\r\n                data-id=\"post-2403\" \r\n                data-item=\"\" \r\n                style=\"background:#FFFFFF;\" \r\n                data-tags=\"\"\r\n                tabindex=\"0\"><div class=\"accordion__title\">Sommes-nous engag\u00e9s dans un contrat \u00e0 long terme ?<\/div><\/div><div id=\"accordion-content-post-2403\" \r\n                class=\"accordion__body\" \r\n                role=\"region\"\r\n                aria-labelledby=\"accordion-header-post-2403\"\r\n                style=\"background:#FCFCFC;\">\n<p>Nos contrats varient en fonction des besoins de chaque client. Nous proposons des conditions flexibles et privil\u00e9gions toujours une relation fond\u00e9e sur la confiance et les r\u00e9sultats.<\/p>\n<\/div><\/li><li class=\"accordion__item \"><div class=\"accordion__header \" \r\n                id=\"accordion-header-post-2405\"\r\n                role=\"button\"\r\n                aria-expanded=\"false\"\r\n                aria-controls=\"accordion-content-post-2405\"\r\n                data-id=\"post-2405\" \r\n                data-item=\"\" \r\n                style=\"background:#FFFFFF;\" \r\n                data-tags=\"\"\r\n                tabindex=\"0\"><div class=\"accordion__title\">Pouvez-vous garantir des r\u00e9sultats ?<\/div><\/div><div id=\"accordion-content-post-2405\" \r\n                class=\"accordion__body\" \r\n                role=\"region\"\r\n                aria-labelledby=\"accordion-header-post-2405\"\r\n                style=\"background:#FCFCFC;\">\n<p>Bien qu\u2019aucune strat\u00e9gie marketing ne puisse garantir des r\u00e9sultats pr\u00e9cis, notre exp\u00e9rience fait foi. Nous sommes d\u00e9termin\u00e9s \u00e0 g\u00e9n\u00e9rer des r\u00e9sultats et \u00e0 optimiser continuellement nos strat\u00e9gies. Nous vous procurerons des projections et nous nous efforcerons d&rsquo;atteindre ses r\u00e9sultats dans les trois premiers mois de notre collaboration. <\/p>\n<\/div><\/li><li class=\"accordion__item \"><div class=\"accordion__header \" \r\n                id=\"accordion-header-post-2407\"\r\n                role=\"button\"\r\n                aria-expanded=\"false\"\r\n                aria-controls=\"accordion-content-post-2407\"\r\n                data-id=\"post-2407\" \r\n                data-item=\"\" \r\n                style=\"background:#FFFFFF;\" \r\n                data-tags=\"\"\r\n                tabindex=\"0\"><div class=\"accordion__title\">Y a-t-il une ad\u00e9quation culturelle sp\u00e9cifique avec votre agence ?<\/div><\/div><div id=\"accordion-content-post-2407\" \r\n                class=\"accordion__body\" \r\n                role=\"region\"\r\n                aria-labelledby=\"accordion-header-post-2407\"\r\n                style=\"background:#FCFCFC;\">\n<p>Nous sommes fiers de notre approche adaptable et centr\u00e9e sur le client. Nous faisons l\u2019effort de comprendre la culture de votre entreprise et d\u2019adapter nos services en cons\u00e9quence.<\/p>\n<\/div><\/li><li class=\"accordion__item \"><div class=\"accordion__header \" \r\n                id=\"accordion-header-post-2409\"\r\n                role=\"button\"\r\n                aria-expanded=\"false\"\r\n                aria-controls=\"accordion-content-post-2409\"\r\n                data-id=\"post-2409\" \r\n                data-item=\"\" \r\n                style=\"background:#FFFFFF;\" \r\n                data-tags=\"\"\r\n                tabindex=\"0\"><div class=\"accordion__title\">Comment g\u00e9rez-vous la s\u00e9curit\u00e9 des donn\u00e9es ?<\/div><\/div><div id=\"accordion-content-post-2409\" \r\n                class=\"accordion__body\" \r\n                role=\"region\"\r\n                aria-labelledby=\"accordion-header-post-2409\"\r\n                style=\"background:#FCFCFC;\">\n<p>La protection de vos donn\u00e9es est primordiale. Nous respectons les meilleures pratiques de l\u2019industrie ainsi que les r\u00e9glementations en vigueur afin de garantir la s\u00e9curit\u00e9 de toutes les informations.<\/p>\n<\/div><\/li><li class=\"accordion__item \"><div class=\"accordion__header \" \r\n                id=\"accordion-header-post-2411\"\r\n                role=\"button\"\r\n                aria-expanded=\"false\"\r\n                aria-controls=\"accordion-content-post-2411\"\r\n                data-id=\"post-2411\" \r\n                data-item=\"\" \r\n                style=\"background:#FFFFFF;\" \r\n                data-tags=\"\"\r\n                tabindex=\"0\"><div class=\"accordion__title\">Nous avons d\u00e9j\u00e0 d\u2019autres services marketing. Y aura-t-il un chevauchement ?<\/div><\/div><div id=\"accordion-content-post-2411\" \r\n                class=\"accordion__body\" \r\n                role=\"region\"\r\n                aria-labelledby=\"accordion-header-post-2411\"\r\n                style=\"background:#FCFCFC;\">\n<p>Nous r\u00e9alisons un audit approfondi et travaillons en parall\u00e8le avec vos services existants afin d\u2019assurer une int\u00e9gration fluide et d\u2019\u00e9viter toute redondance.<\/p>\n<\/div><\/li><li class=\"accordion__item \"><div class=\"accordion__header \" \r\n                id=\"accordion-header-post-2413\"\r\n                role=\"button\"\r\n                aria-expanded=\"false\"\r\n                aria-controls=\"accordion-content-post-2413\"\r\n                data-id=\"post-2413\" \r\n                data-item=\"\" \r\n                style=\"background:#FFFFFF;\" \r\n                data-tags=\"\"\r\n                tabindex=\"0\"><div class=\"accordion__title\">Proposez-vous des solutions personnalis\u00e9es ?<\/div><\/div><div id=\"accordion-content-post-2413\" \r\n                class=\"accordion__body\" \r\n                role=\"region\"\r\n                aria-labelledby=\"accordion-header-post-2413\"\r\n                style=\"background:#FCFCFC;\">\n<p>Absolument. Nous croyons en des strat\u00e9gies sur mesure, con\u00e7ues sp\u00e9cifiquement pour r\u00e9pondre aux besoins et aux objectifs de votre entreprise.<\/p>\n<\/div><\/li><li class=\"accordion__item \"><div class=\"accordion__header \" \r\n                id=\"accordion-header-post-2415\"\r\n                role=\"button\"\r\n                aria-expanded=\"false\"\r\n                aria-controls=\"accordion-content-post-2415\"\r\n                data-id=\"post-2415\" \r\n                data-item=\"\" \r\n                style=\"background:#FFFFFF;\" \r\n                data-tags=\"\"\r\n                tabindex=\"0\"><div class=\"accordion__title\">Offrez-vous des forfaits ?<\/div><\/div><div id=\"accordion-content-post-2415\" \r\n                class=\"accordion__body\" \r\n                role=\"region\"\r\n                aria-labelledby=\"accordion-header-post-2415\"\r\n                style=\"background:#FCFCFC;\">\n<p>Oui, absolument. Nos forfaits sont con\u00e7us pour r\u00e9pondre \u00e0 diff\u00e9rents besoins et budgets d\u2019entreprise. Que vous soyez une start-up ou une entreprise \u00e9tablie, nous proposons des options personnalisables en fonction de vos exigences sp\u00e9cifiques. Demandez nos forfaits et, si aucun ne correspond parfaitement \u00e0 vos besoins, contactez-nous : nous travaillerons ensemble pour cr\u00e9er une solution sur mesure.<\/p>\n<\/div><\/li><li class=\"accordion__item \"><div class=\"accordion__header \" \r\n                id=\"accordion-header-post-2417\"\r\n                role=\"button\"\r\n                aria-expanded=\"false\"\r\n                aria-controls=\"accordion-content-post-2417\"\r\n                data-id=\"post-2417\" \r\n                data-item=\"\" \r\n                style=\"background:#FFFFFF;\" \r\n                data-tags=\"\"\r\n                tabindex=\"0\"><div class=\"accordion__title\">Qu\u2019est-ce qui vous distingue des autres agences ?<\/div><\/div><div id=\"accordion-content-post-2417\" \r\n                class=\"accordion__body\" \r\n                role=\"region\"\r\n                aria-labelledby=\"accordion-header-post-2417\"\r\n                style=\"background:#FCFCFC;\">\n<p>Notre diff\u00e9rence r\u00e9side dans notre approche, notre engagement et nos r\u00e9sultats. Nous accordons la priorit\u00e9 \u00e0 la compr\u00e9hension approfondie de votre entreprise, ce qui nous permet d\u2019\u00e9laborer des strat\u00e9gies qui r\u00e9sonnent v\u00e9ritablement avec vos objectifs. Au-del\u00e0 des strat\u00e9gies, notre \u00e9quipe est anim\u00e9e par un apprentissage continu afin de rester \u00e0 la pointe des tendances num\u00e9riques. De plus, notre historique de campagnes r\u00e9ussies et de clients satisfaits t\u00e9moigne de nos capacit\u00e9s. Mais nous croyons que la v\u00e9ritable preuve se trouve dans le partenariat : travaillez avec nous et constatez la diff\u00e9rence\u2026<\/p>\n<\/div><\/li><\/ul><\/div><\/div><\/article><\/section>\n","protected":false},"excerpt":{"rendered":"","protected":false},"author":1,"featured_media":0,"parent":0,"menu_order":0,"comment_status":"closed","ping_status":"closed","template":"","meta":{"_acf_changed":false,"inline_featured_image":false,"footnotes":""},"class_list":["post-2095","page","type-page","status-publish","hentry"],"acf":[],"yoast_head":"<!-- This site is optimized with the Yoast SEO plugin v25.6 - https:\/\/yoast.com\/wordpress\/plugins\/seo\/ -->\n<title>Questions fr\u00e9quemment pos\u00e9es sur l&#039;embauche d&#039;Aeolus Digital<\/title>\n<meta name=\"description\" content=\"Obtenez des r\u00e9ponses \u00e0 vos questions concernant l&#039;embauche d&#039;Aeolus Digital. D\u00e9couvrez comment nos services peuvent b\u00e9n\u00e9ficier \u00e0 votre entreprise. Contactez-nous pour plus d&#039;informations.\" \/>\n<meta name=\"robots\" content=\"index, follow, max-snippet:-1, max-image-preview:large, max-video-preview:-1\" \/>\n<link rel=\"canonical\" href=\"https:\/\/aeolusdigital.com\/fr\/faq\/\" \/>\n<meta property=\"og:locale\" content=\"fr_FR\" \/>\n<meta property=\"og:type\" content=\"article\" \/>\n<meta property=\"og:title\" content=\"Questions fr\u00e9quemment pos\u00e9es sur l&#039;embauche d&#039;Aeolus Digital\" \/>\n<meta property=\"og:description\" content=\"Obtenez des r\u00e9ponses \u00e0 vos questions concernant l&#039;embauche d&#039;Aeolus Digital. D\u00e9couvrez comment nos services peuvent b\u00e9n\u00e9ficier \u00e0 votre entreprise. Contactez-nous pour plus d&#039;informations.\" \/>\n<meta property=\"og:url\" content=\"https:\/\/aeolusdigital.com\/fr\/faq\/\" \/>\n<meta property=\"og:site_name\" content=\"Aeolus Digital\" \/>\n<meta property=\"article:publisher\" content=\"https:\/\/www.facebook.com\/aeolusdigital\/\" \/>\n<meta property=\"article:modified_time\" content=\"2025-08-28T14:44:30+00:00\" \/>\n<meta property=\"og:image\" content=\"https:\/\/aeolusdigital.com\/wp-content\/uploads\/2022\/01\/Logo-Dark-WhiteBG.png\" \/>\n\t<meta property=\"og:image:width\" content=\"1080\" \/>\n\t<meta property=\"og:image:height\" content=\"1080\" \/>\n\t<meta property=\"og:image:type\" content=\"image\/png\" \/>\n<meta name=\"twitter:card\" content=\"summary_large_image\" \/>\n<script type=\"application\/ld+json\" class=\"yoast-schema-graph\">{\"@context\":\"https:\/\/schema.org\",\"@graph\":[{\"@type\":\"WebPage\",\"@id\":\"https:\/\/aeolusdigital.com\/fr\/faq\/\",\"url\":\"https:\/\/aeolusdigital.com\/fr\/faq\/\",\"name\":\"Questions fr\u00e9quemment pos\u00e9es sur l'embauche d'Aeolus Digital\",\"isPartOf\":{\"@id\":\"https:\/\/aeolusdigital.com\/fr\/#website\"},\"datePublished\":\"2023-09-27T11:24:45+00:00\",\"dateModified\":\"2025-08-28T14:44:30+00:00\",\"description\":\"Obtenez des r\u00e9ponses \u00e0 vos questions concernant l'embauche d'Aeolus Digital. D\u00e9couvrez comment nos services peuvent b\u00e9n\u00e9ficier \u00e0 votre entreprise. Contactez-nous pour plus d'informations.\",\"breadcrumb\":{\"@id\":\"https:\/\/aeolusdigital.com\/fr\/faq\/#breadcrumb\"},\"inLanguage\":\"fr-FR\",\"potentialAction\":[{\"@type\":\"ReadAction\",\"target\":[\"https:\/\/aeolusdigital.com\/fr\/faq\/\"]}]},{\"@type\":\"BreadcrumbList\",\"@id\":\"https:\/\/aeolusdigital.com\/fr\/faq\/#breadcrumb\",\"itemListElement\":[{\"@type\":\"ListItem\",\"position\":1,\"name\":\"Home\",\"item\":\"https:\/\/aeolusdigital.com\/fr\/\"},{\"@type\":\"ListItem\",\"position\":2,\"name\":\"FAQ sur l&#8217;embauche d&rsquo;Aeolus Digital\"}]},{\"@type\":\"WebSite\",\"@id\":\"https:\/\/aeolusdigital.com\/fr\/#website\",\"url\":\"https:\/\/aeolusdigital.com\/fr\/\",\"name\":\"Aeolus Digital Inc.\",\"description\":\"Local, National and International Digital Marketing &amp; Lead Generation - Aeolus Digital\",\"publisher\":{\"@id\":\"https:\/\/aeolusdigital.com\/fr\/#organization\"},\"alternateName\":\"Aeolus\",\"potentialAction\":[{\"@type\":\"SearchAction\",\"target\":{\"@type\":\"EntryPoint\",\"urlTemplate\":\"https:\/\/aeolusdigital.com\/fr\/?s={search_term_string}\"},\"query-input\":{\"@type\":\"PropertyValueSpecification\",\"valueRequired\":true,\"valueName\":\"search_term_string\"}}],\"inLanguage\":\"fr-FR\"},{\"@type\":\"Organization\",\"@id\":\"https:\/\/aeolusdigital.com\/fr\/#organization\",\"name\":\"Aeolus Digital Inc.\",\"alternateName\":\"Aeolus\",\"url\":\"https:\/\/aeolusdigital.com\/fr\/\",\"logo\":{\"@type\":\"ImageObject\",\"inLanguage\":\"fr-FR\",\"@id\":\"https:\/\/aeolusdigital.com\/fr\/#\/schema\/logo\/image\/\",\"url\":\"https:\/\/aeolusdigital.com\/wp-content\/uploads\/2022\/01\/Logo-Dark-WhiteBG.png\",\"contentUrl\":\"https:\/\/aeolusdigital.com\/wp-content\/uploads\/2022\/01\/Logo-Dark-WhiteBG.png\",\"width\":1080,\"height\":1080,\"caption\":\"Aeolus Digital Inc.\"},\"image\":{\"@id\":\"https:\/\/aeolusdigital.com\/fr\/#\/schema\/logo\/image\/\"},\"sameAs\":[\"https:\/\/www.facebook.com\/aeolusdigital\/\",\"https:\/\/www.linkedin.com\/company\/\u00e6olus-digital\/\",\"https:\/\/www.instagram.com\/aeolusdigital\/\",\"https:\/\/www.tiktok.com\/@aeolusdigital\"]}]}<\/script>\n<!-- \/ Yoast SEO plugin. -->","yoast_head_json":{"title":"Questions fr\u00e9quemment pos\u00e9es sur l'embauche d'Aeolus Digital","description":"Obtenez des r\u00e9ponses \u00e0 vos questions concernant l'embauche d'Aeolus Digital. D\u00e9couvrez comment nos services peuvent b\u00e9n\u00e9ficier \u00e0 votre entreprise. Contactez-nous pour plus d'informations.","robots":{"index":"index","follow":"follow","max-snippet":"max-snippet:-1","max-image-preview":"max-image-preview:large","max-video-preview":"max-video-preview:-1"},"canonical":"https:\/\/aeolusdigital.com\/fr\/faq\/","og_locale":"fr_FR","og_type":"article","og_title":"Questions fr\u00e9quemment pos\u00e9es sur l'embauche d'Aeolus Digital","og_description":"Obtenez des r\u00e9ponses \u00e0 vos questions concernant l'embauche d'Aeolus Digital. D\u00e9couvrez comment nos services peuvent b\u00e9n\u00e9ficier \u00e0 votre entreprise. Contactez-nous pour plus d'informations.","og_url":"https:\/\/aeolusdigital.com\/fr\/faq\/","og_site_name":"Aeolus Digital","article_publisher":"https:\/\/www.facebook.com\/aeolusdigital\/","article_modified_time":"2025-08-28T14:44:30+00:00","og_image":[{"width":1080,"height":1080,"url":"https:\/\/aeolusdigital.com\/wp-content\/uploads\/2022\/01\/Logo-Dark-WhiteBG.png","type":"image\/png"}],"twitter_card":"summary_large_image","schema":{"@context":"https:\/\/schema.org","@graph":[{"@type":"WebPage","@id":"https:\/\/aeolusdigital.com\/fr\/faq\/","url":"https:\/\/aeolusdigital.com\/fr\/faq\/","name":"Questions fr\u00e9quemment pos\u00e9es sur l'embauche d'Aeolus Digital","isPartOf":{"@id":"https:\/\/aeolusdigital.com\/fr\/#website"},"datePublished":"2023-09-27T11:24:45+00:00","dateModified":"2025-08-28T14:44:30+00:00","description":"Obtenez des r\u00e9ponses \u00e0 vos questions concernant l'embauche d'Aeolus Digital. D\u00e9couvrez comment nos services peuvent b\u00e9n\u00e9ficier \u00e0 votre entreprise. Contactez-nous pour plus d'informations.","breadcrumb":{"@id":"https:\/\/aeolusdigital.com\/fr\/faq\/#breadcrumb"},"inLanguage":"fr-FR","potentialAction":[{"@type":"ReadAction","target":["https:\/\/aeolusdigital.com\/fr\/faq\/"]}]},{"@type":"BreadcrumbList","@id":"https:\/\/aeolusdigital.com\/fr\/faq\/#breadcrumb","itemListElement":[{"@type":"ListItem","position":1,"name":"Home","item":"https:\/\/aeolusdigital.com\/fr\/"},{"@type":"ListItem","position":2,"name":"FAQ sur l&#8217;embauche d&rsquo;Aeolus Digital"}]},{"@type":"WebSite","@id":"https:\/\/aeolusdigital.com\/fr\/#website","url":"https:\/\/aeolusdigital.com\/fr\/","name":"Aeolus Digital Inc.","description":"Local, National and International Digital Marketing &amp; Lead Generation - Aeolus Digital","publisher":{"@id":"https:\/\/aeolusdigital.com\/fr\/#organization"},"alternateName":"Aeolus","potentialAction":[{"@type":"SearchAction","target":{"@type":"EntryPoint","urlTemplate":"https:\/\/aeolusdigital.com\/fr\/?s={search_term_string}"},"query-input":{"@type":"PropertyValueSpecification","valueRequired":true,"valueName":"search_term_string"}}],"inLanguage":"fr-FR"},{"@type":"Organization","@id":"https:\/\/aeolusdigital.com\/fr\/#organization","name":"Aeolus Digital Inc.","alternateName":"Aeolus","url":"https:\/\/aeolusdigital.com\/fr\/","logo":{"@type":"ImageObject","inLanguage":"fr-FR","@id":"https:\/\/aeolusdigital.com\/fr\/#\/schema\/logo\/image\/","url":"https:\/\/aeolusdigital.com\/wp-content\/uploads\/2022\/01\/Logo-Dark-WhiteBG.png","contentUrl":"https:\/\/aeolusdigital.com\/wp-content\/uploads\/2022\/01\/Logo-Dark-WhiteBG.png","width":1080,"height":1080,"caption":"Aeolus Digital Inc."},"image":{"@id":"https:\/\/aeolusdigital.com\/fr\/#\/schema\/logo\/image\/"},"sameAs":["https:\/\/www.facebook.com\/aeolusdigital\/","https:\/\/www.linkedin.com\/company\/\u00e6olus-digital\/","https:\/\/www.instagram.com\/aeolusdigital\/","https:\/\/www.tiktok.com\/@aeolusdigital"]}]}},"_links":{"self":[{"href":"https:\/\/aeolusdigital.com\/fr\/wp-json\/wp\/v2\/pages\/2095"}],"collection":[{"href":"https:\/\/aeolusdigital.com\/fr\/wp-json\/wp\/v2\/pages"}],"about":[{"href":"https:\/\/aeolusdigital.com\/fr\/wp-json\/wp\/v2\/types\/page"}],"author":[{"embeddable":true,"href":"https:\/\/aeolusdigital.com\/fr\/wp-json\/wp\/v2\/users\/1"}],"replies":[{"embeddable":true,"href":"https:\/\/aeolusdigital.com\/fr\/wp-json\/wp\/v2\/comments?post=2095"}],"version-history":[{"count":7,"href":"https:\/\/aeolusdigital.com\/fr\/wp-json\/wp\/v2\/pages\/2095\/revisions"}],"predecessor-version":[{"id":2423,"href":"https:\/\/aeolusdigital.com\/fr\/wp-json\/wp\/v2\/pages\/2095\/revisions\/2423"}],"wp:attachment":[{"href":"https:\/\/aeolusdigital.com\/fr\/wp-json\/wp\/v2\/media?parent=2095"}],"curies":[{"name":"wp","href":"https:\/\/api.w.org\/{rel}","templated":true}]}}